{"id":712,"date":"2025-08-07T09:30:11","date_gmt":"2025-08-07T07:30:11","guid":{"rendered":"https:\/\/lesarcanesdelattelage.fr\/?page_id=712"},"modified":"2025-08-07T19:49:02","modified_gmt":"2025-08-07T17:49:02","slug":"championnat-regional-doccitanie-a-cantoin-aout-2025","status":"publish","type":"page","link":"https:\/\/lesarcanesdelattelage.fr\/index.php\/championnat-regional-doccitanie-a-cantoin-aout-2025\/","title":{"rendered":"Championnat R\u00e9gional d&rsquo;Occitanie \u00e0 Cantoin ao\u00fbt 2025"},"content":{"rendered":"<div class=\"wp-block-image\">\n<figure class=\"aligncenter size-full\"><img loading=\"lazy\" decoding=\"async\" width=\"787\" height=\"893\" src=\"https:\/\/lesarcanesdelattelage.fr\/wp-content\/uploads\/2025\/08\/cartecantoin.png\" alt=\"\" class=\"wp-image-713\" srcset=\"https:\/\/lesarcanesdelattelage.fr\/wp-content\/uploads\/2025\/08\/cartecantoin.png 787w, https:\/\/lesarcanesdelattelage.fr\/wp-content\/uploads\/2025\/08\/cartecantoin-264x300.png 264w, https:\/\/lesarcanesdelattelage.fr\/wp-content\/uploads\/2025\/08\/cartecantoin-768x871.png 768w\" sizes=\"auto, (max-width: 787px) 100vw, 787px\" \/><\/figure>\n<\/div>\n\n\n<p class=\"has-text-align-center\">20 km, beau temps, beau parcours sans aucune difficult\u00e9.<\/p>\n\n\n<div class=\"wp-block-image\">\n<figure class=\"aligncenter size-full is-resized\"><img loading=\"lazy\" decoding=\"async\" width=\"800\" height=\"752\" src=\"https:\/\/lesarcanesdelattelage.fr\/wp-content\/uploads\/2025\/08\/celine1.png\" alt=\"\" class=\"wp-image-718\" style=\"width:825px;height:auto\" srcset=\"https:\/\/lesarcanesdelattelage.fr\/wp-content\/uploads\/2025\/08\/celine1.png 800w, https:\/\/lesarcanesdelattelage.fr\/wp-content\/uploads\/2025\/08\/celine1-300x282.png 300w, https:\/\/lesarcanesdelattelage.fr\/wp-content\/uploads\/2025\/08\/celine1-768x722.png 768w\" sizes=\"auto, (max-width: 800px) 100vw, 800px\" \/><\/figure>\n<\/div>\n\n\n<p class=\"has-text-align-center\">Club Poney Paire : 1\u00e8re C\u00e9line Chevalier et Herv\u00e9<\/p>\n\n\n<div class=\"wp-block-image\">\n<figure class=\"aligncenter size-full\"><img loading=\"lazy\" decoding=\"async\" width=\"800\" height=\"532\" src=\"https:\/\/lesarcanesdelattelage.fr\/wp-content\/uploads\/2025\/08\/celine2.png\" alt=\"\" class=\"wp-image-719\" srcset=\"https:\/\/lesarcanesdelattelage.fr\/wp-content\/uploads\/2025\/08\/celine2.png 800w, https:\/\/lesarcanesdelattelage.fr\/wp-content\/uploads\/2025\/08\/celine2-300x200.png 300w, https:\/\/lesarcanesdelattelage.fr\/wp-content\/uploads\/2025\/08\/celine2-768x511.png 768w\" sizes=\"auto, (max-width: 800px) 100vw, 800px\" \/><\/figure>\n<\/div>\n\n\n<p class=\"has-text-align-center\">&#8212;&#8212;&#8212;-<\/p>\n\n\n<div class=\"wp-block-image\">\n<figure class=\"aligncenter size-full\"><img loading=\"lazy\" decoding=\"async\" width=\"800\" height=\"532\" src=\"https:\/\/lesarcanesdelattelage.fr\/wp-content\/uploads\/2025\/08\/julie1.png\" alt=\"\" class=\"wp-image-720\" srcset=\"https:\/\/lesarcanesdelattelage.fr\/wp-content\/uploads\/2025\/08\/julie1.png 800w, https:\/\/lesarcanesdelattelage.fr\/wp-content\/uploads\/2025\/08\/julie1-300x200.png 300w, https:\/\/lesarcanesdelattelage.fr\/wp-content\/uploads\/2025\/08\/julie1-768x511.png 768w\" sizes=\"auto, (max-width: 800px) 100vw, 800px\" \/><\/figure>\n<\/div>\n\n\n<p class=\"has-text-align-center\">Club Poney Paire : 2\u00e8me Julie Benavent et Tha\u00efs<\/p>\n\n\n<div class=\"wp-block-image\">\n<figure class=\"aligncenter size-full\"><img loading=\"lazy\" decoding=\"async\" width=\"800\" height=\"532\" src=\"https:\/\/lesarcanesdelattelage.fr\/wp-content\/uploads\/2025\/08\/julie2.png\" alt=\"\" class=\"wp-image-721\" srcset=\"https:\/\/lesarcanesdelattelage.fr\/wp-content\/uploads\/2025\/08\/julie2.png 800w, https:\/\/lesarcanesdelattelage.fr\/wp-content\/uploads\/2025\/08\/julie2-300x200.png 300w, https:\/\/lesarcanesdelattelage.fr\/wp-content\/uploads\/2025\/08\/julie2-768x511.png 768w\" sizes=\"auto, (max-width: 800px) 100vw, 800px\" \/><\/figure>\n<\/div>\n\n\n<p class=\"has-text-align-center\">&#8212;&#8212;&#8212;-<\/p>\n\n\n<div class=\"wp-block-image\">\n<figure class=\"aligncenter size-full\"><img loading=\"lazy\" decoding=\"async\" width=\"800\" height=\"532\" src=\"https:\/\/lesarcanesdelattelage.fr\/wp-content\/uploads\/2025\/08\/thais1.png\" alt=\"\" class=\"wp-image-724\" srcset=\"https:\/\/lesarcanesdelattelage.fr\/wp-content\/uploads\/2025\/08\/thais1.png 800w, https:\/\/lesarcanesdelattelage.fr\/wp-content\/uploads\/2025\/08\/thais1-300x200.png 300w, https:\/\/lesarcanesdelattelage.fr\/wp-content\/uploads\/2025\/08\/thais1-768x511.png 768w\" sizes=\"auto, (max-width: 800px) 100vw, 800px\" \/><\/figure>\n<\/div>\n\n\n<p class=\"has-text-align-center\">Club Poney Paire : 3\u00e8me Tha\u00efs Guiraud et Julie<\/p>\n\n\n<div class=\"wp-block-image\">\n<figure class=\"aligncenter size-full\"><img loading=\"lazy\" decoding=\"async\" width=\"800\" height=\"532\" src=\"https:\/\/lesarcanesdelattelage.fr\/wp-content\/uploads\/2025\/08\/thais2.png\" alt=\"\" class=\"wp-image-726\" srcset=\"https:\/\/lesarcanesdelattelage.fr\/wp-content\/uploads\/2025\/08\/thais2.png 800w, https:\/\/lesarcanesdelattelage.fr\/wp-content\/uploads\/2025\/08\/thais2-300x200.png 300w, https:\/\/lesarcanesdelattelage.fr\/wp-content\/uploads\/2025\/08\/thais2-768x511.png 768w\" sizes=\"auto, (max-width: 800px) 100vw, 800px\" \/><\/figure>\n<\/div>\n\n\n<p class=\"has-text-align-center\">&#8212;&#8212;&#8212;-<\/p>\n\n\n<div class=\"wp-block-image\">\n<figure class=\"aligncenter size-full\"><img loading=\"lazy\" decoding=\"async\" width=\"800\" height=\"532\" src=\"https:\/\/lesarcanesdelattelage.fr\/wp-content\/uploads\/2025\/08\/delphine1.png\" alt=\"\" class=\"wp-image-728\" srcset=\"https:\/\/lesarcanesdelattelage.fr\/wp-content\/uploads\/2025\/08\/delphine1.png 800w, https:\/\/lesarcanesdelattelage.fr\/wp-content\/uploads\/2025\/08\/delphine1-300x200.png 300w, https:\/\/lesarcanesdelattelage.fr\/wp-content\/uploads\/2025\/08\/delphine1-768x511.png 768w\" sizes=\"auto, (max-width: 800px) 100vw, 800px\" \/><\/figure>\n<\/div>\n\n\n<p class=\"has-text-align-center\">Club Poney Solo Elite : 1\u00e8re Delphine Boubert et Mathilde \u00e9quipi\u00e8re internationale<\/p>\n\n\n<div class=\"wp-block-image\">\n<figure class=\"aligncenter size-full\"><img loading=\"lazy\" decoding=\"async\" width=\"800\" height=\"594\" src=\"https:\/\/lesarcanesdelattelage.fr\/wp-content\/uploads\/2025\/08\/delphine2.png\" alt=\"\" class=\"wp-image-729\" srcset=\"https:\/\/lesarcanesdelattelage.fr\/wp-content\/uploads\/2025\/08\/delphine2.png 800w, https:\/\/lesarcanesdelattelage.fr\/wp-content\/uploads\/2025\/08\/delphine2-300x223.png 300w, https:\/\/lesarcanesdelattelage.fr\/wp-content\/uploads\/2025\/08\/delphine2-768x570.png 768w\" sizes=\"auto, (max-width: 800px) 100vw, 800px\" \/><\/figure>\n<\/div>\n\n\n<p class=\"has-text-align-center\">&#8212;&#8212;&#8212;-<\/p>\n\n\n<div class=\"wp-block-image\">\n<figure class=\"aligncenter size-full\"><img loading=\"lazy\" decoding=\"async\" width=\"800\" height=\"532\" src=\"https:\/\/lesarcanesdelattelage.fr\/wp-content\/uploads\/2025\/08\/christine1.png\" alt=\"\" class=\"wp-image-731\" srcset=\"https:\/\/lesarcanesdelattelage.fr\/wp-content\/uploads\/2025\/08\/christine1.png 800w, https:\/\/lesarcanesdelattelage.fr\/wp-content\/uploads\/2025\/08\/christine1-300x200.png 300w, https:\/\/lesarcanesdelattelage.fr\/wp-content\/uploads\/2025\/08\/christine1-768x511.png 768w\" sizes=\"auto, (max-width: 800px) 100vw, 800px\" \/><\/figure>\n<\/div>\n\n\n<p class=\"has-text-align-center\">Club Trait Paire Elite : 1\u00e8re Christine Carrie et Jean Claude<\/p>\n\n\n<div class=\"wp-block-image\">\n<figure class=\"aligncenter size-full\"><img loading=\"lazy\" decoding=\"async\" width=\"800\" height=\"532\" src=\"https:\/\/lesarcanesdelattelage.fr\/wp-content\/uploads\/2025\/08\/christine2.png\" alt=\"\" class=\"wp-image-732\" srcset=\"https:\/\/lesarcanesdelattelage.fr\/wp-content\/uploads\/2025\/08\/christine2.png 800w, https:\/\/lesarcanesdelattelage.fr\/wp-content\/uploads\/2025\/08\/christine2-300x200.png 300w, https:\/\/lesarcanesdelattelage.fr\/wp-content\/uploads\/2025\/08\/christine2-768x511.png 768w\" sizes=\"auto, (max-width: 800px) 100vw, 800px\" \/><\/figure>\n<\/div>\n\n\n<p class=\"has-text-align-center\">&#8212;&#8212;&#8212;-<\/p>\n\n\n<div class=\"wp-block-image\">\n<figure class=\"aligncenter size-full\"><img loading=\"lazy\" decoding=\"async\" width=\"800\" height=\"532\" src=\"https:\/\/lesarcanesdelattelage.fr\/wp-content\/uploads\/2025\/08\/jeanpierre1.png\" alt=\"\" class=\"wp-image-734\" srcset=\"https:\/\/lesarcanesdelattelage.fr\/wp-content\/uploads\/2025\/08\/jeanpierre1.png 800w, https:\/\/lesarcanesdelattelage.fr\/wp-content\/uploads\/2025\/08\/jeanpierre1-300x200.png 300w, https:\/\/lesarcanesdelattelage.fr\/wp-content\/uploads\/2025\/08\/jeanpierre1-768x511.png 768w\" sizes=\"auto, (max-width: 800px) 100vw, 800px\" \/><\/figure>\n<\/div>\n\n\n<p class=\"has-text-align-center\">Club Trait Paire Elite : 2\u00e8me Jean Pierre Garric et Jean Claude<\/p>\n\n\n<div class=\"wp-block-image\">\n<figure class=\"aligncenter size-full\"><img loading=\"lazy\" decoding=\"async\" width=\"800\" height=\"532\" src=\"https:\/\/lesarcanesdelattelage.fr\/wp-content\/uploads\/2025\/08\/jeanpierre2.png\" alt=\"\" class=\"wp-image-735\" srcset=\"https:\/\/lesarcanesdelattelage.fr\/wp-content\/uploads\/2025\/08\/jeanpierre2.png 800w, https:\/\/lesarcanesdelattelage.fr\/wp-content\/uploads\/2025\/08\/jeanpierre2-300x200.png 300w, https:\/\/lesarcanesdelattelage.fr\/wp-content\/uploads\/2025\/08\/jeanpierre2-768x511.png 768w\" sizes=\"auto, (max-width: 800px) 100vw, 800px\" \/><\/figure>\n<\/div>\n\n\n<p class=\"has-text-align-center\">&#8212;&#8212;&#8212;-<\/p>\n\n\n<div class=\"wp-block-image\">\n<figure class=\"aligncenter size-full\"><img loading=\"lazy\" decoding=\"async\" width=\"800\" height=\"532\" src=\"https:\/\/lesarcanesdelattelage.fr\/wp-content\/uploads\/2025\/08\/marieclaire1.png\" alt=\"\" class=\"wp-image-737\" srcset=\"https:\/\/lesarcanesdelattelage.fr\/wp-content\/uploads\/2025\/08\/marieclaire1.png 800w, https:\/\/lesarcanesdelattelage.fr\/wp-content\/uploads\/2025\/08\/marieclaire1-300x200.png 300w, https:\/\/lesarcanesdelattelage.fr\/wp-content\/uploads\/2025\/08\/marieclaire1-768x511.png 768w\" sizes=\"auto, (max-width: 800px) 100vw, 800px\" \/><\/figure>\n<\/div>\n\n\n<p class=\"has-text-align-center\">Club Trait Solo Elite : 1\u00e8re Marie Claire Affret et Bernard<\/p>\n\n\n<div class=\"wp-block-image\">\n<figure class=\"aligncenter size-full\"><img loading=\"lazy\" decoding=\"async\" width=\"800\" height=\"532\" src=\"https:\/\/lesarcanesdelattelage.fr\/wp-content\/uploads\/2025\/08\/marieclaire2.png\" alt=\"\" class=\"wp-image-738\" srcset=\"https:\/\/lesarcanesdelattelage.fr\/wp-content\/uploads\/2025\/08\/marieclaire2.png 800w, https:\/\/lesarcanesdelattelage.fr\/wp-content\/uploads\/2025\/08\/marieclaire2-300x200.png 300w, https:\/\/lesarcanesdelattelage.fr\/wp-content\/uploads\/2025\/08\/marieclaire2-768x511.png 768w\" sizes=\"auto, (max-width: 800px) 100vw, 800px\" \/><\/figure>\n<\/div>\n\n\n<p class=\"has-text-align-center\">&#8212;&#8212;&#8212;-<\/p>\n\n\n<div class=\"wp-block-image\">\n<figure class=\"aligncenter size-full\"><img loading=\"lazy\" decoding=\"async\" width=\"800\" height=\"532\" src=\"https:\/\/lesarcanesdelattelage.fr\/wp-content\/uploads\/2025\/08\/nicolas1.png\" alt=\"\" class=\"wp-image-740\" srcset=\"https:\/\/lesarcanesdelattelage.fr\/wp-content\/uploads\/2025\/08\/nicolas1.png 800w, https:\/\/lesarcanesdelattelage.fr\/wp-content\/uploads\/2025\/08\/nicolas1-300x200.png 300w, https:\/\/lesarcanesdelattelage.fr\/wp-content\/uploads\/2025\/08\/nicolas1-768x511.png 768w\" sizes=\"auto, (max-width: 800px) 100vw, 800px\" \/><\/figure>\n<\/div>\n\n\n<p class=\"has-text-align-center\">Club Cheval Paire Elite Grand Prix : 1er Nicolas Perrain et Thierry<\/p>\n\n\n<div class=\"wp-block-image\">\n<figure class=\"aligncenter size-full\"><img loading=\"lazy\" decoding=\"async\" width=\"800\" height=\"532\" src=\"https:\/\/lesarcanesdelattelage.fr\/wp-content\/uploads\/2025\/08\/nicolas2.png\" alt=\"\" class=\"wp-image-741\" srcset=\"https:\/\/lesarcanesdelattelage.fr\/wp-content\/uploads\/2025\/08\/nicolas2.png 800w, https:\/\/lesarcanesdelattelage.fr\/wp-content\/uploads\/2025\/08\/nicolas2-300x200.png 300w, https:\/\/lesarcanesdelattelage.fr\/wp-content\/uploads\/2025\/08\/nicolas2-768x511.png 768w\" sizes=\"auto, (max-width: 800px) 100vw, 800px\" \/><\/figure>\n<\/div>\n\n\n<p class=\"has-text-align-center\">&#8212;&#8212;&#8212;-<\/p>\n\n\n<div class=\"wp-block-image\">\n<figure class=\"aligncenter size-full\"><img loading=\"lazy\" decoding=\"async\" width=\"800\" height=\"532\" src=\"https:\/\/lesarcanesdelattelage.fr\/wp-content\/uploads\/2025\/08\/serge1.png\" alt=\"\" class=\"wp-image-742\" srcset=\"https:\/\/lesarcanesdelattelage.fr\/wp-content\/uploads\/2025\/08\/serge1.png 800w, https:\/\/lesarcanesdelattelage.fr\/wp-content\/uploads\/2025\/08\/serge1-300x200.png 300w, https:\/\/lesarcanesdelattelage.fr\/wp-content\/uploads\/2025\/08\/serge1-768x511.png 768w\" sizes=\"auto, (max-width: 800px) 100vw, 800px\" \/><\/figure>\n<\/div>\n\n\n<p class=\"has-text-align-center\">Club Cheval Paire Elite Grand Prix : petite boiterie \u00e0 la sortie d&rsquo;un virage le premier jour<\/p>\n\n\n<div class=\"wp-block-image\">\n<figure class=\"aligncenter size-full\"><img loading=\"lazy\" decoding=\"async\" width=\"800\" height=\"532\" src=\"https:\/\/lesarcanesdelattelage.fr\/wp-content\/uploads\/2025\/08\/serge2.png\" alt=\"\" class=\"wp-image-743\" srcset=\"https:\/\/lesarcanesdelattelage.fr\/wp-content\/uploads\/2025\/08\/serge2.png 800w, https:\/\/lesarcanesdelattelage.fr\/wp-content\/uploads\/2025\/08\/serge2-300x200.png 300w, https:\/\/lesarcanesdelattelage.fr\/wp-content\/uploads\/2025\/08\/serge2-768x511.png 768w\" sizes=\"auto, (max-width: 800px) 100vw, 800px\" \/><\/figure>\n<\/div>\n\n\n<p class=\"has-text-align-center\">&#8212;&#8212;&#8212;-<\/p>\n\n\n<div class=\"wp-block-image\">\n<figure class=\"aligncenter size-full\"><img loading=\"lazy\" decoding=\"async\" width=\"800\" height=\"532\" src=\"https:\/\/lesarcanesdelattelage.fr\/wp-content\/uploads\/2025\/08\/rene1.png\" alt=\"\" class=\"wp-image-744\" srcset=\"https:\/\/lesarcanesdelattelage.fr\/wp-content\/uploads\/2025\/08\/rene1.png 800w, https:\/\/lesarcanesdelattelage.fr\/wp-content\/uploads\/2025\/08\/rene1-300x200.png 300w, https:\/\/lesarcanesdelattelage.fr\/wp-content\/uploads\/2025\/08\/rene1-768x511.png 768w\" sizes=\"auto, (max-width: 800px) 100vw, 800px\" \/><\/figure>\n<\/div>\n\n\n<p class=\"has-text-align-center\">Club Cheval Paire Elite : 1er Ren\u00e9 Munoz et Thierry<\/p>\n\n\n<div class=\"wp-block-image\">\n<figure class=\"aligncenter size-full\"><img loading=\"lazy\" decoding=\"async\" width=\"800\" height=\"532\" src=\"https:\/\/lesarcanesdelattelage.fr\/wp-content\/uploads\/2025\/08\/rene2.png\" alt=\"\" class=\"wp-image-745\" srcset=\"https:\/\/lesarcanesdelattelage.fr\/wp-content\/uploads\/2025\/08\/rene2.png 800w, https:\/\/lesarcanesdelattelage.fr\/wp-content\/uploads\/2025\/08\/rene2-300x200.png 300w, https:\/\/lesarcanesdelattelage.fr\/wp-content\/uploads\/2025\/08\/rene2-768x511.png 768w\" sizes=\"auto, (max-width: 800px) 100vw, 800px\" \/><\/figure>\n<\/div>\n\n\n<p class=\"has-text-align-center\">&#8212;&#8212;&#8212;-<\/p>\n\n\n<div class=\"wp-block-image\">\n<figure class=\"aligncenter size-full\"><img loading=\"lazy\" decoding=\"async\" width=\"800\" height=\"532\" src=\"https:\/\/lesarcanesdelattelage.fr\/wp-content\/uploads\/2025\/08\/andre1.png\" alt=\"\" class=\"wp-image-747\" srcset=\"https:\/\/lesarcanesdelattelage.fr\/wp-content\/uploads\/2025\/08\/andre1.png 800w, https:\/\/lesarcanesdelattelage.fr\/wp-content\/uploads\/2025\/08\/andre1-300x200.png 300w, https:\/\/lesarcanesdelattelage.fr\/wp-content\/uploads\/2025\/08\/andre1-768x511.png 768w\" sizes=\"auto, (max-width: 800px) 100vw, 800px\" \/><\/figure>\n<\/div>\n\n\n<p class=\"has-text-align-center\">Club Trait Team Elite : 1er Andr\u00e9 Abadia, Cathy et Alain<\/p>\n\n\n<div class=\"wp-block-image\">\n<figure class=\"aligncenter size-full\"><img loading=\"lazy\" decoding=\"async\" width=\"800\" height=\"532\" src=\"https:\/\/lesarcanesdelattelage.fr\/wp-content\/uploads\/2025\/08\/andre2.png\" alt=\"\" class=\"wp-image-748\" srcset=\"https:\/\/lesarcanesdelattelage.fr\/wp-content\/uploads\/2025\/08\/andre2.png 800w, https:\/\/lesarcanesdelattelage.fr\/wp-content\/uploads\/2025\/08\/andre2-300x200.png 300w, https:\/\/lesarcanesdelattelage.fr\/wp-content\/uploads\/2025\/08\/andre2-768x511.png 768w\" sizes=\"auto, (max-width: 800px) 100vw, 800px\" \/><\/figure>\n<\/div>\n\n\n<p class=\"has-text-align-center\">Cette fois, avec Alain et Cathy, nous avons choisi de cibler une vitesse minimale au b\u00e9n\u00e9fice de la fr\u00e9quence cardiaque,                 r\u00e9sultats > <strong>vol\u00e9e <\/strong>: J1 Boy d\u00e9part 36 arriv\u00e9e 38 \/ J2 Boy d\u00e9part 36 arriv\u00e9e 42 &#8211; J1 Estelle d\u00e9part 40 arriv\u00e9e 48 \/ J2 Estelle d\u00e9part 36 arriv\u00e9e 48 \/\/ <strong>Timoniers <\/strong>: J1 Vals d\u00e9part 36 arriv\u00e9e 40 \/ J2 Vals d\u00e9part 38 arriv\u00e9e 39 &#8211; J1 Finca d\u00e9part 42 arriv\u00e9e 48 \/ J2 Finca d\u00e9part 36 arriv\u00e9e 48.<\/p>\n\n\n\n<figure class=\"wp-block-embed is-type-video is-provider-youtube wp-block-embed-youtube wp-embed-aspect-16-9 wp-has-aspect-ratio\"><div class=\"wp-block-embed__wrapper\">\n<iframe loading=\"lazy\" title=\"Cantoin020308\" width=\"960\" height=\"540\" src=\"https:\/\/www.youtube.com\/embed\/Wa9rpvbEXms?feature=oembed\" frameborder=\"0\" allow=\"accelerometer; autoplay; clipboard-write; encrypted-media; gyroscope; picture-in-picture; web-share\" referrerpolicy=\"strict-origin-when-cross-origin\" allowfullscreen><\/iframe>\n<\/div><\/figure>\n\n\n\n<p class=\"has-text-align-center\"><strong>Remise des Prix<\/strong><\/p>\n\n\n<div class=\"wp-block-image\">\n<figure class=\"aligncenter size-full\"><img loading=\"lazy\" decoding=\"async\" width=\"800\" height=\"532\" src=\"https:\/\/lesarcanesdelattelage.fr\/wp-content\/uploads\/2025\/08\/rmchristine.png\" alt=\"\" class=\"wp-image-750\" srcset=\"https:\/\/lesarcanesdelattelage.fr\/wp-content\/uploads\/2025\/08\/rmchristine.png 800w, https:\/\/lesarcanesdelattelage.fr\/wp-content\/uploads\/2025\/08\/rmchristine-300x200.png 300w, https:\/\/lesarcanesdelattelage.fr\/wp-content\/uploads\/2025\/08\/rmchristine-768x511.png 768w\" sizes=\"auto, (max-width: 800px) 100vw, 800px\" \/><\/figure>\n<\/div>\n\n\n<p class=\"has-text-align-center\">Christine et Jean Claude<\/p>\n\n\n<div class=\"wp-block-image\">\n<figure class=\"aligncenter size-full\"><img loading=\"lazy\" decoding=\"async\" width=\"800\" height=\"532\" src=\"https:\/\/lesarcanesdelattelage.fr\/wp-content\/uploads\/2025\/08\/rmdelphine.png\" alt=\"\" class=\"wp-image-751\" srcset=\"https:\/\/lesarcanesdelattelage.fr\/wp-content\/uploads\/2025\/08\/rmdelphine.png 800w, https:\/\/lesarcanesdelattelage.fr\/wp-content\/uploads\/2025\/08\/rmdelphine-300x200.png 300w, https:\/\/lesarcanesdelattelage.fr\/wp-content\/uploads\/2025\/08\/rmdelphine-768x511.png 768w\" sizes=\"auto, (max-width: 800px) 100vw, 800px\" \/><\/figure>\n<\/div>\n\n\n<p class=\"has-text-align-center\">Mathilde et Delphine<\/p>\n\n\n<div class=\"wp-block-image\">\n<figure class=\"aligncenter size-full\"><img loading=\"lazy\" decoding=\"async\" width=\"800\" height=\"532\" src=\"https:\/\/lesarcanesdelattelage.fr\/wp-content\/uploads\/2025\/08\/rmjeanpierre.png\" alt=\"\" class=\"wp-image-752\" srcset=\"https:\/\/lesarcanesdelattelage.fr\/wp-content\/uploads\/2025\/08\/rmjeanpierre.png 800w, https:\/\/lesarcanesdelattelage.fr\/wp-content\/uploads\/2025\/08\/rmjeanpierre-300x200.png 300w, https:\/\/lesarcanesdelattelage.fr\/wp-content\/uploads\/2025\/08\/rmjeanpierre-768x511.png 768w\" sizes=\"auto, (max-width: 800px) 100vw, 800px\" \/><\/figure>\n<\/div>\n\n\n<p class=\"has-text-align-center\">Jean Pierre et Jean Claude<\/p>\n\n\n<div class=\"wp-block-image\">\n<figure class=\"aligncenter size-full\"><img loading=\"lazy\" decoding=\"async\" width=\"800\" height=\"532\" src=\"https:\/\/lesarcanesdelattelage.fr\/wp-content\/uploads\/2025\/08\/rmjulie.png\" alt=\"\" class=\"wp-image-753\" srcset=\"https:\/\/lesarcanesdelattelage.fr\/wp-content\/uploads\/2025\/08\/rmjulie.png 800w, https:\/\/lesarcanesdelattelage.fr\/wp-content\/uploads\/2025\/08\/rmjulie-300x200.png 300w, https:\/\/lesarcanesdelattelage.fr\/wp-content\/uploads\/2025\/08\/rmjulie-768x511.png 768w\" sizes=\"auto, (max-width: 800px) 100vw, 800px\" \/><\/figure>\n<\/div>\n\n\n<p class=\"has-text-align-center\">Julie et Tha\u00efs<\/p>\n\n\n<div class=\"wp-block-image\">\n<figure class=\"aligncenter size-full\"><img loading=\"lazy\" decoding=\"async\" width=\"800\" height=\"532\" src=\"https:\/\/lesarcanesdelattelage.fr\/wp-content\/uploads\/2025\/08\/rmmarieclaire.png\" alt=\"\" class=\"wp-image-754\" srcset=\"https:\/\/lesarcanesdelattelage.fr\/wp-content\/uploads\/2025\/08\/rmmarieclaire.png 800w, https:\/\/lesarcanesdelattelage.fr\/wp-content\/uploads\/2025\/08\/rmmarieclaire-300x200.png 300w, https:\/\/lesarcanesdelattelage.fr\/wp-content\/uploads\/2025\/08\/rmmarieclaire-768x511.png 768w\" sizes=\"auto, (max-width: 800px) 100vw, 800px\" \/><\/figure>\n<\/div>\n\n\n<p class=\"has-text-align-center\">Marie Claire et Bernard<\/p>\n\n\n<div class=\"wp-block-image\">\n<figure class=\"aligncenter size-full\"><img loading=\"lazy\" decoding=\"async\" width=\"800\" height=\"532\" src=\"https:\/\/lesarcanesdelattelage.fr\/wp-content\/uploads\/2025\/08\/rmnous.png\" alt=\"\" class=\"wp-image-755\" srcset=\"https:\/\/lesarcanesdelattelage.fr\/wp-content\/uploads\/2025\/08\/rmnous.png 800w, https:\/\/lesarcanesdelattelage.fr\/wp-content\/uploads\/2025\/08\/rmnous-300x200.png 300w, https:\/\/lesarcanesdelattelage.fr\/wp-content\/uploads\/2025\/08\/rmnous-768x511.png 768w\" sizes=\"auto, (max-width: 800px) 100vw, 800px\" \/><\/figure>\n<\/div>\n\n\n<p class=\"has-text-align-center\">Andr\u00e9 Cathy et Alain<\/p>\n\n\n<div class=\"wp-block-image\">\n<figure class=\"aligncenter size-full\"><img loading=\"lazy\" decoding=\"async\" width=\"800\" height=\"532\" src=\"https:\/\/lesarcanesdelattelage.fr\/wp-content\/uploads\/2025\/08\/rmrene.png\" alt=\"\" class=\"wp-image-756\" srcset=\"https:\/\/lesarcanesdelattelage.fr\/wp-content\/uploads\/2025\/08\/rmrene.png 800w, https:\/\/lesarcanesdelattelage.fr\/wp-content\/uploads\/2025\/08\/rmrene-300x200.png 300w, https:\/\/lesarcanesdelattelage.fr\/wp-content\/uploads\/2025\/08\/rmrene-768x511.png 768w\" sizes=\"auto, (max-width: 800px) 100vw, 800px\" \/><\/figure>\n<\/div>\n\n\n<p class=\"has-text-align-center\">Ren\u00e9 et Thierry<\/p>\n\n\n<div class=\"wp-block-image\">\n<figure class=\"aligncenter size-full\"><img loading=\"lazy\" decoding=\"async\" width=\"800\" height=\"532\" src=\"https:\/\/lesarcanesdelattelage.fr\/wp-content\/uploads\/2025\/08\/rmthais.png\" alt=\"\" class=\"wp-image-757\" srcset=\"https:\/\/lesarcanesdelattelage.fr\/wp-content\/uploads\/2025\/08\/rmthais.png 800w, https:\/\/lesarcanesdelattelage.fr\/wp-content\/uploads\/2025\/08\/rmthais-300x200.png 300w, https:\/\/lesarcanesdelattelage.fr\/wp-content\/uploads\/2025\/08\/rmthais-768x511.png 768w\" sizes=\"auto, (max-width: 800px) 100vw, 800px\" \/><\/figure>\n<\/div>\n\n\n<p class=\"has-text-align-center\">Tha\u00efs et Julie<\/p>\n","protected":false},"excerpt":{"rendered":"<p>20 km, beau temps, beau parcours sans aucune difficult\u00e9. Club Poney Paire : 1\u00e8re C\u00e9line Chevalier et Herv\u00e9 &#8212;&#8212;&#8212;- Club Poney Paire : 2\u00e8me Julie Benavent et Tha\u00efs &#8212;&#8212;&#8212;- Club Poney Paire : 3\u00e8me Tha\u00efs Guiraud et Julie &#8212;&#8212;&#8212;- Club Poney Solo Elite : 1\u00e8re Delphine Boubert et Mathilde \u00e9quipi\u00e8re internationale &#8212;&#8212;&#8212;- Club Trait Paire Elite : 1\u00e8re Christine Carrie et Jean Claude &#8212;&#8212;&#8212;- Club Trait Paire Elite : 2\u00e8me Jean Pierre Garric et Jean Claude &#8212;&#8212;&#8212;- Club Trait Solo Elite : 1\u00e8re Marie Claire Affret et Bernard &#8212;&#8212;&#8212;- Club Cheval Paire Elite Grand Prix : 1er Nicolas Perrain et Thierry &#8212;&#8212;&#8212;- Club Cheval Paire Elite Grand Prix : petite boiterie \u00e0 la sortie d&rsquo;un virage le premier jour &#8212;&#8212;&#8212;- Club Cheval Paire Elite : 1er Ren\u00e9 Munoz et Thierry &#8212;&#8212;&#8212;- Club Trait Team Elite : 1er Andr\u00e9 Abadia, Cathy et Alain Cette fois, avec Alain et Cathy, nous avons choisi de cibler une vitesse minimale au b\u00e9n\u00e9fice de la fr\u00e9quence cardiaque, r\u00e9sultats > vol\u00e9e : J1 Boy d\u00e9part 36 arriv\u00e9e 38 \/ J2 Boy d\u00e9part 36 arriv\u00e9e 42 &#8211; J1 Estelle d\u00e9part 40 arriv\u00e9e 48 \/ J2 Estelle d\u00e9part 36 arriv\u00e9e 48 \/\/ Timoniers : J1 Vals d\u00e9part 36 arriv\u00e9e 40 \/ J2 Vals d\u00e9part 38 arriv\u00e9e 39 &#8211; J1 Finca d\u00e9part 42 arriv\u00e9e 48 \/ J2 Finca d\u00e9part 36 arriv\u00e9e 48. Remise des Prix Christine et Jean Claude Mathilde et Delphine Jean Pierre et Jean Claude Julie et Tha\u00efs Marie Claire et Bernard Andr\u00e9 Cathy et Alain Ren\u00e9 et Thierry Tha\u00efs et Julie<\/p>\n","protected":false},"author":1,"featured_media":0,"parent":0,"menu_order":0,"comment_status":"closed","ping_status":"closed","template":"","meta":{"footnotes":""},"class_list":["post-712","page","type-page","status-publish","hentry"],"_links":{"self":[{"href":"https:\/\/lesarcanesdelattelage.fr\/index.php\/wp-json\/wp\/v2\/pages\/712","targetHints":{"allow":["GET"]}}],"collection":[{"href":"https:\/\/lesarcanesdelattelage.fr\/index.php\/wp-json\/wp\/v2\/pages"}],"about":[{"href":"https:\/\/lesarcanesdelattelage.fr\/index.php\/wp-json\/wp\/v2\/types\/page"}],"author":[{"embeddable":true,"href":"https:\/\/lesarcanesdelattelage.fr\/index.php\/wp-json\/wp\/v2\/users\/1"}],"replies":[{"embeddable":true,"href":"https:\/\/lesarcanesdelattelage.fr\/index.php\/wp-json\/wp\/v2\/comments?post=712"}],"version-history":[{"count":15,"href":"https:\/\/lesarcanesdelattelage.fr\/index.php\/wp-json\/wp\/v2\/pages\/712\/revisions"}],"predecessor-version":[{"id":764,"href":"https:\/\/lesarcanesdelattelage.fr\/index.php\/wp-json\/wp\/v2\/pages\/712\/revisions\/764"}],"wp:attachment":[{"href":"https:\/\/lesarcanesdelattelage.fr\/index.php\/wp-json\/wp\/v2\/media?parent=712"}],"curies":[{"name":"wp","href":"https:\/\/api.w.org\/{rel}","templated":true}]}}