{"id":695,"date":"2025-07-28T10:51:23","date_gmt":"2025-07-28T08:51:23","guid":{"rendered":"https:\/\/lesarcanesdelattelage.fr\/?page_id=695"},"modified":"2025-07-28T11:20:16","modified_gmt":"2025-07-28T09:20:16","slug":"endurance-en-attelage-castelsagrat-9-juin-2025","status":"publish","type":"page","link":"https:\/\/lesarcanesdelattelage.fr\/index.php\/endurance-en-attelage-castelsagrat-9-juin-2025\/","title":{"rendered":"Endurance en attelage \u00e0 Castelsagrat 9 juin 2025"},"content":{"rendered":"\n<figure class=\"wp-block-image size-large\"><img loading=\"lazy\" decoding=\"async\" width=\"1024\" height=\"768\" src=\"https:\/\/lesarcanesdelattelage.fr\/wp-content\/uploads\/2025\/07\/P6090881-1024x768.jpg\" alt=\"\" class=\"wp-image-696\" srcset=\"https:\/\/lesarcanesdelattelage.fr\/wp-content\/uploads\/2025\/07\/P6090881-1024x768.jpg 1024w, https:\/\/lesarcanesdelattelage.fr\/wp-content\/uploads\/2025\/07\/P6090881-300x225.jpg 300w, https:\/\/lesarcanesdelattelage.fr\/wp-content\/uploads\/2025\/07\/P6090881-768x576.jpg 768w, https:\/\/lesarcanesdelattelage.fr\/wp-content\/uploads\/2025\/07\/P6090881-1536x1152.jpg 1536w, https:\/\/lesarcanesdelattelage.fr\/wp-content\/uploads\/2025\/07\/P6090881-2048x1536.jpg 2048w, https:\/\/lesarcanesdelattelage.fr\/wp-content\/uploads\/2025\/07\/P6090881-1140x855.jpg 1140w\" sizes=\"auto, (max-width: 1024px) 100vw, 1024px\" \/><\/figure>\n\n\n\n<p>Club poney solo : 1er Maurice Pau 90 ans ! 2\u00e8me Delphine Boubert et Alexandre, 3\u00e8me Maryline Marquis et Emilie.<\/p>\n\n\n\n<figure class=\"wp-block-image size-large\"><img loading=\"lazy\" decoding=\"async\" width=\"1024\" height=\"768\" src=\"https:\/\/lesarcanesdelattelage.fr\/wp-content\/uploads\/2025\/07\/P6090874-1024x768.jpg\" alt=\"\" class=\"wp-image-701\" srcset=\"https:\/\/lesarcanesdelattelage.fr\/wp-content\/uploads\/2025\/07\/P6090874-1024x768.jpg 1024w, https:\/\/lesarcanesdelattelage.fr\/wp-content\/uploads\/2025\/07\/P6090874-300x225.jpg 300w, https:\/\/lesarcanesdelattelage.fr\/wp-content\/uploads\/2025\/07\/P6090874-768x576.jpg 768w, https:\/\/lesarcanesdelattelage.fr\/wp-content\/uploads\/2025\/07\/P6090874-1536x1152.jpg 1536w, https:\/\/lesarcanesdelattelage.fr\/wp-content\/uploads\/2025\/07\/P6090874-2048x1536.jpg 2048w, https:\/\/lesarcanesdelattelage.fr\/wp-content\/uploads\/2025\/07\/P6090874-1140x855.jpg 1140w\" sizes=\"auto, (max-width: 1024px) 100vw, 1024px\" \/><\/figure>\n\n\n\n<figure class=\"wp-block-image size-large\"><img loading=\"lazy\" decoding=\"async\" width=\"1024\" height=\"768\" src=\"https:\/\/lesarcanesdelattelage.fr\/wp-content\/uploads\/2025\/07\/P6090901-1024x768.jpg\" alt=\"\" class=\"wp-image-702\" srcset=\"https:\/\/lesarcanesdelattelage.fr\/wp-content\/uploads\/2025\/07\/P6090901-1024x768.jpg 1024w, https:\/\/lesarcanesdelattelage.fr\/wp-content\/uploads\/2025\/07\/P6090901-300x225.jpg 300w, https:\/\/lesarcanesdelattelage.fr\/wp-content\/uploads\/2025\/07\/P6090901-768x576.jpg 768w, https:\/\/lesarcanesdelattelage.fr\/wp-content\/uploads\/2025\/07\/P6090901-1536x1152.jpg 1536w, https:\/\/lesarcanesdelattelage.fr\/wp-content\/uploads\/2025\/07\/P6090901-2048x1536.jpg 2048w, https:\/\/lesarcanesdelattelage.fr\/wp-content\/uploads\/2025\/07\/P6090901-1140x855.jpg 1140w\" sizes=\"auto, (max-width: 1024px) 100vw, 1024px\" \/><\/figure>\n\n\n\n<p>Club Sulky : 1\u00e8re Laurence Bras et Laurence Bertrand.<\/p>\n\n\n\n<figure class=\"wp-block-image size-large\"><img loading=\"lazy\" decoding=\"async\" width=\"1024\" height=\"768\" src=\"https:\/\/lesarcanesdelattelage.fr\/wp-content\/uploads\/2025\/07\/P6090905-1024x768.jpg\" alt=\"\" class=\"wp-image-704\" srcset=\"https:\/\/lesarcanesdelattelage.fr\/wp-content\/uploads\/2025\/07\/P6090905-1024x768.jpg 1024w, https:\/\/lesarcanesdelattelage.fr\/wp-content\/uploads\/2025\/07\/P6090905-300x225.jpg 300w, https:\/\/lesarcanesdelattelage.fr\/wp-content\/uploads\/2025\/07\/P6090905-768x576.jpg 768w, https:\/\/lesarcanesdelattelage.fr\/wp-content\/uploads\/2025\/07\/P6090905-1536x1152.jpg 1536w, https:\/\/lesarcanesdelattelage.fr\/wp-content\/uploads\/2025\/07\/P6090905-2048x1536.jpg 2048w, https:\/\/lesarcanesdelattelage.fr\/wp-content\/uploads\/2025\/07\/P6090905-1140x855.jpg 1140w\" sizes=\"auto, (max-width: 1024px) 100vw, 1024px\" \/><\/figure>\n\n\n\n<p>Club cheval solo \u00e9lite : 1er Patrice Laurent et Julie Charlotte, 2\u00e8me Stanislas Maynard et Marie, 3\u00e8me Kevin Dias et Sylvette.<\/p>\n\n\n\n<figure class=\"wp-block-image size-large\"><img loading=\"lazy\" decoding=\"async\" width=\"1024\" height=\"768\" src=\"https:\/\/lesarcanesdelattelage.fr\/wp-content\/uploads\/2025\/07\/P6090908-1024x768.jpg\" alt=\"\" class=\"wp-image-706\" srcset=\"https:\/\/lesarcanesdelattelage.fr\/wp-content\/uploads\/2025\/07\/P6090908-1024x768.jpg 1024w, https:\/\/lesarcanesdelattelage.fr\/wp-content\/uploads\/2025\/07\/P6090908-300x225.jpg 300w, https:\/\/lesarcanesdelattelage.fr\/wp-content\/uploads\/2025\/07\/P6090908-768x576.jpg 768w, https:\/\/lesarcanesdelattelage.fr\/wp-content\/uploads\/2025\/07\/P6090908-1536x1152.jpg 1536w, https:\/\/lesarcanesdelattelage.fr\/wp-content\/uploads\/2025\/07\/P6090908-2048x1536.jpg 2048w, https:\/\/lesarcanesdelattelage.fr\/wp-content\/uploads\/2025\/07\/P6090908-1140x855.jpg 1140w\" sizes=\"auto, (max-width: 1024px) 100vw, 1024px\" \/><\/figure>\n\n\n\n<figure class=\"wp-block-image size-large\"><img loading=\"lazy\" decoding=\"async\" width=\"768\" height=\"1024\" src=\"https:\/\/lesarcanesdelattelage.fr\/wp-content\/uploads\/2025\/07\/image00000012-768x1024.jpg\" alt=\"\" class=\"wp-image-707\" srcset=\"https:\/\/lesarcanesdelattelage.fr\/wp-content\/uploads\/2025\/07\/image00000012-768x1024.jpg 768w, https:\/\/lesarcanesdelattelage.fr\/wp-content\/uploads\/2025\/07\/image00000012-225x300.jpg 225w, https:\/\/lesarcanesdelattelage.fr\/wp-content\/uploads\/2025\/07\/image00000012-1152x1536.jpg 1152w, https:\/\/lesarcanesdelattelage.fr\/wp-content\/uploads\/2025\/07\/image00000012-1140x1520.jpg 1140w, https:\/\/lesarcanesdelattelage.fr\/wp-content\/uploads\/2025\/07\/image00000012.jpg 1200w\" sizes=\"auto, (max-width: 768px) 100vw, 768px\" \/><\/figure>\n\n\n\n<figure class=\"wp-block-image size-large\"><img loading=\"lazy\" decoding=\"async\" width=\"768\" height=\"1024\" src=\"https:\/\/lesarcanesdelattelage.fr\/wp-content\/uploads\/2025\/07\/image00000013-768x1024.jpg\" alt=\"\" class=\"wp-image-708\" srcset=\"https:\/\/lesarcanesdelattelage.fr\/wp-content\/uploads\/2025\/07\/image00000013-768x1024.jpg 768w, https:\/\/lesarcanesdelattelage.fr\/wp-content\/uploads\/2025\/07\/image00000013-225x300.jpg 225w, https:\/\/lesarcanesdelattelage.fr\/wp-content\/uploads\/2025\/07\/image00000013-1152x1536.jpg 1152w, https:\/\/lesarcanesdelattelage.fr\/wp-content\/uploads\/2025\/07\/image00000013-1140x1520.jpg 1140w, https:\/\/lesarcanesdelattelage.fr\/wp-content\/uploads\/2025\/07\/image00000013.jpg 1200w\" sizes=\"auto, (max-width: 768px) 100vw, 768px\" \/><\/figure>\n\n\n\n<p>Club trait paire : 1er Andr\u00e9 Abadia Mathilde et Cathy.<\/p>\n\n\n\n<figure class=\"wp-block-embed is-type-video is-provider-youtube wp-block-embed-youtube wp-embed-aspect-16-9 wp-has-aspect-ratio\"><div class=\"wp-block-embed__wrapper\">\n<iframe loading=\"lazy\" title=\"Castelsagrat9juin25\" width=\"960\" height=\"540\" src=\"https:\/\/www.youtube.com\/embed\/VuIjBXk4Vuw?feature=oembed\" frameborder=\"0\" allow=\"accelerometer; autoplay; clipboard-write; encrypted-media; gyroscope; picture-in-picture; web-share\" referrerpolicy=\"strict-origin-when-cross-origin\" allowfullscreen><\/iframe>\n<\/div><\/figure>\n","protected":false},"excerpt":{"rendered":"<p>Club poney solo : 1er Maurice Pau 90 ans ! 2\u00e8me Delphine Boubert et Alexandre, 3\u00e8me Maryline Marquis et Emilie. Club Sulky : 1\u00e8re Laurence Bras et Laurence Bertrand. Club cheval solo \u00e9lite : 1er Patrice Laurent et Julie Charlotte, 2\u00e8me Stanislas Maynard et Marie, 3\u00e8me Kevin Dias et Sylvette. Club trait paire : 1er Andr\u00e9 Abadia Mathilde et Cathy.<\/p>\n","protected":false},"author":1,"featured_media":0,"parent":0,"menu_order":0,"comment_status":"closed","ping_status":"closed","template":"","meta":{"footnotes":""},"class_list":["post-695","page","type-page","status-publish","hentry"],"_links":{"self":[{"href":"https:\/\/lesarcanesdelattelage.fr\/index.php\/wp-json\/wp\/v2\/pages\/695","targetHints":{"allow":["GET"]}}],"collection":[{"href":"https:\/\/lesarcanesdelattelage.fr\/index.php\/wp-json\/wp\/v2\/pages"}],"about":[{"href":"https:\/\/lesarcanesdelattelage.fr\/index.php\/wp-json\/wp\/v2\/types\/page"}],"author":[{"embeddable":true,"href":"https:\/\/lesarcanesdelattelage.fr\/index.php\/wp-json\/wp\/v2\/users\/1"}],"replies":[{"embeddable":true,"href":"https:\/\/lesarcanesdelattelage.fr\/index.php\/wp-json\/wp\/v2\/comments?post=695"}],"version-history":[{"count":6,"href":"https:\/\/lesarcanesdelattelage.fr\/index.php\/wp-json\/wp\/v2\/pages\/695\/revisions"}],"predecessor-version":[{"id":710,"href":"https:\/\/lesarcanesdelattelage.fr\/index.php\/wp-json\/wp\/v2\/pages\/695\/revisions\/710"}],"wp:attachment":[{"href":"https:\/\/lesarcanesdelattelage.fr\/index.php\/wp-json\/wp\/v2\/media?parent=695"}],"curies":[{"name":"wp","href":"https:\/\/api.w.org\/{rel}","templated":true}]}}