{"id":62,"date":"2023-09-14T17:13:10","date_gmt":"2023-09-14T15:13:10","guid":{"rendered":"https:\/\/lesarcanesdelattelage.fr\/?page_id=62"},"modified":"2023-09-27T08:42:55","modified_gmt":"2023-09-27T06:42:55","slug":"la-route-du-poisson-2022","status":"publish","type":"page","link":"https:\/\/lesarcanesdelattelage.fr\/index.php\/la-route-du-poisson-2022\/","title":{"rendered":"La route du Poisson septembre 2022"},"content":{"rendered":"\n<p class=\"has-text-align-center\">\u00ab\u00a0Imagin\u00e9e&nbsp;en 1991 pour contribuer \u00e0 la sauvegarde des races de&nbsp;chevaux de trait, la Route du Poisson s&rsquo;est impos\u00e9e jusqu&rsquo;en&nbsp;2012 comme \u00e9tant&nbsp;<strong>la plus grande course relais d&rsquo;attelage en&nbsp;<\/strong><strong>Europe<\/strong>.&nbsp;Chacune&nbsp;de ses \u00e9ditions a g\u00e9n\u00e9r\u00e9 une formidable&nbsp;aventure&nbsp;humaine.&nbsp;Aujourd&rsquo;hui,&nbsp;l&rsquo;association \u00e9ponyme cr\u00e9\u00e9e en 2020 souhaite&nbsp;faire rena\u00eetre cette Route, qui n&rsquo;a pas pu \u00eatre organis\u00e9e depuis&nbsp;2012 \u00e0 l&rsquo;occasion du trenti\u00e8me anniversaire de sa cr\u00e9ation.\u00a0\u00bb<\/p>\n\n\n\n<p class=\"has-text-align-right\"><em>Source : dossier de pr\u00e9sentation.<\/em><\/p>\n\n\n\n<p><\/p>\n\n\n\n<figure class=\"wp-block-image size-large\"><img loading=\"lazy\" decoding=\"async\" width=\"1024\" height=\"597\" src=\"https:\/\/lesarcanesdelattelage.fr\/wp-content\/uploads\/2023\/09\/320800348_828215651598991_9018008387052650411_n-1-1024x597.jpg\" alt=\"\" class=\"wp-image-435\" srcset=\"https:\/\/lesarcanesdelattelage.fr\/wp-content\/uploads\/2023\/09\/320800348_828215651598991_9018008387052650411_n-1-1024x597.jpg 1024w, https:\/\/lesarcanesdelattelage.fr\/wp-content\/uploads\/2023\/09\/320800348_828215651598991_9018008387052650411_n-1-300x175.jpg 300w, https:\/\/lesarcanesdelattelage.fr\/wp-content\/uploads\/2023\/09\/320800348_828215651598991_9018008387052650411_n-1-768x448.jpg 768w, https:\/\/lesarcanesdelattelage.fr\/wp-content\/uploads\/2023\/09\/320800348_828215651598991_9018008387052650411_n-1-1536x896.jpg 1536w, https:\/\/lesarcanesdelattelage.fr\/wp-content\/uploads\/2023\/09\/320800348_828215651598991_9018008387052650411_n-1-1140x665.jpg 1140w, https:\/\/lesarcanesdelattelage.fr\/wp-content\/uploads\/2023\/09\/320800348_828215651598991_9018008387052650411_n-1.jpg 1600w\" sizes=\"auto, (max-width: 1024px) 100vw, 1024px\" \/><\/figure>\n\n\n\n<figure class=\"wp-block-gallery has-nested-images columns-default is-cropped wp-block-gallery-1 is-layout-flex wp-block-gallery-is-layout-flex\">\n<figure class=\"wp-block-image size-large\"><img loading=\"lazy\" decoding=\"async\" width=\"1000\" height=\"669\" data-id=\"63\" src=\"https:\/\/lesarcanesdelattelage.fr\/wp-content\/uploads\/2023\/09\/article-la-semaine-a.jpg\" alt=\"\" class=\"wp-image-63\" srcset=\"https:\/\/lesarcanesdelattelage.fr\/wp-content\/uploads\/2023\/09\/article-la-semaine-a.jpg 1000w, https:\/\/lesarcanesdelattelage.fr\/wp-content\/uploads\/2023\/09\/article-la-semaine-a-300x201.jpg 300w, https:\/\/lesarcanesdelattelage.fr\/wp-content\/uploads\/2023\/09\/article-la-semaine-a-768x514.jpg 768w\" sizes=\"auto, (max-width: 1000px) 100vw, 1000px\" \/><\/figure>\n<\/figure>\n\n\n\n<p class=\"has-text-align-center\"><em>La Semaine des Pyr\u00e9n\u00e9es, jeudi 1er septembre.<\/em><\/p>\n\n\n\n<p><strong>Historique<\/strong><\/p>\n\n\n\n<p>\u00abSous l\u2019Ancien R\u00e9gime, le poisson \u00e9tait livr\u00e9 \u00e0 Paris par les \u00ab chasse mar\u00e9es \u00bb, les anciens mareyeurs<br>qui menaient le \u00ab ballon de mar\u00e9e \u00bb, solide voiture hippomobile attel\u00e9e \u00e0 des chevaux de trait<br>Boulonnais, remplie de poissons, en moins de 48 heures Ils s\u2019illustr\u00e8rent par cette performance<br>jusqu\u2019en 1848 date de l\u2019arriv\u00e9e du chemin de fer.<br>Le&nbsp;cheval de trait, compagnon de l\u2019Homme dans le d\u00e9veloppement agricole et industriel jusqu\u2019\u00e0 la fin<br>de la deuxi\u00e8me guerre mondiale, a progressivement disparu des campagnes et des villes, concurrenc\u00e9<br>par la traction automobile et le d\u00e9veloppement du machinisme<br>C\u2019est&nbsp;pour sauver cette race de trait qu\u2019est n\u00e9e la Route du Poisson qui tire aujourd\u2019hui sa force de<br>l\u2019Histoire, de ses enjeux et de son \u00e9norme succ\u00e8s populaire avec ses quelques&nbsp;<strong>400 000 spectateurs<\/strong><br>L\u2019organisation de manifestations identiques en France et en Europe d\u00e9montre son influence et<br>l\u2019int\u00e9r\u00eat de l\u2019objectif initial.<br>Sa&nbsp;renaissance est programm\u00e9e pour la fin de l\u2019\u00e9t\u00e9 2022 sous l\u2019impulsion d\u00e9termin\u00e9e des&nbsp;amoureux du cheval \u00bb<br>Thibaut MATHIEU,<br><em>Pr\u00e9sident de l\u2019Association LA ROUTE DU POISSON<\/em><\/p>\n\n\n\n<p><strong>La course d&rsquo;endurance<\/strong><\/p>\n\n\n\n<figure class=\"wp-block-embed is-type-video is-provider-youtube wp-block-embed-youtube wp-embed-aspect-16-9 wp-has-aspect-ratio\"><div class=\"wp-block-embed__wrapper\">\n<iframe loading=\"lazy\" title=\"routier \u00e0 4\" width=\"960\" height=\"540\" src=\"https:\/\/www.youtube.com\/embed\/yaVGdsl3KiM?feature=oembed\" frameborder=\"0\" allow=\"accelerometer; autoplay; clipboard-write; encrypted-media; gyroscope; picture-in-picture; web-share\" allowfullscreen><\/iframe>\n<\/div><\/figure>\n\n\n\n<p><\/p>\n\n\n\n<p>Cette \u00e9preuve de l\u00e9gende associe les neuf races Fran\u00e7aises de chevaux de trait :<\/p>\n\n\n\n<p>le&nbsp;Boulonnais, le Trait du Nord, le Cob Normand, l\u2019Ardennais, le&nbsp;Trait Breton, le Percheron, l\u2019Auxois, le Trait Poitevin et enfin le&nbsp;Comtois ainsi que les europ\u00e9ennes comme le Suffolk, le Clydesdale,&nbsp;le Shire, le Franches Montagnes, les Traits Allemands, le Braban\u00e7on&nbsp;ou encore l\u2019Ardennais Belge&nbsp;20&nbsp;\u00e9quipes de toute l\u2019Europe sont attendues, chacune compos\u00e9e de&nbsp;11 paires de chevaux et de 70 personnes&nbsp;<strong>Cela&nbsp;repr\u00e9sente environ 400 chevaux<\/strong>, auxquels s\u2019ajoutent une&nbsp;centaine de chevaux de confort destin\u00e9s aux attelages de voitures&nbsp;d\u2019invit\u00e9s, de partenaires, ou encore de m\u00e9dias.<\/p>\n\n\n\n<p><em>Source : dossier de pr\u00e9sentation<\/em><\/p>\n\n\n\n<p><strong>Le programme du 12 au 18 septembre 2022 :<\/strong><\/p>\n\n\n\n<p><strong>D\u00e9part :&nbsp;Boulogne\/Mer, premier port de p\u00eache fran\u00e7ais<\/strong><\/p>\n\n\n\n<p><strong>Arriv\u00e9e :&nbsp;<\/strong><strong>Paris 24 h plus tard&nbsp;<\/strong><\/p>\n\n\n\n<p>Si&nbsp;la course en elle m\u00eame se d\u00e9roule sur 24 h, elle est pr\u00e9c\u00e9d\u00e9e de&nbsp;cinq jours d\u2019animations<\/p>\n\n\n\n<p>Lundi :&nbsp;arriv\u00e9e des \u00e9quipes, contr\u00f4les v\u00e9t\u00e9rinaires, v\u00e9rification&nbsp;du mat\u00e9riel, rappels du r\u00e8glement<\/p>\n\n\n\n<p>Du&nbsp;mardi au jeudi d\u00e9fil\u00e9 des chevaux \u00e0 Boulogne\/Mer,&nbsp;\u00e9preuves sp\u00e9ciales<\/p>\n\n\n\n<p>Vendredi :&nbsp;\u00e9preuve de traction du flobart (bateau&nbsp;de p\u00eache&nbsp;traditionnel)<\/p>\n\n\n\n<p><strong>Samedi :&nbsp;d\u00e9part de la course<\/strong><\/p>\n\n\n\n<figure class=\"wp-block-embed is-type-video is-provider-youtube wp-block-embed-youtube wp-embed-aspect-16-9 wp-has-aspect-ratio\"><div class=\"wp-block-embed__wrapper\">\n<iframe loading=\"lazy\" title=\"routier en paire\" width=\"960\" height=\"540\" src=\"https:\/\/www.youtube.com\/embed\/5N0G4c9NSNM?feature=oembed\" frameborder=\"0\" allow=\"accelerometer; autoplay; clipboard-write; encrypted-media; gyroscope; picture-in-picture; web-share\" allowfullscreen><\/iframe>\n<\/div><\/figure>\n\n\n\n<p><\/p>\n\n\n\n<p><strong>Dimanche :&nbsp;Arriv\u00e9e des \u00e9quipages \u00e0 Paris, d\u00e9fil\u00e9 dans les rues&nbsp;de la capitale<\/strong><\/p>\n\n\n\n<p><em>Source : dossier de pr\u00e9sentation<\/em><\/p>\n\n\n\n<p>20&nbsp;\u00e9quipes de toute l\u2019Europe sont attendues, chacune compos\u00e9e de&nbsp;11 paires de chevaux et de 70 personnes.&nbsp;Cela&nbsp;repr\u00e9sente environ 400 chevaux.<\/p>\n\n\n\n<p><\/p>\n\n\n\n<p class=\"has-text-align-center\"><strong>La maniabilit\u00e9 \u00e9preuve sp\u00e9ciale pr\u00e9liminaire.<\/strong><\/p>\n\n\n\n<figure class=\"wp-block-image size-large\"><img loading=\"lazy\" decoding=\"async\" width=\"1024\" height=\"745\" src=\"https:\/\/lesarcanesdelattelage.fr\/wp-content\/uploads\/2023\/09\/320650281_677576040497989_5791927864429022578_n-1024x745.jpg\" alt=\"\" class=\"wp-image-423\" srcset=\"https:\/\/lesarcanesdelattelage.fr\/wp-content\/uploads\/2023\/09\/320650281_677576040497989_5791927864429022578_n-1024x745.jpg 1024w, https:\/\/lesarcanesdelattelage.fr\/wp-content\/uploads\/2023\/09\/320650281_677576040497989_5791927864429022578_n-300x218.jpg 300w, https:\/\/lesarcanesdelattelage.fr\/wp-content\/uploads\/2023\/09\/320650281_677576040497989_5791927864429022578_n-768x559.jpg 768w, https:\/\/lesarcanesdelattelage.fr\/wp-content\/uploads\/2023\/09\/320650281_677576040497989_5791927864429022578_n-1536x1117.jpg 1536w, https:\/\/lesarcanesdelattelage.fr\/wp-content\/uploads\/2023\/09\/320650281_677576040497989_5791927864429022578_n-1140x829.jpg 1140w, https:\/\/lesarcanesdelattelage.fr\/wp-content\/uploads\/2023\/09\/320650281_677576040497989_5791927864429022578_n.jpg 1600w\" sizes=\"auto, (max-width: 1024px) 100vw, 1024px\" \/><\/figure>\n\n\n\n<div class=\"wp-block-buttons is-content-justification-center is-layout-flex wp-container-core-buttons-is-layout-16018d1d wp-block-buttons-is-layout-flex\">\n<div class=\"wp-block-button\"><a class=\"wp-block-button__link has-text-align-center wp-element-button\" href=\"https:\/\/www.facebook.com\/photo\/?fbid=543654564444395&amp;set=pb.100063995687516.-2207520000\" target=\"_blank\" rel=\"noreferrer noopener\">En Route avec les Poitevins<\/a><\/div>\n<\/div>\n\n\n\n<p><\/p>\n\n\n\n<figure class=\"wp-block-embed is-type-video is-provider-youtube wp-block-embed-youtube wp-embed-aspect-16-9 wp-has-aspect-ratio\"><div class=\"wp-block-embed__wrapper\">\n<iframe loading=\"lazy\" title=\"Mania 2 RdP\" width=\"960\" height=\"540\" src=\"https:\/\/www.youtube.com\/embed\/3fAAtSYGnmg?feature=oembed\" frameborder=\"0\" allow=\"accelerometer; autoplay; clipboard-write; encrypted-media; gyroscope; picture-in-picture; web-share\" allowfullscreen><\/iframe>\n<\/div><\/figure>\n\n\n\n<p>Epreuve sp\u00e9ciale de maniabilit\u00e9 \u00e0 quatre chevaux.<\/p>\n","protected":false},"excerpt":{"rendered":"<p>\u00ab\u00a0Imagin\u00e9e&nbsp;en 1991 pour contribuer \u00e0 la sauvegarde des races de&nbsp;chevaux de trait, la Route du Poisson s&rsquo;est impos\u00e9e jusqu&rsquo;en&nbsp;2012 comme \u00e9tant&nbsp;la plus grande course relais d&rsquo;attelage en&nbsp;Europe.&nbsp;Chacune&nbsp;de ses \u00e9ditions a g\u00e9n\u00e9r\u00e9 une formidable&nbsp;aventure&nbsp;humaine.&nbsp;Aujourd&rsquo;hui,&nbsp;l&rsquo;association \u00e9ponyme cr\u00e9\u00e9e en 2020 souhaite&nbsp;faire rena\u00eetre cette Route, qui n&rsquo;a pas pu \u00eatre organis\u00e9e depuis&nbsp;2012 \u00e0 l&rsquo;occasion du trenti\u00e8me anniversaire de sa cr\u00e9ation.\u00a0\u00bb Source : dossier de pr\u00e9sentation. La Semaine des Pyr\u00e9n\u00e9es, jeudi 1er septembre. Historique \u00abSous l\u2019Ancien R\u00e9gime, le poisson \u00e9tait livr\u00e9 \u00e0 Paris par les \u00ab chasse mar\u00e9es \u00bb, les anciens mareyeursqui menaient le \u00ab ballon de mar\u00e9e \u00bb, solide voiture hippomobile attel\u00e9e \u00e0 des chevaux de traitBoulonnais, remplie de poissons, en moins de 48 heures Ils s\u2019illustr\u00e8rent par cette performancejusqu\u2019en 1848 date de l\u2019arriv\u00e9e du chemin de fer.Le&nbsp;cheval de trait, compagnon de l\u2019Homme dans le d\u00e9veloppement agricole et industriel jusqu\u2019\u00e0 la finde la deuxi\u00e8me guerre mondiale, a progressivement disparu des campagnes et des villes, concurrenc\u00e9par la traction automobile et le d\u00e9veloppement du machinismeC\u2019est&nbsp;pour sauver cette race de trait qu\u2019est n\u00e9e la Route du Poisson qui tire aujourd\u2019hui sa force del\u2019Histoire, de ses enjeux et de son \u00e9norme succ\u00e8s populaire avec ses quelques&nbsp;400 000 spectateursL\u2019organisation de manifestations identiques en France et en Europe d\u00e9montre son influence etl\u2019int\u00e9r\u00eat de l\u2019objectif initial.Sa&nbsp;renaissance est programm\u00e9e pour la fin de l\u2019\u00e9t\u00e9 2022 sous l\u2019impulsion d\u00e9termin\u00e9e des&nbsp;amoureux du cheval \u00bbThibaut MATHIEU,Pr\u00e9sident de l\u2019Association LA ROUTE DU POISSON La course d&rsquo;endurance Cette \u00e9preuve de l\u00e9gende associe les neuf races Fran\u00e7aises de chevaux de trait : le&nbsp;Boulonnais, le Trait du Nord, le Cob Normand, l\u2019Ardennais, le&nbsp;Trait Breton, le Percheron, l\u2019Auxois, le Trait Poitevin et enfin le&nbsp;Comtois ainsi que les europ\u00e9ennes comme le Suffolk, le Clydesdale,&nbsp;le Shire, le Franches Montagnes, les Traits Allemands, le Braban\u00e7on&nbsp;ou encore l\u2019Ardennais Belge&nbsp;20&nbsp;\u00e9quipes de toute l\u2019Europe sont attendues, chacune compos\u00e9e de&nbsp;11 paires de chevaux et de 70 personnes&nbsp;Cela&nbsp;repr\u00e9sente environ 400 chevaux, auxquels s\u2019ajoutent une&nbsp;centaine de chevaux de confort destin\u00e9s aux attelages de voitures&nbsp;d\u2019invit\u00e9s, de partenaires, ou encore de m\u00e9dias. Source : dossier de pr\u00e9sentation Le programme du 12 au 18 septembre 2022 : D\u00e9part :&nbsp;Boulogne\/Mer, premier port de p\u00eache fran\u00e7ais Arriv\u00e9e :&nbsp;Paris 24 h plus tard&nbsp; Si&nbsp;la course en elle m\u00eame se d\u00e9roule sur 24 h, elle est pr\u00e9c\u00e9d\u00e9e de&nbsp;cinq jours d\u2019animations Lundi :&nbsp;arriv\u00e9e des \u00e9quipes, contr\u00f4les v\u00e9t\u00e9rinaires, v\u00e9rification&nbsp;du mat\u00e9riel, rappels du r\u00e8glement Du&nbsp;mardi au jeudi d\u00e9fil\u00e9 des chevaux \u00e0 Boulogne\/Mer,&nbsp;\u00e9preuves sp\u00e9ciales Vendredi :&nbsp;\u00e9preuve de traction du flobart (bateau&nbsp;de p\u00eache&nbsp;traditionnel) Samedi :&nbsp;d\u00e9part de la course Dimanche :&nbsp;Arriv\u00e9e des \u00e9quipages \u00e0 Paris, d\u00e9fil\u00e9 dans les rues&nbsp;de la capitale Source : dossier de pr\u00e9sentation 20&nbsp;\u00e9quipes de toute l\u2019Europe sont attendues, chacune compos\u00e9e de&nbsp;11 paires de chevaux et de 70 personnes.&nbsp;Cela&nbsp;repr\u00e9sente environ 400 chevaux. La maniabilit\u00e9 \u00e9preuve sp\u00e9ciale pr\u00e9liminaire. Epreuve sp\u00e9ciale de maniabilit\u00e9 \u00e0 quatre chevaux.<\/p>\n","protected":false},"author":1,"featured_media":0,"parent":0,"menu_order":0,"comment_status":"closed","ping_status":"closed","template":"","meta":{"footnotes":""},"class_list":["post-62","page","type-page","status-publish","hentry"],"_links":{"self":[{"href":"https:\/\/lesarcanesdelattelage.fr\/index.php\/wp-json\/wp\/v2\/pages\/62","targetHints":{"allow":["GET"]}}],"collection":[{"href":"https:\/\/lesarcanesdelattelage.fr\/index.php\/wp-json\/wp\/v2\/pages"}],"about":[{"href":"https:\/\/lesarcanesdelattelage.fr\/index.php\/wp-json\/wp\/v2\/types\/page"}],"author":[{"embeddable":true,"href":"https:\/\/lesarcanesdelattelage.fr\/index.php\/wp-json\/wp\/v2\/users\/1"}],"replies":[{"embeddable":true,"href":"https:\/\/lesarcanesdelattelage.fr\/index.php\/wp-json\/wp\/v2\/comments?post=62"}],"version-history":[{"count":13,"href":"https:\/\/lesarcanesdelattelage.fr\/index.php\/wp-json\/wp\/v2\/pages\/62\/revisions"}],"predecessor-version":[{"id":436,"href":"https:\/\/lesarcanesdelattelage.fr\/index.php\/wp-json\/wp\/v2\/pages\/62\/revisions\/436"}],"wp:attachment":[{"href":"https:\/\/lesarcanesdelattelage.fr\/index.php\/wp-json\/wp\/v2\/media?parent=62"}],"curies":[{"name":"wp","href":"https:\/\/api.w.org\/{rel}","templated":true}]}}