{"id":52,"date":"2023-09-14T12:19:36","date_gmt":"2023-09-14T10:19:36","guid":{"rendered":"https:\/\/lesarcanesdelattelage.fr\/?page_id=52"},"modified":"2025-01-11T10:12:16","modified_gmt":"2025-01-11T09:12:16","slug":"les-dates-a-retenir","status":"publish","type":"page","link":"https:\/\/lesarcanesdelattelage.fr\/index.php\/les-dates-a-retenir\/","title":{"rendered":"Les dates \u00e0 retenir"},"content":{"rendered":"\n<p><strong><em>Saison 202<\/em>5<\/strong><\/p>\n\n\n\n<p><strong>2 et 3 ao\u00fbt : Endurance attel\u00e9e \u00e0 Cantoin (12 420) concours Elite deux fois 20 km.<\/strong><\/p>\n\n\n\n<p><strong>Lundi 9 juin : Endurance attel\u00e9e \u00e0 Castelsagrat (82 400) concours Club 20 km.<\/strong><\/p>\n\n\n\n<p><strong>17 et 18 mai : endurance attel\u00e9e GELLE CAUSSE ET DIEGE (12 700) concours Elite deux fois 20 km.<\/strong><\/p>\n\n\n\n<p><em>Saison 202<\/em>4<\/p>\n\n\n\n<p>14 et 15 septembre : Championnats de France d&rsquo;endurance en attelage \u00e0 Castelsagrat (82 400)<\/p>\n\n\n\n<p>3 et 4 ao\u00fbt : Endurance attel\u00e9e \u00e0 Cantoin (12) concours Elite deux fois 20 km.<\/p>\n\n\n\n<p>2 juin : Endurance attel\u00e9e \u00e0 Castelsagrat (82) concours Club 20 km.<\/p>\n\n\n\n<p>18 et 19 mai : Endurance attel\u00e9e \u00e0 Villeneuve d&rsquo;Aveyron (12) concours Elite deux fois 20 km.<\/p>\n\n\n\n<p><em>Saison 2023<\/em><\/p>\n\n\n\n<p>5 et 6 ao\u00fbt&nbsp;2023 :&nbsp;Endurance attel\u00e9e (CF) \u00e0 Cantoin (12420). Cl\u00f4ture des inscriptions le 31 juillet.<\/p>\n\n\n\n<p>9 juillet 2023 :&nbsp;Endurance attel\u00e9e \u00e0 Castelsagrat (82 400). Date modifi\u00e9e par les organisateurs (non officielle pour l&rsquo;instant).<\/p>\n\n\n\n<p>02 avril 2023 :&nbsp;SFET&nbsp;&gt;&nbsp;Equid\u00e9s Cup : \u00e9preuves de maniabilit\u00e9 attel\u00e9e&nbsp;en paire \/ \u00e9preuves de maniabilit\u00e9 mont\u00e9e, \u00e0 B\u00e9taille (46).<\/p>\n\n\n\n<p>18 mars 2023 :&nbsp;En avant premi\u00e8re du film : \u00ab\u00a0Les Trois Mousquetaires : d&rsquo;Artagnan\u00a0\u00bb.<\/p>\n\n\n\n<p><em>Saison 2022<\/em><br>10 novembre 2022 :&nbsp;Qualifications Loisirs \/ test mont\u00e9 \u00e0 Prat Bonrepaux (09)<\/p>\n\n\n\n<p>12 au 18 septembre 2022 :&nbsp;Endurance de la Route du Poisson : Boulogne sur mer \/ Paris.<\/p>\n\n\n\n<p>30 et 31 juillet 2022 :&nbsp;Journ\u00e9es pr\u00e9paratoires pour l&rsquo;endurance de La Route du Poisson. Dampierre sur Boutonne (17470).<\/p>\n\n\n\n<p>3 juillet 2022&nbsp;:&nbsp;Endurance attel\u00e9e \u00e0 Montr\u00e9jeau (31 210).<\/p>\n\n\n\n<p>25 juin 2022 :&nbsp;Entrainement \u00e9preuve sp\u00e9ciale&nbsp;maniabilit\u00e9 avec Francis.<\/p>\n\n\n\n<p>22 mai 2022&nbsp;:&nbsp;Endurance attel\u00e9e \u00e0 Castelsagrat (82 400).<\/p>\n\n\n\n<p>8 mai 2022&nbsp;:&nbsp;Endurance attel\u00e9e d\u00e9plac\u00e9e \u00e0 Chis (65 800).<\/p>\n\n\n\n<p><br><em>Saison 202<\/em>1<\/p>\n\n\n\n<p>Aout\/septembre&nbsp;:&nbsp;Les championnats de France d&rsquo;endurance attel\u00e9e \u00e0 Montendre&nbsp;sont annul\u00e9s.<\/p>\n\n\n\n<p>13 juin 2021&nbsp;:&nbsp;L&rsquo;endurance attel\u00e9e pr\u00e9vue \u00e0 Montr\u00e9jeau (31) le 20 juin&nbsp;est annul\u00e9e par manque de participants. Elle est remplac\u00e9e par une randonn\u00e9e d&rsquo;entra\u00eenement&nbsp;le 13 juin.<\/p>\n\n\n\n<p>09 mai 2021&nbsp;:&nbsp;L&rsquo;endurance attel\u00e9e pr\u00e9vue&nbsp;\u00e0 Bazillac est annul\u00e9e en raison de la COVID.<\/p>\n\n\n\n<p><em>Saison 2020<\/em><\/p>\n\n\n\n<p>29 et 30 ao\u00fbt 2020&nbsp;:&nbsp;<u>Annul\u00e9<\/u>&nbsp; Championnats de France \u00e0 Montendre (17) ?&nbsp;.<\/p>\n\n\n\n<p>05&nbsp;juillet&nbsp;2020&nbsp;:&nbsp;<u>Annul\u00e9<\/u>&nbsp;Endurance \u00e0 Chis (65).<\/p>\n\n\n\n<p>10 mai 2020&nbsp;:&nbsp;<u>Annul\u00e9&nbsp;<\/u>Endurance mont\u00e9e \u00e0 Bazillac (65).<\/p>\n\n\n\n<p>8 mai 2020&nbsp;:&nbsp;&nbsp;<u>Annul\u00e9&nbsp;<\/u>Endurance \u00e0 Bazillac (65).<\/p>\n\n\n\n<p><em>Saison 2019<\/em><\/p>\n\n\n\n<p>31 ao\u00fbt&nbsp;et 1&nbsp;septembre 2019 :&nbsp;Championnats de France \u00e0 Montendre (17).<\/p>\n\n\n\n<p>juillet \/ ao\u00fbt&nbsp;2019 :&nbsp;Entrainement endurance.<\/p>\n\n\n\n<p>07 juillet 2019 :&nbsp;Endurance \u00e0 Chis 20 km.<\/p>\n\n\n\n<p>29 juin 2019 :&nbsp;Concours club \u00e0 Monteils.<\/p>\n\n\n\n<p>08 et 09&nbsp;juin&nbsp;2019 :&nbsp;Randonn\u00e9e \u00e0 Pouyastruc Riton.<\/p>\n\n\n\n<p>1 juin&nbsp;2019 :&nbsp;Cours avec Francis.<\/p>\n\n\n\n<p>04 et 05 mai 2019 :&nbsp;Endurance \u00e0 Bazillac deux fois 20 km.<\/p>\n\n\n\n<p>17 avril 2019 :&nbsp;Cours avec Francis.<\/p>\n\n\n\n<p>09 mars 2019 :&nbsp;Cours avec Francis.<\/p>\n\n\n\n<p>03 mars 2019 :&nbsp;Conf\u00e9rence v\u00e9t\u00e9rinaire entra\u00eenement du cheval d&rsquo;endurance.<\/p>\n\n\n\n<p>04 f\u00e9vrier 2019 :&nbsp;Remise de prix championnats de France.<\/p>\n\n\n\n<p><em>Saison 2018<\/em><\/p>\n\n\n\n<p>15 d\u00e9cembre&nbsp;2018 :&nbsp;Cours mont\u00e9 et&nbsp;attel\u00e9.<\/p>\n\n\n\n<p>18 novembre 2018 :&nbsp;Assembl\u00e9e g\u00e9n\u00e9rale du calb, remise de prix, repas.<\/p>\n\n\n\n<p>01 novembre 2018 :&nbsp;Cours mont\u00e9 avec Francis \u00e0 Fr\u00e9chou : dressage.<\/p>\n\n\n\n<p>15 et 16 septembre 2018 :&nbsp;Endurance en attelage \u00e0 Castelsagrat.<\/p>\n\n\n\n<p>26 aout 2018 :&nbsp;Endurance en attelage \u00e0 Castelnau Riviere Basse.<\/p>\n\n\n\n<p>08 juillet 2018 :&nbsp;cours Francis et Nathalie.<\/p>\n\n\n\n<p>01 juillet 2018 :&nbsp;Endurance en attelage \u00e0 Chis.<\/p>\n\n\n\n<p>19 et 20 mai 2018 :Randonn\u00e9es \u00e0 Pouyastruc : la Ritonade 2018.<\/p>\n\n\n\n<p>06 mai 2018 :Endurance en attelage \u00e0 Bazillac.<\/p>\n\n\n\n<p><em>Saison 2017<\/em><\/p>\n\n\n\n<p>17 d\u00e9cembre 2017 :&nbsp;No\u00ebl au Bouscarou.<\/p>\n\n\n\n<p>15 octobre 2017 :&nbsp;Randonn\u00e9e : la Ritonade 2017.<\/p>\n\n\n\n<p>03 septembre 2017 :&nbsp;Endurance \u00e0 Castelnau Rivi\u00e8re Basse.<\/p>\n\n\n\n<p>02 juillet 2017 :&nbsp;Endurance \u00e0 Chis.<\/p>\n\n\n\n<p>18 juin 2017 :&nbsp;Cours et combin\u00e9 d&rsquo;attelage \u00e0 Gorces au lac de Tolerme (46210).<\/p>\n\n\n\n<p>07 juin 2017 :&nbsp;Entrainement : cours attel\u00e9 organis\u00e9 par les Arcanes avec Francis \u00e0 Fr\u00e9chou.<\/p>\n\n\n\n<p>20 mai 2017 :&nbsp;Entrainement : cours mont\u00e9 organis\u00e9 par les Arcanes avec Francis \u00e0 Cahors.<\/p>\n\n\n\n<p>19 f\u00e9vrier 2017 :&nbsp;Entrainement endurance organis\u00e9e par le CALB \u00e0 Bazillac.<\/p>\n\n\n\n<p><em>Saison 2016<\/em><\/p>\n\n\n\n<p>17 et 18 septembre 2016 :&nbsp;\u00c9preuves&nbsp;de qualification loisir organis\u00e9es \u00e0 Esp\u00e8re dans le lot.<\/p>\n","protected":false},"excerpt":{"rendered":"<p>Saison 2025 2 et 3 ao\u00fbt : Endurance attel\u00e9e \u00e0 Cantoin (12 420) concours Elite deux fois 20 km. Lundi 9 juin : Endurance attel\u00e9e \u00e0 Castelsagrat (82 400) concours Club 20 km. 17 et 18 mai : endurance attel\u00e9e GELLE CAUSSE ET DIEGE (12 700) concours Elite deux fois 20 km. Saison 2024 14 et 15 septembre : Championnats de France d&rsquo;endurance en attelage \u00e0 Castelsagrat (82 400) 3 et 4 ao\u00fbt : Endurance attel\u00e9e \u00e0 Cantoin (12) concours Elite deux fois 20 km. 2 juin : Endurance attel\u00e9e \u00e0 Castelsagrat (82) concours Club 20 km. 18 et 19 mai : Endurance attel\u00e9e \u00e0 Villeneuve d&rsquo;Aveyron (12) concours Elite deux fois 20 km. Saison 2023 5 et 6 ao\u00fbt&nbsp;2023 :&nbsp;Endurance attel\u00e9e (CF) \u00e0 Cantoin (12420). Cl\u00f4ture des inscriptions le 31 juillet. 9 juillet 2023 :&nbsp;Endurance attel\u00e9e \u00e0 Castelsagrat (82 400). Date modifi\u00e9e par les organisateurs (non officielle pour l&rsquo;instant). 02 avril 2023 :&nbsp;SFET&nbsp;&gt;&nbsp;Equid\u00e9s Cup : \u00e9preuves de maniabilit\u00e9 attel\u00e9e&nbsp;en paire \/ \u00e9preuves de maniabilit\u00e9 mont\u00e9e, \u00e0 B\u00e9taille (46). 18 mars 2023 :&nbsp;En avant premi\u00e8re du film : \u00ab\u00a0Les Trois Mousquetaires : d&rsquo;Artagnan\u00a0\u00bb. Saison 202210 novembre 2022 :&nbsp;Qualifications Loisirs \/ test mont\u00e9 \u00e0 Prat Bonrepaux (09) 12 au 18 septembre 2022 :&nbsp;Endurance de la Route du Poisson : Boulogne sur mer \/ Paris. 30 et 31 juillet 2022 :&nbsp;Journ\u00e9es pr\u00e9paratoires pour l&rsquo;endurance de La Route du Poisson. Dampierre sur Boutonne (17470). 3 juillet 2022&nbsp;:&nbsp;Endurance attel\u00e9e \u00e0 Montr\u00e9jeau (31 210). 25 juin 2022 :&nbsp;Entrainement \u00e9preuve sp\u00e9ciale&nbsp;maniabilit\u00e9 avec Francis. 22 mai 2022&nbsp;:&nbsp;Endurance attel\u00e9e \u00e0 Castelsagrat (82 400). 8 mai 2022&nbsp;:&nbsp;Endurance attel\u00e9e d\u00e9plac\u00e9e \u00e0 Chis (65 800). Saison 2021 Aout\/septembre&nbsp;:&nbsp;Les championnats de France d&rsquo;endurance attel\u00e9e \u00e0 Montendre&nbsp;sont annul\u00e9s. 13 juin 2021&nbsp;:&nbsp;L&rsquo;endurance attel\u00e9e pr\u00e9vue \u00e0 Montr\u00e9jeau (31) le 20 juin&nbsp;est annul\u00e9e par manque de participants. Elle est remplac\u00e9e par une randonn\u00e9e d&rsquo;entra\u00eenement&nbsp;le 13 juin. 09 mai 2021&nbsp;:&nbsp;L&rsquo;endurance attel\u00e9e pr\u00e9vue&nbsp;\u00e0 Bazillac est annul\u00e9e en raison de la COVID. Saison 2020 29 et 30 ao\u00fbt 2020&nbsp;:&nbsp;Annul\u00e9&nbsp; Championnats de France \u00e0 Montendre (17) ?&nbsp;. 05&nbsp;juillet&nbsp;2020&nbsp;:&nbsp;Annul\u00e9&nbsp;Endurance \u00e0 Chis (65). 10 mai 2020&nbsp;:&nbsp;Annul\u00e9&nbsp;Endurance mont\u00e9e \u00e0 Bazillac (65). 8 mai 2020&nbsp;:&nbsp;&nbsp;Annul\u00e9&nbsp;Endurance \u00e0 Bazillac (65). Saison 2019 31 ao\u00fbt&nbsp;et 1&nbsp;septembre 2019 :&nbsp;Championnats de France \u00e0 Montendre (17). juillet \/ ao\u00fbt&nbsp;2019 :&nbsp;Entrainement endurance. 07 juillet 2019 :&nbsp;Endurance \u00e0 Chis 20 km. 29 juin 2019 :&nbsp;Concours club \u00e0 Monteils. 08 et 09&nbsp;juin&nbsp;2019 :&nbsp;Randonn\u00e9e \u00e0 Pouyastruc Riton. 1 juin&nbsp;2019 :&nbsp;Cours avec Francis. 04 et 05 mai 2019 :&nbsp;Endurance \u00e0 Bazillac deux fois 20 km. 17 avril 2019 :&nbsp;Cours avec Francis. 09 mars 2019 :&nbsp;Cours avec Francis. 03 mars 2019 :&nbsp;Conf\u00e9rence v\u00e9t\u00e9rinaire entra\u00eenement du cheval d&rsquo;endurance. 04 f\u00e9vrier 2019 :&nbsp;Remise de prix championnats de France. Saison 2018 15 d\u00e9cembre&nbsp;2018 :&nbsp;Cours mont\u00e9 et&nbsp;attel\u00e9. 18 novembre 2018 :&nbsp;Assembl\u00e9e g\u00e9n\u00e9rale du calb, remise de prix, repas. 01 novembre 2018 :&nbsp;Cours mont\u00e9 avec Francis \u00e0 Fr\u00e9chou : dressage. 15 et 16 septembre 2018 :&nbsp;Endurance en attelage \u00e0 Castelsagrat. 26 aout 2018 :&nbsp;Endurance en attelage \u00e0 Castelnau Riviere Basse. 08 juillet 2018 :&nbsp;cours Francis et Nathalie. 01 juillet 2018 :&nbsp;Endurance en attelage \u00e0 Chis. 19 et 20 mai 2018 :Randonn\u00e9es \u00e0 Pouyastruc : la Ritonade 2018. 06 mai 2018 :Endurance en attelage \u00e0 Bazillac. Saison 2017 17 d\u00e9cembre 2017 :&nbsp;No\u00ebl au Bouscarou. 15 octobre 2017 :&nbsp;Randonn\u00e9e : la Ritonade 2017. 03 septembre 2017 :&nbsp;Endurance \u00e0 Castelnau Rivi\u00e8re Basse. 02 juillet 2017 :&nbsp;Endurance \u00e0 Chis. 18 juin 2017 :&nbsp;Cours et combin\u00e9 d&rsquo;attelage \u00e0 Gorces au lac de Tolerme (46210). 07 juin 2017 :&nbsp;Entrainement : cours attel\u00e9 organis\u00e9 par les Arcanes avec Francis \u00e0 Fr\u00e9chou. 20 mai 2017 :&nbsp;Entrainement : cours mont\u00e9 organis\u00e9 par les Arcanes avec Francis \u00e0 Cahors. 19 f\u00e9vrier 2017 :&nbsp;Entrainement endurance organis\u00e9e par le CALB \u00e0 Bazillac. Saison 2016 17 et 18 septembre 2016 :&nbsp;\u00c9preuves&nbsp;de qualification loisir organis\u00e9es \u00e0 Esp\u00e8re dans le lot.<\/p>\n","protected":false},"author":1,"featured_media":0,"parent":0,"menu_order":0,"comment_status":"closed","ping_status":"closed","template":"","meta":{"footnotes":""},"class_list":["post-52","page","type-page","status-publish","hentry"],"_links":{"self":[{"href":"https:\/\/lesarcanesdelattelage.fr\/index.php\/wp-json\/wp\/v2\/pages\/52","targetHints":{"allow":["GET"]}}],"collection":[{"href":"https:\/\/lesarcanesdelattelage.fr\/index.php\/wp-json\/wp\/v2\/pages"}],"about":[{"href":"https:\/\/lesarcanesdelattelage.fr\/index.php\/wp-json\/wp\/v2\/types\/page"}],"author":[{"embeddable":true,"href":"https:\/\/lesarcanesdelattelage.fr\/index.php\/wp-json\/wp\/v2\/users\/1"}],"replies":[{"embeddable":true,"href":"https:\/\/lesarcanesdelattelage.fr\/index.php\/wp-json\/wp\/v2\/comments?post=52"}],"version-history":[{"count":11,"href":"https:\/\/lesarcanesdelattelage.fr\/index.php\/wp-json\/wp\/v2\/pages\/52\/revisions"}],"predecessor-version":[{"id":551,"href":"https:\/\/lesarcanesdelattelage.fr\/index.php\/wp-json\/wp\/v2\/pages\/52\/revisions\/551"}],"wp:attachment":[{"href":"https:\/\/lesarcanesdelattelage.fr\/index.php\/wp-json\/wp\/v2\/media?parent=52"}],"curies":[{"name":"wp","href":"https:\/\/api.w.org\/{rel}","templated":true}]}}