{"id":482,"date":"2024-09-21T10:24:02","date_gmt":"2024-09-21T08:24:02","guid":{"rendered":"https:\/\/lesarcanesdelattelage.fr\/?page_id=482"},"modified":"2024-10-09T06:42:06","modified_gmt":"2024-10-09T04:42:06","slug":"championnat-de-france-en-endurance","status":"publish","type":"page","link":"https:\/\/lesarcanesdelattelage.fr\/index.php\/championnat-de-france-en-endurance\/","title":{"rendered":"Championnat de France en Endurance \u00e0 Castelsagrat septembre 2024"},"content":{"rendered":"\n<p class=\"has-text-align-center\"><strong>Castelsagrat en Tarn-et-Garonne les 14 et 15 septembre 2024<\/strong><\/p>\n\n\n\n<figure class=\"wp-block-image size-large\"><img loading=\"lazy\" decoding=\"async\" width=\"1024\" height=\"461\" src=\"https:\/\/lesarcanesdelattelage.fr\/wp-content\/uploads\/2024\/09\/IMG-20240916-WA0018-1024x461.jpg\" alt=\"\" class=\"wp-image-490\" srcset=\"https:\/\/lesarcanesdelattelage.fr\/wp-content\/uploads\/2024\/09\/IMG-20240916-WA0018-1024x461.jpg 1024w, https:\/\/lesarcanesdelattelage.fr\/wp-content\/uploads\/2024\/09\/IMG-20240916-WA0018-300x135.jpg 300w, https:\/\/lesarcanesdelattelage.fr\/wp-content\/uploads\/2024\/09\/IMG-20240916-WA0018-768x346.jpg 768w, https:\/\/lesarcanesdelattelage.fr\/wp-content\/uploads\/2024\/09\/IMG-20240916-WA0018-1536x691.jpg 1536w, https:\/\/lesarcanesdelattelage.fr\/wp-content\/uploads\/2024\/09\/IMG-20240916-WA0018-1140x513.jpg 1140w, https:\/\/lesarcanesdelattelage.fr\/wp-content\/uploads\/2024\/09\/IMG-20240916-WA0018.jpg 2000w\" sizes=\"auto, (max-width: 1024px) 100vw, 1024px\" \/><\/figure>\n\n\n\n<p class=\"has-text-align-center\"><em>Les Arcanes de l\u2019Attelages et son attelage de quatre chevaux comtois remportent le championnat de France 2024. Invaincus depuis 2018, la condition physique des chevaux, ne cesse de s\u2019am\u00e9liorer.<\/em><\/p>\n\n\n\n<figure class=\"wp-block-image size-large\"><img loading=\"lazy\" decoding=\"async\" width=\"1024\" height=\"702\" src=\"https:\/\/lesarcanesdelattelage.fr\/wp-content\/uploads\/2024\/09\/Capture-decran-2024-09-20-131933-1024x702.jpg\" alt=\"\" class=\"wp-image-493\" srcset=\"https:\/\/lesarcanesdelattelage.fr\/wp-content\/uploads\/2024\/09\/Capture-decran-2024-09-20-131933-1024x702.jpg 1024w, https:\/\/lesarcanesdelattelage.fr\/wp-content\/uploads\/2024\/09\/Capture-decran-2024-09-20-131933-300x206.jpg 300w, https:\/\/lesarcanesdelattelage.fr\/wp-content\/uploads\/2024\/09\/Capture-decran-2024-09-20-131933-768x527.jpg 768w, https:\/\/lesarcanesdelattelage.fr\/wp-content\/uploads\/2024\/09\/Capture-decran-2024-09-20-131933-1140x782.jpg 1140w, https:\/\/lesarcanesdelattelage.fr\/wp-content\/uploads\/2024\/09\/Capture-decran-2024-09-20-131933.jpg 1253w\" sizes=\"auto, (max-width: 1024px) 100vw, 1024px\" \/><\/figure>\n\n\n\n<p class=\"has-text-align-center\"><em>De belles images gr\u00e2ce \u00e0 la pr\u00e9sence de la presse locale en l&rsquo;occurrence la D\u00e9p\u00eache du midi.<\/em><\/p>\n\n\n\n<figure class=\"wp-block-image size-full\"><img loading=\"lazy\" decoding=\"async\" width=\"1003\" height=\"600\" src=\"https:\/\/lesarcanesdelattelage.fr\/wp-content\/uploads\/2024\/10\/Castelsagrat-Championnat-de-France-en-ATTELAGE-2024-2024091435.png\" alt=\"\" class=\"wp-image-520\" srcset=\"https:\/\/lesarcanesdelattelage.fr\/wp-content\/uploads\/2024\/10\/Castelsagrat-Championnat-de-France-en-ATTELAGE-2024-2024091435.png 1003w, https:\/\/lesarcanesdelattelage.fr\/wp-content\/uploads\/2024\/10\/Castelsagrat-Championnat-de-France-en-ATTELAGE-2024-2024091435-300x179.png 300w, https:\/\/lesarcanesdelattelage.fr\/wp-content\/uploads\/2024\/10\/Castelsagrat-Championnat-de-France-en-ATTELAGE-2024-2024091435-768x459.png 768w\" sizes=\"auto, (max-width: 1003px) 100vw, 1003px\" \/><\/figure>\n\n\n\n<figure class=\"wp-block-image size-large\"><img loading=\"lazy\" decoding=\"async\" width=\"1024\" height=\"768\" src=\"https:\/\/lesarcanesdelattelage.fr\/wp-content\/uploads\/2024\/09\/P1010638-1024x768.jpg\" alt=\"\" class=\"wp-image-495\" srcset=\"https:\/\/lesarcanesdelattelage.fr\/wp-content\/uploads\/2024\/09\/P1010638-1024x768.jpg 1024w, https:\/\/lesarcanesdelattelage.fr\/wp-content\/uploads\/2024\/09\/P1010638-300x225.jpg 300w, https:\/\/lesarcanesdelattelage.fr\/wp-content\/uploads\/2024\/09\/P1010638-768x576.jpg 768w, https:\/\/lesarcanesdelattelage.fr\/wp-content\/uploads\/2024\/09\/P1010638-1536x1152.jpg 1536w, https:\/\/lesarcanesdelattelage.fr\/wp-content\/uploads\/2024\/09\/P1010638-2048x1536.jpg 2048w, https:\/\/lesarcanesdelattelage.fr\/wp-content\/uploads\/2024\/09\/P1010638-1140x855.jpg 1140w\" sizes=\"auto, (max-width: 1024px) 100vw, 1024px\" \/><\/figure>\n\n\n\n<p class=\"has-text-align-center\"><em>Un attelage c&rsquo;est un coach : Francis Gimenez toujours avec nous, Alain Chabot : fid\u00e8le, l&rsquo;\u00e9lite des routeurs, Cathy pour le laborieux entrainement des chevaux&#8230;<\/em><\/p>\n\n\n\n<figure class=\"wp-block-image size-large\"><img loading=\"lazy\" decoding=\"async\" width=\"1024\" height=\"768\" src=\"https:\/\/lesarcanesdelattelage.fr\/wp-content\/uploads\/2024\/09\/P1010632-1024x768.jpg\" alt=\"\" class=\"wp-image-496\" srcset=\"https:\/\/lesarcanesdelattelage.fr\/wp-content\/uploads\/2024\/09\/P1010632-1024x768.jpg 1024w, https:\/\/lesarcanesdelattelage.fr\/wp-content\/uploads\/2024\/09\/P1010632-300x225.jpg 300w, https:\/\/lesarcanesdelattelage.fr\/wp-content\/uploads\/2024\/09\/P1010632-768x576.jpg 768w, https:\/\/lesarcanesdelattelage.fr\/wp-content\/uploads\/2024\/09\/P1010632-1536x1152.jpg 1536w, https:\/\/lesarcanesdelattelage.fr\/wp-content\/uploads\/2024\/09\/P1010632-2048x1536.jpg 2048w, https:\/\/lesarcanesdelattelage.fr\/wp-content\/uploads\/2024\/09\/P1010632-1140x855.jpg 1140w\" sizes=\"auto, (max-width: 1024px) 100vw, 1024px\" \/><\/figure>\n\n\n\n<p class=\"has-text-align-center\"><em>Un meneur ne m\u00e8ne \u00e0 rien s&rsquo;il est seul&#8230;<\/em><\/p>\n\n\n\n<figure class=\"wp-block-embed is-type-video is-provider-youtube wp-block-embed-youtube wp-embed-aspect-16-9 wp-has-aspect-ratio\"><div class=\"wp-block-embed__wrapper\">\n<iframe loading=\"lazy\" title=\"V T castelsagrat243\" width=\"960\" height=\"540\" src=\"https:\/\/www.youtube.com\/embed\/SndE1jg5W4k?feature=oembed\" frameborder=\"0\" allow=\"accelerometer; autoplay; clipboard-write; encrypted-media; gyroscope; picture-in-picture; web-share\" referrerpolicy=\"strict-origin-when-cross-origin\" allowfullscreen><\/iframe>\n<\/div><\/figure>\n\n\n\n<p class=\"has-text-align-center\"><em>Montage tr\u00e8s sympathique r\u00e9alis\u00e9 par Victoire Talamona<\/em><\/p>\n\n\n\n<figure class=\"wp-block-embed is-type-video is-provider-youtube wp-block-embed-youtube wp-embed-aspect-16-9 wp-has-aspect-ratio\"><div class=\"wp-block-embed__wrapper\">\n<iframe loading=\"lazy\" title=\"castelsagrat241\" width=\"960\" height=\"540\" src=\"https:\/\/www.youtube.com\/embed\/LbB7lQYeI1M?feature=oembed\" frameborder=\"0\" allow=\"accelerometer; autoplay; clipboard-write; encrypted-media; gyroscope; picture-in-picture; web-share\" referrerpolicy=\"strict-origin-when-cross-origin\" allowfullscreen><\/iframe>\n<\/div><\/figure>\n\n\n\n<p class=\"has-text-align-center\"><em>Pour ceux qui sont \u00e0 pied.<\/em><\/p>\n\n\n\n<figure class=\"wp-block-embed is-type-video is-provider-youtube wp-block-embed-youtube wp-embed-aspect-16-9 wp-has-aspect-ratio\"><div class=\"wp-block-embed__wrapper\">\n<iframe loading=\"lazy\" title=\"castelsagrat242\" width=\"960\" height=\"540\" src=\"https:\/\/www.youtube.com\/embed\/QekiL9aW-gc?feature=oembed\" frameborder=\"0\" allow=\"accelerometer; autoplay; clipboard-write; encrypted-media; gyroscope; picture-in-picture; web-share\" referrerpolicy=\"strict-origin-when-cross-origin\" allowfullscreen><\/iframe>\n<\/div><\/figure>\n\n\n\n<p class=\"has-text-align-center\"><em>Pour ceux qui sont mal embarqu\u00e9s.<\/em><\/p>\n\n\n\n<figure class=\"wp-block-image size-large\"><img loading=\"lazy\" decoding=\"async\" width=\"1024\" height=\"579\" src=\"https:\/\/lesarcanesdelattelage.fr\/wp-content\/uploads\/2024\/10\/DSCF1031-1024x579.png\" alt=\"\" class=\"wp-image-521\" srcset=\"https:\/\/lesarcanesdelattelage.fr\/wp-content\/uploads\/2024\/10\/DSCF1031-1024x579.png 1024w, https:\/\/lesarcanesdelattelage.fr\/wp-content\/uploads\/2024\/10\/DSCF1031-300x170.png 300w, https:\/\/lesarcanesdelattelage.fr\/wp-content\/uploads\/2024\/10\/DSCF1031-768x434.png 768w, https:\/\/lesarcanesdelattelage.fr\/wp-content\/uploads\/2024\/10\/DSCF1031.png 1061w\" sizes=\"auto, (max-width: 1024px) 100vw, 1024px\" \/><\/figure>\n\n\n<div class=\"wp-block-image\">\n<figure class=\"aligncenter size-full is-resized\"><img loading=\"lazy\" decoding=\"async\" width=\"800\" height=\"600\" src=\"https:\/\/lesarcanesdelattelage.fr\/wp-content\/uploads\/2024\/10\/DSCF1166.png\" alt=\"\" class=\"wp-image-522\" style=\"width:840px;height:auto\" srcset=\"https:\/\/lesarcanesdelattelage.fr\/wp-content\/uploads\/2024\/10\/DSCF1166.png 800w, https:\/\/lesarcanesdelattelage.fr\/wp-content\/uploads\/2024\/10\/DSCF1166-300x225.png 300w, https:\/\/lesarcanesdelattelage.fr\/wp-content\/uploads\/2024\/10\/DSCF1166-768x576.png 768w\" sizes=\"auto, (max-width: 800px) 100vw, 800px\" \/><\/figure>\n<\/div>\n\n\n<figure class=\"wp-block-image size-large\"><img loading=\"lazy\" decoding=\"async\" width=\"1024\" height=\"768\" src=\"https:\/\/lesarcanesdelattelage.fr\/wp-content\/uploads\/2024\/10\/DSCF1321-1024x768.jpg\" alt=\"\" class=\"wp-image-533\" srcset=\"https:\/\/lesarcanesdelattelage.fr\/wp-content\/uploads\/2024\/10\/DSCF1321-1024x768.jpg 1024w, https:\/\/lesarcanesdelattelage.fr\/wp-content\/uploads\/2024\/10\/DSCF1321-300x225.jpg 300w, https:\/\/lesarcanesdelattelage.fr\/wp-content\/uploads\/2024\/10\/DSCF1321-768x576.jpg 768w, https:\/\/lesarcanesdelattelage.fr\/wp-content\/uploads\/2024\/10\/DSCF1321-1536x1152.jpg 1536w, https:\/\/lesarcanesdelattelage.fr\/wp-content\/uploads\/2024\/10\/DSCF1321-2048x1536.jpg 2048w, https:\/\/lesarcanesdelattelage.fr\/wp-content\/uploads\/2024\/10\/DSCF1321-1140x855.jpg 1140w\" sizes=\"auto, (max-width: 1024px) 100vw, 1024px\" \/><\/figure>\n\n\n\n<figure class=\"wp-block-image size-large\"><img loading=\"lazy\" decoding=\"async\" width=\"1024\" height=\"768\" src=\"https:\/\/lesarcanesdelattelage.fr\/wp-content\/uploads\/2024\/09\/P1010641-1024x768.jpg\" alt=\"\" class=\"wp-image-504\" srcset=\"https:\/\/lesarcanesdelattelage.fr\/wp-content\/uploads\/2024\/09\/P1010641-1024x768.jpg 1024w, https:\/\/lesarcanesdelattelage.fr\/wp-content\/uploads\/2024\/09\/P1010641-300x225.jpg 300w, https:\/\/lesarcanesdelattelage.fr\/wp-content\/uploads\/2024\/09\/P1010641-768x576.jpg 768w, https:\/\/lesarcanesdelattelage.fr\/wp-content\/uploads\/2024\/09\/P1010641-1536x1152.jpg 1536w, https:\/\/lesarcanesdelattelage.fr\/wp-content\/uploads\/2024\/09\/P1010641-2048x1536.jpg 2048w, https:\/\/lesarcanesdelattelage.fr\/wp-content\/uploads\/2024\/09\/P1010641-1140x855.jpg 1140w\" sizes=\"auto, (max-width: 1024px) 100vw, 1024px\" \/><\/figure>\n\n\n\n<p class=\"has-text-align-center\"><em>L&rsquo;angoisse avant les r\u00e9sultats.<\/em><\/p>\n\n\n\n<figure class=\"wp-block-image size-large\"><img loading=\"lazy\" decoding=\"async\" width=\"1024\" height=\"768\" src=\"https:\/\/lesarcanesdelattelage.fr\/wp-content\/uploads\/2024\/09\/P1010668-1024x768.jpg\" alt=\"\" class=\"wp-image-506\" srcset=\"https:\/\/lesarcanesdelattelage.fr\/wp-content\/uploads\/2024\/09\/P1010668-1024x768.jpg 1024w, https:\/\/lesarcanesdelattelage.fr\/wp-content\/uploads\/2024\/09\/P1010668-300x225.jpg 300w, https:\/\/lesarcanesdelattelage.fr\/wp-content\/uploads\/2024\/09\/P1010668-768x576.jpg 768w, https:\/\/lesarcanesdelattelage.fr\/wp-content\/uploads\/2024\/09\/P1010668-1536x1152.jpg 1536w, https:\/\/lesarcanesdelattelage.fr\/wp-content\/uploads\/2024\/09\/P1010668-2048x1536.jpg 2048w, https:\/\/lesarcanesdelattelage.fr\/wp-content\/uploads\/2024\/09\/P1010668-1140x855.jpg 1140w\" sizes=\"auto, (max-width: 1024px) 100vw, 1024px\" \/><\/figure>\n\n\n\n<p>.<\/p>\n\n\n\n<p>.<\/p>\n\n\n\n<p class=\"has-text-align-center\"><strong>Anthony Arda et Marie Audrey Est\u00e8ve avec Athena Club Poney Solo Elite 1er : m\u00e9daille d&rsquo;or<\/strong><\/p>\n\n\n<div class=\"wp-block-image\">\n<figure class=\"aligncenter size-large is-resized\"><img loading=\"lazy\" decoding=\"async\" width=\"683\" height=\"1024\" src=\"https:\/\/lesarcanesdelattelage.fr\/wp-content\/uploads\/2024\/10\/1_Castelsagrat-Championnat-de-France-en-ATTELAGE-2024-2024091522-683x1024.png\" alt=\"\" class=\"wp-image-523\" style=\"width:839px;height:auto\" srcset=\"https:\/\/lesarcanesdelattelage.fr\/wp-content\/uploads\/2024\/10\/1_Castelsagrat-Championnat-de-France-en-ATTELAGE-2024-2024091522-683x1024.png 683w, https:\/\/lesarcanesdelattelage.fr\/wp-content\/uploads\/2024\/10\/1_Castelsagrat-Championnat-de-France-en-ATTELAGE-2024-2024091522-200x300.png 200w, https:\/\/lesarcanesdelattelage.fr\/wp-content\/uploads\/2024\/10\/1_Castelsagrat-Championnat-de-France-en-ATTELAGE-2024-2024091522-768x1152.png 768w, https:\/\/lesarcanesdelattelage.fr\/wp-content\/uploads\/2024\/10\/1_Castelsagrat-Championnat-de-France-en-ATTELAGE-2024-2024091522.png 800w\" sizes=\"auto, (max-width: 683px) 100vw, 683px\" \/><\/figure>\n<\/div>\n\n<div class=\"wp-block-image\">\n<figure class=\"aligncenter size-full is-resized\"><img loading=\"lazy\" decoding=\"async\" width=\"800\" height=\"518\" src=\"https:\/\/lesarcanesdelattelage.fr\/wp-content\/uploads\/2024\/10\/2_DSCF1294.png\" alt=\"\" class=\"wp-image-524\" style=\"width:842px;height:auto\" srcset=\"https:\/\/lesarcanesdelattelage.fr\/wp-content\/uploads\/2024\/10\/2_DSCF1294.png 800w, https:\/\/lesarcanesdelattelage.fr\/wp-content\/uploads\/2024\/10\/2_DSCF1294-300x194.png 300w, https:\/\/lesarcanesdelattelage.fr\/wp-content\/uploads\/2024\/10\/2_DSCF1294-768x497.png 768w\" sizes=\"auto, (max-width: 800px) 100vw, 800px\" \/><\/figure>\n<\/div>\n\n<div class=\"wp-block-image\">\n<figure class=\"aligncenter size-large is-resized\"><img loading=\"lazy\" decoding=\"async\" width=\"768\" height=\"1024\" src=\"https:\/\/lesarcanesdelattelage.fr\/wp-content\/uploads\/2024\/10\/3_DSCF1339-768x1024.png\" alt=\"\" class=\"wp-image-525\" style=\"width:841px;height:auto\" srcset=\"https:\/\/lesarcanesdelattelage.fr\/wp-content\/uploads\/2024\/10\/3_DSCF1339-768x1024.png 768w, https:\/\/lesarcanesdelattelage.fr\/wp-content\/uploads\/2024\/10\/3_DSCF1339-225x300.png 225w, https:\/\/lesarcanesdelattelage.fr\/wp-content\/uploads\/2024\/10\/3_DSCF1339.png 800w\" sizes=\"auto, (max-width: 768px) 100vw, 768px\" \/><\/figure>\n<\/div>\n\n\n<p>.<\/p>\n\n\n\n<p>.<\/p>\n\n\n\n<p class=\"has-text-align-center\"><strong>Maryline Marquis et Elvis Peter avec Trinquilizer Club Poney Solo Elite 3\u00e9me : m\u00e9daille de bronze<\/strong><\/p>\n\n\n<div class=\"wp-block-image\">\n<figure class=\"aligncenter size-full is-resized\"><img loading=\"lazy\" decoding=\"async\" width=\"800\" height=\"600\" src=\"https:\/\/lesarcanesdelattelage.fr\/wp-content\/uploads\/2024\/10\/1_DSCF1056.png\" alt=\"\" class=\"wp-image-526\" style=\"width:840px;height:auto\" srcset=\"https:\/\/lesarcanesdelattelage.fr\/wp-content\/uploads\/2024\/10\/1_DSCF1056.png 800w, https:\/\/lesarcanesdelattelage.fr\/wp-content\/uploads\/2024\/10\/1_DSCF1056-300x225.png 300w, https:\/\/lesarcanesdelattelage.fr\/wp-content\/uploads\/2024\/10\/1_DSCF1056-768x576.png 768w\" sizes=\"auto, (max-width: 800px) 100vw, 800px\" \/><\/figure>\n<\/div>\n\n<div class=\"wp-block-image\">\n<figure class=\"aligncenter size-full is-resized\"><img loading=\"lazy\" decoding=\"async\" width=\"800\" height=\"665\" src=\"https:\/\/lesarcanesdelattelage.fr\/wp-content\/uploads\/2024\/10\/2_DSCF1122.png\" alt=\"\" class=\"wp-image-527\" style=\"width:839px;height:auto\" srcset=\"https:\/\/lesarcanesdelattelage.fr\/wp-content\/uploads\/2024\/10\/2_DSCF1122.png 800w, https:\/\/lesarcanesdelattelage.fr\/wp-content\/uploads\/2024\/10\/2_DSCF1122-300x249.png 300w, https:\/\/lesarcanesdelattelage.fr\/wp-content\/uploads\/2024\/10\/2_DSCF1122-768x638.png 768w\" sizes=\"auto, (max-width: 800px) 100vw, 800px\" \/><\/figure>\n<\/div>\n\n<div class=\"wp-block-image\">\n<figure class=\"aligncenter size-large is-resized\"><img loading=\"lazy\" decoding=\"async\" width=\"768\" height=\"1024\" src=\"https:\/\/lesarcanesdelattelage.fr\/wp-content\/uploads\/2024\/10\/3_DSCF1341-768x1024.png\" alt=\"\" class=\"wp-image-528\" style=\"width:839px;height:auto\" srcset=\"https:\/\/lesarcanesdelattelage.fr\/wp-content\/uploads\/2024\/10\/3_DSCF1341-768x1024.png 768w, https:\/\/lesarcanesdelattelage.fr\/wp-content\/uploads\/2024\/10\/3_DSCF1341-225x300.png 225w, https:\/\/lesarcanesdelattelage.fr\/wp-content\/uploads\/2024\/10\/3_DSCF1341.png 800w\" sizes=\"auto, (max-width: 768px) 100vw, 768px\" \/><\/figure>\n<\/div>\n\n\n<p>.<\/p>\n\n\n\n<p>.<\/p>\n\n\n\n<p class=\"has-text-align-center\"><strong>Kevin Dias et Sylvette Antonietti avec Reinette Club Elite Grand Prix 1er : m\u00e9daille d&rsquo;or<\/strong><\/p>\n\n\n<div class=\"wp-block-image\">\n<figure class=\"aligncenter size-large is-resized\"><img loading=\"lazy\" decoding=\"async\" width=\"683\" height=\"1024\" src=\"https:\/\/lesarcanesdelattelage.fr\/wp-content\/uploads\/2024\/10\/1_Castelsagrat-Championnat-de-France-en-ATTELAGE-2024-2024091518-683x1024.png\" alt=\"\" class=\"wp-image-529\" style=\"width:840px;height:auto\" srcset=\"https:\/\/lesarcanesdelattelage.fr\/wp-content\/uploads\/2024\/10\/1_Castelsagrat-Championnat-de-France-en-ATTELAGE-2024-2024091518-683x1024.png 683w, https:\/\/lesarcanesdelattelage.fr\/wp-content\/uploads\/2024\/10\/1_Castelsagrat-Championnat-de-France-en-ATTELAGE-2024-2024091518-200x300.png 200w, https:\/\/lesarcanesdelattelage.fr\/wp-content\/uploads\/2024\/10\/1_Castelsagrat-Championnat-de-France-en-ATTELAGE-2024-2024091518-768x1152.png 768w, https:\/\/lesarcanesdelattelage.fr\/wp-content\/uploads\/2024\/10\/1_Castelsagrat-Championnat-de-France-en-ATTELAGE-2024-2024091518.png 800w\" sizes=\"auto, (max-width: 683px) 100vw, 683px\" \/><\/figure>\n<\/div>\n\n<div class=\"wp-block-image\">\n<figure class=\"aligncenter size-full is-resized\"><img loading=\"lazy\" decoding=\"async\" width=\"800\" height=\"600\" src=\"https:\/\/lesarcanesdelattelage.fr\/wp-content\/uploads\/2024\/10\/2_DSCF1091.png\" alt=\"\" class=\"wp-image-530\" style=\"width:841px;height:auto\" srcset=\"https:\/\/lesarcanesdelattelage.fr\/wp-content\/uploads\/2024\/10\/2_DSCF1091.png 800w, https:\/\/lesarcanesdelattelage.fr\/wp-content\/uploads\/2024\/10\/2_DSCF1091-300x225.png 300w, https:\/\/lesarcanesdelattelage.fr\/wp-content\/uploads\/2024\/10\/2_DSCF1091-768x576.png 768w\" sizes=\"auto, (max-width: 800px) 100vw, 800px\" \/><\/figure>\n<\/div>\n\n<div class=\"wp-block-image\">\n<figure class=\"aligncenter size-large is-resized\"><img loading=\"lazy\" decoding=\"async\" width=\"768\" height=\"1024\" src=\"https:\/\/lesarcanesdelattelage.fr\/wp-content\/uploads\/2024\/10\/3_club-elite-grand-prix-768x1024.png\" alt=\"\" class=\"wp-image-531\" style=\"width:840px;height:auto\" srcset=\"https:\/\/lesarcanesdelattelage.fr\/wp-content\/uploads\/2024\/10\/3_club-elite-grand-prix-768x1024.png 768w, https:\/\/lesarcanesdelattelage.fr\/wp-content\/uploads\/2024\/10\/3_club-elite-grand-prix-225x300.png 225w, https:\/\/lesarcanesdelattelage.fr\/wp-content\/uploads\/2024\/10\/3_club-elite-grand-prix.png 800w\" sizes=\"auto, (max-width: 768px) 100vw, 768px\" \/><\/figure>\n<\/div>\n\n\n<p>.<\/p>\n\n\n\n<p>.<\/p>\n\n\n\n<p class=\"has-text-align-center\"><strong>Victoire Talamona et Wiljan Poels avec Hamza Club Sulky Elite 2\u00e8me : m\u00e9daille d&rsquo;argent<\/strong><\/p>\n\n\n\n<figure class=\"wp-block-embed is-type-video is-provider-youtube wp-block-embed-youtube wp-embed-aspect-16-9 wp-has-aspect-ratio\"><div class=\"wp-block-embed__wrapper\">\n<iframe loading=\"lazy\" title=\"4 VID 20240923 WA0018\" width=\"960\" height=\"540\" src=\"https:\/\/www.youtube.com\/embed\/OsabDEK0wf4?feature=oembed\" frameborder=\"0\" allow=\"accelerometer; autoplay; clipboard-write; encrypted-media; gyroscope; picture-in-picture; web-share\" referrerpolicy=\"strict-origin-when-cross-origin\" allowfullscreen><\/iframe>\n<\/div><\/figure>\n\n\n<div class=\"wp-block-image\">\n<figure class=\"aligncenter size-full\"><img loading=\"lazy\" decoding=\"async\" width=\"900\" height=\"600\" src=\"https:\/\/lesarcanesdelattelage.fr\/wp-content\/uploads\/2024\/10\/1_Castelsagrat-Championnat-de-France-en-ATTELAGE-2024-2024091507.png\" alt=\"\" class=\"wp-image-517\" srcset=\"https:\/\/lesarcanesdelattelage.fr\/wp-content\/uploads\/2024\/10\/1_Castelsagrat-Championnat-de-France-en-ATTELAGE-2024-2024091507.png 900w, https:\/\/lesarcanesdelattelage.fr\/wp-content\/uploads\/2024\/10\/1_Castelsagrat-Championnat-de-France-en-ATTELAGE-2024-2024091507-300x200.png 300w, https:\/\/lesarcanesdelattelage.fr\/wp-content\/uploads\/2024\/10\/1_Castelsagrat-Championnat-de-France-en-ATTELAGE-2024-2024091507-768x512.png 768w\" sizes=\"auto, (max-width: 900px) 100vw, 900px\" \/><\/figure>\n<\/div>\n\n<div class=\"wp-block-image\">\n<figure class=\"aligncenter size-full is-resized\"><img loading=\"lazy\" decoding=\"async\" width=\"800\" height=\"600\" src=\"https:\/\/lesarcanesdelattelage.fr\/wp-content\/uploads\/2024\/10\/2_DSCF1296.png\" alt=\"\" class=\"wp-image-518\" style=\"width:841px;height:auto\" srcset=\"https:\/\/lesarcanesdelattelage.fr\/wp-content\/uploads\/2024\/10\/2_DSCF1296.png 800w, https:\/\/lesarcanesdelattelage.fr\/wp-content\/uploads\/2024\/10\/2_DSCF1296-300x225.png 300w, https:\/\/lesarcanesdelattelage.fr\/wp-content\/uploads\/2024\/10\/2_DSCF1296-768x576.png 768w\" sizes=\"auto, (max-width: 800px) 100vw, 800px\" \/><\/figure>\n<\/div>\n\n<div class=\"wp-block-image\">\n<figure class=\"aligncenter size-large is-resized\"><img loading=\"lazy\" decoding=\"async\" width=\"768\" height=\"1024\" src=\"https:\/\/lesarcanesdelattelage.fr\/wp-content\/uploads\/2024\/10\/3_DSCF1364-768x1024.jpg\" alt=\"\" class=\"wp-image-519\" style=\"width:838px;height:auto\" srcset=\"https:\/\/lesarcanesdelattelage.fr\/wp-content\/uploads\/2024\/10\/3_DSCF1364-768x1024.jpg 768w, https:\/\/lesarcanesdelattelage.fr\/wp-content\/uploads\/2024\/10\/3_DSCF1364-225x300.jpg 225w, https:\/\/lesarcanesdelattelage.fr\/wp-content\/uploads\/2024\/10\/3_DSCF1364-1152x1536.jpg 1152w, https:\/\/lesarcanesdelattelage.fr\/wp-content\/uploads\/2024\/10\/3_DSCF1364-1536x2048.jpg 1536w, https:\/\/lesarcanesdelattelage.fr\/wp-content\/uploads\/2024\/10\/3_DSCF1364-1140x1520.jpg 1140w, https:\/\/lesarcanesdelattelage.fr\/wp-content\/uploads\/2024\/10\/3_DSCF1364-scaled.jpg 1920w\" sizes=\"auto, (max-width: 768px) 100vw, 768px\" \/><\/figure>\n<\/div>\n\n\n<p>.<\/p>\n\n\n\n<p>.<\/p>\n\n\n<div class=\"wp-block-image\">\n<figure class=\"aligncenter size-full\"><img loading=\"lazy\" decoding=\"async\" width=\"864\" height=\"551\" src=\"https:\/\/lesarcanesdelattelage.fr\/wp-content\/uploads\/2024\/09\/Capture-decran-2024-09-20-132151.jpg\" alt=\"\" class=\"wp-image-507\" srcset=\"https:\/\/lesarcanesdelattelage.fr\/wp-content\/uploads\/2024\/09\/Capture-decran-2024-09-20-132151.jpg 864w, https:\/\/lesarcanesdelattelage.fr\/wp-content\/uploads\/2024\/09\/Capture-decran-2024-09-20-132151-300x191.jpg 300w, https:\/\/lesarcanesdelattelage.fr\/wp-content\/uploads\/2024\/09\/Capture-decran-2024-09-20-132151-768x490.jpg 768w\" sizes=\"auto, (max-width: 864px) 100vw, 864px\" \/><\/figure>\n<\/div>\n\n\n<p class=\"has-text-align-center\"><em>Merci aux organisateurs, et plus particuli\u00e8rement \u00e0 Michel Bernadac Pr\u00e9sident du jury et \u00e0 Michel Valat au chronom\u00e8tre pour le calcul des r\u00e9sultats.<\/em><\/p>\n\n\n\n<p><\/p>\n","protected":false},"excerpt":{"rendered":"<p>Castelsagrat en Tarn-et-Garonne les 14 et 15 septembre 2024 Les Arcanes de l\u2019Attelages et son attelage de quatre chevaux comtois remportent le championnat de France 2024. Invaincus depuis 2018, la condition physique des chevaux, ne cesse de s\u2019am\u00e9liorer. De belles images gr\u00e2ce \u00e0 la pr\u00e9sence de la presse locale en l&rsquo;occurrence la D\u00e9p\u00eache du midi. Un attelage c&rsquo;est un coach : Francis Gimenez toujours avec nous, Alain Chabot : fid\u00e8le, l&rsquo;\u00e9lite des routeurs, Cathy pour le laborieux entrainement des chevaux&#8230; Un meneur ne m\u00e8ne \u00e0 rien s&rsquo;il est seul&#8230; Montage tr\u00e8s sympathique r\u00e9alis\u00e9 par Victoire Talamona Pour ceux qui sont \u00e0 pied. Pour ceux qui sont mal embarqu\u00e9s. L&rsquo;angoisse avant les r\u00e9sultats. . . Anthony Arda et Marie Audrey Est\u00e8ve avec Athena Club Poney Solo Elite 1er : m\u00e9daille d&rsquo;or . . Maryline Marquis et Elvis Peter avec Trinquilizer Club Poney Solo Elite 3\u00e9me : m\u00e9daille de bronze . . Kevin Dias et Sylvette Antonietti avec Reinette Club Elite Grand Prix 1er : m\u00e9daille d&rsquo;or . . Victoire Talamona et Wiljan Poels avec Hamza Club Sulky Elite 2\u00e8me : m\u00e9daille d&rsquo;argent . . Merci aux organisateurs, et plus particuli\u00e8rement \u00e0 Michel Bernadac Pr\u00e9sident du jury et \u00e0 Michel Valat au chronom\u00e8tre pour le calcul des r\u00e9sultats.<\/p>\n","protected":false},"author":1,"featured_media":0,"parent":0,"menu_order":0,"comment_status":"closed","ping_status":"closed","template":"","meta":{"footnotes":""},"class_list":["post-482","page","type-page","status-publish","hentry"],"_links":{"self":[{"href":"https:\/\/lesarcanesdelattelage.fr\/index.php\/wp-json\/wp\/v2\/pages\/482","targetHints":{"allow":["GET"]}}],"collection":[{"href":"https:\/\/lesarcanesdelattelage.fr\/index.php\/wp-json\/wp\/v2\/pages"}],"about":[{"href":"https:\/\/lesarcanesdelattelage.fr\/index.php\/wp-json\/wp\/v2\/types\/page"}],"author":[{"embeddable":true,"href":"https:\/\/lesarcanesdelattelage.fr\/index.php\/wp-json\/wp\/v2\/users\/1"}],"replies":[{"embeddable":true,"href":"https:\/\/lesarcanesdelattelage.fr\/index.php\/wp-json\/wp\/v2\/comments?post=482"}],"version-history":[{"count":18,"href":"https:\/\/lesarcanesdelattelage.fr\/index.php\/wp-json\/wp\/v2\/pages\/482\/revisions"}],"predecessor-version":[{"id":543,"href":"https:\/\/lesarcanesdelattelage.fr\/index.php\/wp-json\/wp\/v2\/pages\/482\/revisions\/543"}],"wp:attachment":[{"href":"https:\/\/lesarcanesdelattelage.fr\/index.php\/wp-json\/wp\/v2\/media?parent=482"}],"curies":[{"name":"wp","href":"https:\/\/api.w.org\/{rel}","templated":true}]}}