{"id":395,"date":"2023-09-22T10:02:32","date_gmt":"2023-09-22T08:02:32","guid":{"rendered":"https:\/\/lesarcanesdelattelage.fr\/?page_id=395"},"modified":"2023-09-22T10:02:32","modified_gmt":"2023-09-22T08:02:32","slug":"qualification-loisir-a-espere-septembre-2016","status":"publish","type":"page","link":"https:\/\/lesarcanesdelattelage.fr\/index.php\/qualification-loisir-a-espere-septembre-2016\/","title":{"rendered":"Qualification Loisir \u00e0 Esp\u00e8re septembre 2016"},"content":{"rendered":"\n<p><\/p>\n\n\n\n<p><strong>Les \u00e9preuves de qualification loisir organis\u00e9es par les Haras Nationaux \u00e9valuent les chevaux selon plusieurs crit\u00e8res qui attestent de leurs aptitudes \u00e0 effectuer un travail en toute s\u00e9curit\u00e9.<\/strong><\/p>\n\n\n\n<p><\/p>\n\n\n<div class=\"wp-block-image\">\n<figure class=\"aligncenter size-large\"><img loading=\"lazy\" decoding=\"async\" width=\"1024\" height=\"768\" src=\"https:\/\/lesarcanesdelattelage.fr\/wp-content\/uploads\/2023\/09\/P1060710-1024x768.jpg\" alt=\"\" class=\"wp-image-396\" srcset=\"https:\/\/lesarcanesdelattelage.fr\/wp-content\/uploads\/2023\/09\/P1060710-1024x768.jpg 1024w, https:\/\/lesarcanesdelattelage.fr\/wp-content\/uploads\/2023\/09\/P1060710-300x225.jpg 300w, https:\/\/lesarcanesdelattelage.fr\/wp-content\/uploads\/2023\/09\/P1060710-768x576.jpg 768w, https:\/\/lesarcanesdelattelage.fr\/wp-content\/uploads\/2023\/09\/P1060710-1536x1152.jpg 1536w, https:\/\/lesarcanesdelattelage.fr\/wp-content\/uploads\/2023\/09\/P1060710-2048x1536.jpg 2048w, https:\/\/lesarcanesdelattelage.fr\/wp-content\/uploads\/2023\/09\/P1060710-1140x855.jpg 1140w\" sizes=\"auto, (max-width: 1024px) 100vw, 1024px\" \/><\/figure>\n<\/div>\n\n\n<p><\/p>\n\n\n<div class=\"wp-block-image\">\n<figure class=\"aligncenter size-large\"><img loading=\"lazy\" decoding=\"async\" width=\"1024\" height=\"768\" src=\"https:\/\/lesarcanesdelattelage.fr\/wp-content\/uploads\/2023\/09\/P1060727-1024x768.jpg\" alt=\"\" class=\"wp-image-397\" srcset=\"https:\/\/lesarcanesdelattelage.fr\/wp-content\/uploads\/2023\/09\/P1060727-1024x768.jpg 1024w, https:\/\/lesarcanesdelattelage.fr\/wp-content\/uploads\/2023\/09\/P1060727-300x225.jpg 300w, https:\/\/lesarcanesdelattelage.fr\/wp-content\/uploads\/2023\/09\/P1060727-768x576.jpg 768w, https:\/\/lesarcanesdelattelage.fr\/wp-content\/uploads\/2023\/09\/P1060727-1536x1152.jpg 1536w, https:\/\/lesarcanesdelattelage.fr\/wp-content\/uploads\/2023\/09\/P1060727-2048x1536.jpg 2048w, https:\/\/lesarcanesdelattelage.fr\/wp-content\/uploads\/2023\/09\/P1060727-1140x855.jpg 1140w\" sizes=\"auto, (max-width: 1024px) 100vw, 1024px\" \/><\/figure>\n<\/div>\n\n\n<p><\/p>\n\n\n<div class=\"wp-block-image\">\n<figure class=\"aligncenter size-large\"><img loading=\"lazy\" decoding=\"async\" width=\"1024\" height=\"768\" src=\"https:\/\/lesarcanesdelattelage.fr\/wp-content\/uploads\/2023\/09\/P1060738-1024x768.jpg\" alt=\"\" class=\"wp-image-398\" srcset=\"https:\/\/lesarcanesdelattelage.fr\/wp-content\/uploads\/2023\/09\/P1060738-1024x768.jpg 1024w, https:\/\/lesarcanesdelattelage.fr\/wp-content\/uploads\/2023\/09\/P1060738-300x225.jpg 300w, https:\/\/lesarcanesdelattelage.fr\/wp-content\/uploads\/2023\/09\/P1060738-768x576.jpg 768w, https:\/\/lesarcanesdelattelage.fr\/wp-content\/uploads\/2023\/09\/P1060738-1536x1152.jpg 1536w, https:\/\/lesarcanesdelattelage.fr\/wp-content\/uploads\/2023\/09\/P1060738-2048x1536.jpg 2048w, https:\/\/lesarcanesdelattelage.fr\/wp-content\/uploads\/2023\/09\/P1060738-1140x855.jpg 1140w\" sizes=\"auto, (max-width: 1024px) 100vw, 1024px\" \/><\/figure>\n<\/div>\n\n\n<p><\/p>\n\n\n<div class=\"wp-block-image\">\n<figure class=\"aligncenter size-large\"><img loading=\"lazy\" decoding=\"async\" width=\"1024\" height=\"768\" src=\"https:\/\/lesarcanesdelattelage.fr\/wp-content\/uploads\/2023\/09\/P1060739-1024x768.jpg\" alt=\"\" class=\"wp-image-399\" srcset=\"https:\/\/lesarcanesdelattelage.fr\/wp-content\/uploads\/2023\/09\/P1060739-1024x768.jpg 1024w, https:\/\/lesarcanesdelattelage.fr\/wp-content\/uploads\/2023\/09\/P1060739-300x225.jpg 300w, https:\/\/lesarcanesdelattelage.fr\/wp-content\/uploads\/2023\/09\/P1060739-768x576.jpg 768w, https:\/\/lesarcanesdelattelage.fr\/wp-content\/uploads\/2023\/09\/P1060739-1536x1152.jpg 1536w, https:\/\/lesarcanesdelattelage.fr\/wp-content\/uploads\/2023\/09\/P1060739-2048x1536.jpg 2048w, https:\/\/lesarcanesdelattelage.fr\/wp-content\/uploads\/2023\/09\/P1060739-1140x855.jpg 1140w\" sizes=\"auto, (max-width: 1024px) 100vw, 1024px\" \/><\/figure>\n<\/div>\n\n\n<p><\/p>\n\n\n<div class=\"wp-block-image\">\n<figure class=\"aligncenter size-large\"><img loading=\"lazy\" decoding=\"async\" width=\"1024\" height=\"768\" src=\"https:\/\/lesarcanesdelattelage.fr\/wp-content\/uploads\/2023\/09\/P1060741-1024x768.jpg\" alt=\"\" class=\"wp-image-400\" srcset=\"https:\/\/lesarcanesdelattelage.fr\/wp-content\/uploads\/2023\/09\/P1060741-1024x768.jpg 1024w, https:\/\/lesarcanesdelattelage.fr\/wp-content\/uploads\/2023\/09\/P1060741-300x225.jpg 300w, https:\/\/lesarcanesdelattelage.fr\/wp-content\/uploads\/2023\/09\/P1060741-768x576.jpg 768w, https:\/\/lesarcanesdelattelage.fr\/wp-content\/uploads\/2023\/09\/P1060741-1536x1152.jpg 1536w, https:\/\/lesarcanesdelattelage.fr\/wp-content\/uploads\/2023\/09\/P1060741-2048x1536.jpg 2048w, https:\/\/lesarcanesdelattelage.fr\/wp-content\/uploads\/2023\/09\/P1060741-1140x855.jpg 1140w\" sizes=\"auto, (max-width: 1024px) 100vw, 1024px\" \/><\/figure>\n<\/div>\n\n\n<p><\/p>\n\n\n<div class=\"wp-block-image\">\n<figure class=\"aligncenter size-large\"><img loading=\"lazy\" decoding=\"async\" width=\"1024\" height=\"768\" src=\"https:\/\/lesarcanesdelattelage.fr\/wp-content\/uploads\/2023\/09\/P1060744-1024x768.jpg\" alt=\"\" class=\"wp-image-401\" srcset=\"https:\/\/lesarcanesdelattelage.fr\/wp-content\/uploads\/2023\/09\/P1060744-1024x768.jpg 1024w, https:\/\/lesarcanesdelattelage.fr\/wp-content\/uploads\/2023\/09\/P1060744-300x225.jpg 300w, https:\/\/lesarcanesdelattelage.fr\/wp-content\/uploads\/2023\/09\/P1060744-768x576.jpg 768w, https:\/\/lesarcanesdelattelage.fr\/wp-content\/uploads\/2023\/09\/P1060744-1536x1152.jpg 1536w, https:\/\/lesarcanesdelattelage.fr\/wp-content\/uploads\/2023\/09\/P1060744-2048x1536.jpg 2048w, https:\/\/lesarcanesdelattelage.fr\/wp-content\/uploads\/2023\/09\/P1060744-1140x855.jpg 1140w\" sizes=\"auto, (max-width: 1024px) 100vw, 1024px\" \/><\/figure>\n<\/div>\n\n\n<p><\/p>\n\n\n<div class=\"wp-block-image\">\n<figure class=\"aligncenter size-large\"><img loading=\"lazy\" decoding=\"async\" width=\"1024\" height=\"768\" src=\"https:\/\/lesarcanesdelattelage.fr\/wp-content\/uploads\/2023\/09\/P1060745-1024x768.jpg\" alt=\"\" class=\"wp-image-402\" srcset=\"https:\/\/lesarcanesdelattelage.fr\/wp-content\/uploads\/2023\/09\/P1060745-1024x768.jpg 1024w, https:\/\/lesarcanesdelattelage.fr\/wp-content\/uploads\/2023\/09\/P1060745-300x225.jpg 300w, https:\/\/lesarcanesdelattelage.fr\/wp-content\/uploads\/2023\/09\/P1060745-768x576.jpg 768w, https:\/\/lesarcanesdelattelage.fr\/wp-content\/uploads\/2023\/09\/P1060745-1536x1152.jpg 1536w, https:\/\/lesarcanesdelattelage.fr\/wp-content\/uploads\/2023\/09\/P1060745-2048x1536.jpg 2048w, https:\/\/lesarcanesdelattelage.fr\/wp-content\/uploads\/2023\/09\/P1060745-1140x855.jpg 1140w\" sizes=\"auto, (max-width: 1024px) 100vw, 1024px\" \/><\/figure>\n<\/div>\n\n\n<p><\/p>\n\n\n<div class=\"wp-block-image\">\n<figure class=\"aligncenter size-large\"><img loading=\"lazy\" decoding=\"async\" width=\"1024\" height=\"768\" src=\"https:\/\/lesarcanesdelattelage.fr\/wp-content\/uploads\/2023\/09\/P1060749-1024x768.jpg\" alt=\"\" class=\"wp-image-403\" srcset=\"https:\/\/lesarcanesdelattelage.fr\/wp-content\/uploads\/2023\/09\/P1060749-1024x768.jpg 1024w, https:\/\/lesarcanesdelattelage.fr\/wp-content\/uploads\/2023\/09\/P1060749-300x225.jpg 300w, https:\/\/lesarcanesdelattelage.fr\/wp-content\/uploads\/2023\/09\/P1060749-768x576.jpg 768w, https:\/\/lesarcanesdelattelage.fr\/wp-content\/uploads\/2023\/09\/P1060749-1536x1152.jpg 1536w, https:\/\/lesarcanesdelattelage.fr\/wp-content\/uploads\/2023\/09\/P1060749-2048x1536.jpg 2048w, https:\/\/lesarcanesdelattelage.fr\/wp-content\/uploads\/2023\/09\/P1060749-1140x855.jpg 1140w\" sizes=\"auto, (max-width: 1024px) 100vw, 1024px\" \/><\/figure>\n<\/div>\n\n\n<p><\/p>\n\n\n<div class=\"wp-block-image\">\n<figure class=\"aligncenter size-large\"><img loading=\"lazy\" decoding=\"async\" width=\"1024\" height=\"768\" src=\"https:\/\/lesarcanesdelattelage.fr\/wp-content\/uploads\/2023\/09\/P1060748-1024x768.jpg\" alt=\"\" class=\"wp-image-404\" srcset=\"https:\/\/lesarcanesdelattelage.fr\/wp-content\/uploads\/2023\/09\/P1060748-1024x768.jpg 1024w, https:\/\/lesarcanesdelattelage.fr\/wp-content\/uploads\/2023\/09\/P1060748-300x225.jpg 300w, https:\/\/lesarcanesdelattelage.fr\/wp-content\/uploads\/2023\/09\/P1060748-768x576.jpg 768w, https:\/\/lesarcanesdelattelage.fr\/wp-content\/uploads\/2023\/09\/P1060748-1536x1152.jpg 1536w, https:\/\/lesarcanesdelattelage.fr\/wp-content\/uploads\/2023\/09\/P1060748-2048x1536.jpg 2048w, https:\/\/lesarcanesdelattelage.fr\/wp-content\/uploads\/2023\/09\/P1060748-1140x855.jpg 1140w\" sizes=\"auto, (max-width: 1024px) 100vw, 1024px\" \/><\/figure>\n<\/div>\n\n\n<p><\/p>\n\n\n<div class=\"wp-block-image\">\n<figure class=\"aligncenter size-large\"><img loading=\"lazy\" decoding=\"async\" width=\"1024\" height=\"768\" src=\"https:\/\/lesarcanesdelattelage.fr\/wp-content\/uploads\/2023\/09\/P1060740-1024x768.jpg\" alt=\"\" class=\"wp-image-405\" srcset=\"https:\/\/lesarcanesdelattelage.fr\/wp-content\/uploads\/2023\/09\/P1060740-1024x768.jpg 1024w, https:\/\/lesarcanesdelattelage.fr\/wp-content\/uploads\/2023\/09\/P1060740-300x225.jpg 300w, https:\/\/lesarcanesdelattelage.fr\/wp-content\/uploads\/2023\/09\/P1060740-768x576.jpg 768w, https:\/\/lesarcanesdelattelage.fr\/wp-content\/uploads\/2023\/09\/P1060740-1536x1152.jpg 1536w, https:\/\/lesarcanesdelattelage.fr\/wp-content\/uploads\/2023\/09\/P1060740-2048x1536.jpg 2048w, https:\/\/lesarcanesdelattelage.fr\/wp-content\/uploads\/2023\/09\/P1060740-1140x855.jpg 1140w\" sizes=\"auto, (max-width: 1024px) 100vw, 1024px\" \/><\/figure>\n<\/div>\n\n\n<p><\/p>\n\n\n\n<figure class=\"wp-block-image size-large\"><img loading=\"lazy\" decoding=\"async\" width=\"1024\" height=\"768\" src=\"https:\/\/lesarcanesdelattelage.fr\/wp-content\/uploads\/2023\/09\/P1060788-1024x768.jpg\" alt=\"\" class=\"wp-image-406\" srcset=\"https:\/\/lesarcanesdelattelage.fr\/wp-content\/uploads\/2023\/09\/P1060788-1024x768.jpg 1024w, https:\/\/lesarcanesdelattelage.fr\/wp-content\/uploads\/2023\/09\/P1060788-300x225.jpg 300w, https:\/\/lesarcanesdelattelage.fr\/wp-content\/uploads\/2023\/09\/P1060788-768x576.jpg 768w, https:\/\/lesarcanesdelattelage.fr\/wp-content\/uploads\/2023\/09\/P1060788-1536x1152.jpg 1536w, https:\/\/lesarcanesdelattelage.fr\/wp-content\/uploads\/2023\/09\/P1060788-2048x1536.jpg 2048w, https:\/\/lesarcanesdelattelage.fr\/wp-content\/uploads\/2023\/09\/P1060788-1140x855.jpg 1140w\" sizes=\"auto, (max-width: 1024px) 100vw, 1024px\" \/><\/figure>\n\n\n\n<p><\/p>\n\n\n\n<figure class=\"wp-block-image size-large\"><img loading=\"lazy\" decoding=\"async\" width=\"1024\" height=\"768\" src=\"https:\/\/lesarcanesdelattelage.fr\/wp-content\/uploads\/2023\/09\/IMG_4562-1024x768.jpg\" alt=\"\" class=\"wp-image-407\" srcset=\"https:\/\/lesarcanesdelattelage.fr\/wp-content\/uploads\/2023\/09\/IMG_4562-1024x768.jpg 1024w, https:\/\/lesarcanesdelattelage.fr\/wp-content\/uploads\/2023\/09\/IMG_4562-300x225.jpg 300w, https:\/\/lesarcanesdelattelage.fr\/wp-content\/uploads\/2023\/09\/IMG_4562-768x576.jpg 768w, https:\/\/lesarcanesdelattelage.fr\/wp-content\/uploads\/2023\/09\/IMG_4562-1536x1152.jpg 1536w, https:\/\/lesarcanesdelattelage.fr\/wp-content\/uploads\/2023\/09\/IMG_4562-2048x1536.jpg 2048w, https:\/\/lesarcanesdelattelage.fr\/wp-content\/uploads\/2023\/09\/IMG_4562-1140x855.jpg 1140w\" sizes=\"auto, (max-width: 1024px) 100vw, 1024px\" \/><\/figure>\n\n\n\n<p><\/p>\n\n\n\n<p class=\"has-text-align-center\"><strong>En fonction de leurs r\u00e9sultats les chevaux sont :<\/strong><\/p>\n\n\n\n<p class=\"has-text-align-center\"><strong>Ajourn\u00e9s ou bien&nbsp;class\u00e9s : \u00ab\u00a0qualifi\u00e9\u00a0\u00bb \u00ab\u00a0s\u00e9lection\u00a0\u00bb ou bien \u00ab\u00a0\u00e9lite\u00a0\u00bb pour les plus performants.<\/strong><\/p>\n\n\n\n<p><\/p>\n\n\n\n<p class=\"has-text-align-center\"><strong>Qualification Loisir attel\u00e9e<\/strong><\/p>\n\n\n\n<p><\/p>\n\n\n\n<figure class=\"wp-block-image size-large\"><img loading=\"lazy\" decoding=\"async\" width=\"1024\" height=\"768\" src=\"https:\/\/lesarcanesdelattelage.fr\/wp-content\/uploads\/2023\/09\/P1060863-1024x768.jpg\" alt=\"\" class=\"wp-image-408\" srcset=\"https:\/\/lesarcanesdelattelage.fr\/wp-content\/uploads\/2023\/09\/P1060863-1024x768.jpg 1024w, https:\/\/lesarcanesdelattelage.fr\/wp-content\/uploads\/2023\/09\/P1060863-300x225.jpg 300w, https:\/\/lesarcanesdelattelage.fr\/wp-content\/uploads\/2023\/09\/P1060863-768x576.jpg 768w, https:\/\/lesarcanesdelattelage.fr\/wp-content\/uploads\/2023\/09\/P1060863-1536x1152.jpg 1536w, https:\/\/lesarcanesdelattelage.fr\/wp-content\/uploads\/2023\/09\/P1060863-2048x1536.jpg 2048w, https:\/\/lesarcanesdelattelage.fr\/wp-content\/uploads\/2023\/09\/P1060863-1140x855.jpg 1140w\" sizes=\"auto, (max-width: 1024px) 100vw, 1024px\" \/><\/figure>\n\n\n\n<p><\/p>\n\n\n\n<figure class=\"wp-block-image size-large\"><img loading=\"lazy\" decoding=\"async\" width=\"1024\" height=\"768\" src=\"https:\/\/lesarcanesdelattelage.fr\/wp-content\/uploads\/2023\/09\/P1060834-1024x768.jpg\" alt=\"\" class=\"wp-image-409\" srcset=\"https:\/\/lesarcanesdelattelage.fr\/wp-content\/uploads\/2023\/09\/P1060834-1024x768.jpg 1024w, https:\/\/lesarcanesdelattelage.fr\/wp-content\/uploads\/2023\/09\/P1060834-300x225.jpg 300w, https:\/\/lesarcanesdelattelage.fr\/wp-content\/uploads\/2023\/09\/P1060834-768x576.jpg 768w, https:\/\/lesarcanesdelattelage.fr\/wp-content\/uploads\/2023\/09\/P1060834-1536x1152.jpg 1536w, https:\/\/lesarcanesdelattelage.fr\/wp-content\/uploads\/2023\/09\/P1060834-2048x1536.jpg 2048w, https:\/\/lesarcanesdelattelage.fr\/wp-content\/uploads\/2023\/09\/P1060834-1140x855.jpg 1140w\" sizes=\"auto, (max-width: 1024px) 100vw, 1024px\" \/><\/figure>\n\n\n\n<p><\/p>\n\n\n\n<figure class=\"wp-block-image size-large\"><img loading=\"lazy\" decoding=\"async\" width=\"1024\" height=\"681\" src=\"https:\/\/lesarcanesdelattelage.fr\/wp-content\/uploads\/2023\/09\/IMG_5558-1024x681.jpg\" alt=\"\" class=\"wp-image-410\" srcset=\"https:\/\/lesarcanesdelattelage.fr\/wp-content\/uploads\/2023\/09\/IMG_5558-1024x681.jpg 1024w, https:\/\/lesarcanesdelattelage.fr\/wp-content\/uploads\/2023\/09\/IMG_5558-300x200.jpg 300w, https:\/\/lesarcanesdelattelage.fr\/wp-content\/uploads\/2023\/09\/IMG_5558-768x511.jpg 768w, https:\/\/lesarcanesdelattelage.fr\/wp-content\/uploads\/2023\/09\/IMG_5558-1536x1022.jpg 1536w, https:\/\/lesarcanesdelattelage.fr\/wp-content\/uploads\/2023\/09\/IMG_5558-1140x758.jpg 1140w, https:\/\/lesarcanesdelattelage.fr\/wp-content\/uploads\/2023\/09\/IMG_5558.jpg 1936w\" sizes=\"auto, (max-width: 1024px) 100vw, 1024px\" \/><\/figure>\n\n\n\n<p><\/p>\n\n\n\n<figure class=\"wp-block-image size-large\"><img loading=\"lazy\" decoding=\"async\" width=\"1024\" height=\"768\" src=\"https:\/\/lesarcanesdelattelage.fr\/wp-content\/uploads\/2023\/09\/P1060836-1024x768.jpg\" alt=\"\" class=\"wp-image-411\" srcset=\"https:\/\/lesarcanesdelattelage.fr\/wp-content\/uploads\/2023\/09\/P1060836-1024x768.jpg 1024w, https:\/\/lesarcanesdelattelage.fr\/wp-content\/uploads\/2023\/09\/P1060836-300x225.jpg 300w, https:\/\/lesarcanesdelattelage.fr\/wp-content\/uploads\/2023\/09\/P1060836-768x576.jpg 768w, https:\/\/lesarcanesdelattelage.fr\/wp-content\/uploads\/2023\/09\/P1060836-1536x1152.jpg 1536w, https:\/\/lesarcanesdelattelage.fr\/wp-content\/uploads\/2023\/09\/P1060836-2048x1536.jpg 2048w, https:\/\/lesarcanesdelattelage.fr\/wp-content\/uploads\/2023\/09\/P1060836-1140x855.jpg 1140w\" sizes=\"auto, (max-width: 1024px) 100vw, 1024px\" \/><\/figure>\n\n\n\n<p><\/p>\n\n\n\n<figure class=\"wp-block-image size-large\"><img loading=\"lazy\" decoding=\"async\" width=\"1024\" height=\"768\" src=\"https:\/\/lesarcanesdelattelage.fr\/wp-content\/uploads\/2023\/09\/P1060841-1024x768.jpg\" alt=\"\" class=\"wp-image-412\" srcset=\"https:\/\/lesarcanesdelattelage.fr\/wp-content\/uploads\/2023\/09\/P1060841-1024x768.jpg 1024w, https:\/\/lesarcanesdelattelage.fr\/wp-content\/uploads\/2023\/09\/P1060841-300x225.jpg 300w, https:\/\/lesarcanesdelattelage.fr\/wp-content\/uploads\/2023\/09\/P1060841-768x576.jpg 768w, https:\/\/lesarcanesdelattelage.fr\/wp-content\/uploads\/2023\/09\/P1060841-1536x1152.jpg 1536w, https:\/\/lesarcanesdelattelage.fr\/wp-content\/uploads\/2023\/09\/P1060841-2048x1536.jpg 2048w, https:\/\/lesarcanesdelattelage.fr\/wp-content\/uploads\/2023\/09\/P1060841-1140x855.jpg 1140w\" sizes=\"auto, (max-width: 1024px) 100vw, 1024px\" \/><\/figure>\n\n\n\n<p><\/p>\n\n\n<div class=\"wp-block-image\">\n<figure class=\"aligncenter size-large\"><img loading=\"lazy\" decoding=\"async\" width=\"768\" height=\"1024\" src=\"https:\/\/lesarcanesdelattelage.fr\/wp-content\/uploads\/2023\/09\/P1060844-768x1024.jpg\" alt=\"\" class=\"wp-image-413\" srcset=\"https:\/\/lesarcanesdelattelage.fr\/wp-content\/uploads\/2023\/09\/P1060844-768x1024.jpg 768w, https:\/\/lesarcanesdelattelage.fr\/wp-content\/uploads\/2023\/09\/P1060844-225x300.jpg 225w, https:\/\/lesarcanesdelattelage.fr\/wp-content\/uploads\/2023\/09\/P1060844-1152x1536.jpg 1152w, https:\/\/lesarcanesdelattelage.fr\/wp-content\/uploads\/2023\/09\/P1060844-1536x2048.jpg 1536w, https:\/\/lesarcanesdelattelage.fr\/wp-content\/uploads\/2023\/09\/P1060844-1140x1520.jpg 1140w, https:\/\/lesarcanesdelattelage.fr\/wp-content\/uploads\/2023\/09\/P1060844-scaled.jpg 1920w\" sizes=\"auto, (max-width: 768px) 100vw, 768px\" \/><\/figure>\n<\/div>\n\n\n<p><\/p>\n\n\n<div class=\"wp-block-image\">\n<figure class=\"aligncenter size-large\"><img loading=\"lazy\" decoding=\"async\" width=\"1024\" height=\"768\" src=\"https:\/\/lesarcanesdelattelage.fr\/wp-content\/uploads\/2023\/09\/IMG_4660-1024x768.jpg\" alt=\"\" class=\"wp-image-414\" srcset=\"https:\/\/lesarcanesdelattelage.fr\/wp-content\/uploads\/2023\/09\/IMG_4660-1024x768.jpg 1024w, https:\/\/lesarcanesdelattelage.fr\/wp-content\/uploads\/2023\/09\/IMG_4660-300x225.jpg 300w, https:\/\/lesarcanesdelattelage.fr\/wp-content\/uploads\/2023\/09\/IMG_4660-768x576.jpg 768w, https:\/\/lesarcanesdelattelage.fr\/wp-content\/uploads\/2023\/09\/IMG_4660-1536x1152.jpg 1536w, https:\/\/lesarcanesdelattelage.fr\/wp-content\/uploads\/2023\/09\/IMG_4660-1140x855.jpg 1140w, https:\/\/lesarcanesdelattelage.fr\/wp-content\/uploads\/2023\/09\/IMG_4660.jpg 1600w\" sizes=\"auto, (max-width: 1024px) 100vw, 1024px\" \/><\/figure>\n<\/div>","protected":false},"excerpt":{"rendered":"<p>Les \u00e9preuves de qualification loisir organis\u00e9es par les Haras Nationaux \u00e9valuent les chevaux selon plusieurs crit\u00e8res qui attestent de leurs aptitudes \u00e0 effectuer un travail en toute s\u00e9curit\u00e9. En fonction de leurs r\u00e9sultats les chevaux sont : Ajourn\u00e9s ou bien&nbsp;class\u00e9s : \u00ab\u00a0qualifi\u00e9\u00a0\u00bb \u00ab\u00a0s\u00e9lection\u00a0\u00bb ou bien \u00ab\u00a0\u00e9lite\u00a0\u00bb pour les plus performants. Qualification Loisir attel\u00e9e<\/p>\n","protected":false},"author":1,"featured_media":0,"parent":0,"menu_order":0,"comment_status":"closed","ping_status":"closed","template":"","meta":{"footnotes":""},"class_list":["post-395","page","type-page","status-publish","hentry"],"_links":{"self":[{"href":"https:\/\/lesarcanesdelattelage.fr\/index.php\/wp-json\/wp\/v2\/pages\/395","targetHints":{"allow":["GET"]}}],"collection":[{"href":"https:\/\/lesarcanesdelattelage.fr\/index.php\/wp-json\/wp\/v2\/pages"}],"about":[{"href":"https:\/\/lesarcanesdelattelage.fr\/index.php\/wp-json\/wp\/v2\/types\/page"}],"author":[{"embeddable":true,"href":"https:\/\/lesarcanesdelattelage.fr\/index.php\/wp-json\/wp\/v2\/users\/1"}],"replies":[{"embeddable":true,"href":"https:\/\/lesarcanesdelattelage.fr\/index.php\/wp-json\/wp\/v2\/comments?post=395"}],"version-history":[{"count":1,"href":"https:\/\/lesarcanesdelattelage.fr\/index.php\/wp-json\/wp\/v2\/pages\/395\/revisions"}],"predecessor-version":[{"id":416,"href":"https:\/\/lesarcanesdelattelage.fr\/index.php\/wp-json\/wp\/v2\/pages\/395\/revisions\/416"}],"wp:attachment":[{"href":"https:\/\/lesarcanesdelattelage.fr\/index.php\/wp-json\/wp\/v2\/media?parent=395"}],"curies":[{"name":"wp","href":"https:\/\/api.w.org\/{rel}","templated":true}]}}