{"id":333,"date":"2023-09-21T08:35:23","date_gmt":"2023-09-21T06:35:23","guid":{"rendered":"https:\/\/lesarcanesdelattelage.fr\/?page_id=333"},"modified":"2023-09-21T08:35:57","modified_gmt":"2023-09-21T06:35:57","slug":"endurance-en-attelage-a-montrejeau-juillet-2022","status":"publish","type":"page","link":"https:\/\/lesarcanesdelattelage.fr\/index.php\/endurance-en-attelage-a-montrejeau-juillet-2022\/","title":{"rendered":"Endurance en attelage \u00e0 Montr\u00e9jeau juillet 2022"},"content":{"rendered":"\n<p class=\"has-text-align-center\"><strong>Un tr\u00e8s beau parcours trac\u00e9 par Jean Louis Cast\u00e9ra, v\u00e9rifi\u00e9 et s\u00e9curis\u00e9 par Gilbert Miqueu juge de la comp\u00e9tition.<\/strong><\/p>\n\n\n\n<figure class=\"wp-block-embed is-type-video is-provider-youtube wp-block-embed-youtube wp-embed-aspect-16-9 wp-has-aspect-ratio\"><div class=\"wp-block-embed__wrapper\">\n<iframe loading=\"lazy\" title=\"montrejeau 03 07 22\" width=\"960\" height=\"540\" src=\"https:\/\/www.youtube.com\/embed\/ZQ5xr5KCg_Y?feature=oembed\" frameborder=\"0\" allow=\"accelerometer; autoplay; clipboard-write; encrypted-media; gyroscope; picture-in-picture; web-share\" allowfullscreen><\/iframe>\n<\/div><\/figure>\n\n\n\n<p><\/p>\n\n\n\n<figure class=\"wp-block-image size-large\"><img loading=\"lazy\" decoding=\"async\" width=\"1024\" height=\"768\" src=\"https:\/\/lesarcanesdelattelage.fr\/wp-content\/uploads\/2023\/09\/20220703_111919-1024x768.jpg\" alt=\"\" class=\"wp-image-334\" srcset=\"https:\/\/lesarcanesdelattelage.fr\/wp-content\/uploads\/2023\/09\/20220703_111919-1024x768.jpg 1024w, https:\/\/lesarcanesdelattelage.fr\/wp-content\/uploads\/2023\/09\/20220703_111919-300x225.jpg 300w, https:\/\/lesarcanesdelattelage.fr\/wp-content\/uploads\/2023\/09\/20220703_111919-768x576.jpg 768w, https:\/\/lesarcanesdelattelage.fr\/wp-content\/uploads\/2023\/09\/20220703_111919-1536x1152.jpg 1536w, https:\/\/lesarcanesdelattelage.fr\/wp-content\/uploads\/2023\/09\/20220703_111919-2048x1536.jpg 2048w, https:\/\/lesarcanesdelattelage.fr\/wp-content\/uploads\/2023\/09\/20220703_111919-1140x855.jpg 1140w\" sizes=\"auto, (max-width: 1024px) 100vw, 1024px\" \/><\/figure>\n\n\n\n<figure class=\"wp-block-image size-large\"><img loading=\"lazy\" decoding=\"async\" width=\"1024\" height=\"768\" src=\"https:\/\/lesarcanesdelattelage.fr\/wp-content\/uploads\/2023\/09\/20220703_113307-1024x768.jpg\" alt=\"\" class=\"wp-image-335\" srcset=\"https:\/\/lesarcanesdelattelage.fr\/wp-content\/uploads\/2023\/09\/20220703_113307-1024x768.jpg 1024w, https:\/\/lesarcanesdelattelage.fr\/wp-content\/uploads\/2023\/09\/20220703_113307-300x225.jpg 300w, https:\/\/lesarcanesdelattelage.fr\/wp-content\/uploads\/2023\/09\/20220703_113307-768x576.jpg 768w, https:\/\/lesarcanesdelattelage.fr\/wp-content\/uploads\/2023\/09\/20220703_113307-1536x1152.jpg 1536w, https:\/\/lesarcanesdelattelage.fr\/wp-content\/uploads\/2023\/09\/20220703_113307-2048x1536.jpg 2048w, https:\/\/lesarcanesdelattelage.fr\/wp-content\/uploads\/2023\/09\/20220703_113307-1140x855.jpg 1140w\" sizes=\"auto, (max-width: 1024px) 100vw, 1024px\" \/><\/figure>\n\n\n\n<figure class=\"wp-block-image size-large\"><img loading=\"lazy\" decoding=\"async\" width=\"1024\" height=\"768\" src=\"https:\/\/lesarcanesdelattelage.fr\/wp-content\/uploads\/2023\/09\/20220703_114706-1024x768.jpg\" alt=\"\" class=\"wp-image-336\" srcset=\"https:\/\/lesarcanesdelattelage.fr\/wp-content\/uploads\/2023\/09\/20220703_114706-1024x768.jpg 1024w, https:\/\/lesarcanesdelattelage.fr\/wp-content\/uploads\/2023\/09\/20220703_114706-300x225.jpg 300w, https:\/\/lesarcanesdelattelage.fr\/wp-content\/uploads\/2023\/09\/20220703_114706-768x576.jpg 768w, https:\/\/lesarcanesdelattelage.fr\/wp-content\/uploads\/2023\/09\/20220703_114706-1536x1152.jpg 1536w, https:\/\/lesarcanesdelattelage.fr\/wp-content\/uploads\/2023\/09\/20220703_114706-2048x1536.jpg 2048w, https:\/\/lesarcanesdelattelage.fr\/wp-content\/uploads\/2023\/09\/20220703_114706-1140x855.jpg 1140w\" sizes=\"auto, (max-width: 1024px) 100vw, 1024px\" \/><\/figure>\n\n\n\n<figure class=\"wp-block-image size-large\"><img loading=\"lazy\" decoding=\"async\" width=\"1024\" height=\"768\" src=\"https:\/\/lesarcanesdelattelage.fr\/wp-content\/uploads\/2023\/09\/20220703_124555-1024x768.jpg\" alt=\"\" class=\"wp-image-337\" srcset=\"https:\/\/lesarcanesdelattelage.fr\/wp-content\/uploads\/2023\/09\/20220703_124555-1024x768.jpg 1024w, https:\/\/lesarcanesdelattelage.fr\/wp-content\/uploads\/2023\/09\/20220703_124555-300x225.jpg 300w, https:\/\/lesarcanesdelattelage.fr\/wp-content\/uploads\/2023\/09\/20220703_124555-768x576.jpg 768w, https:\/\/lesarcanesdelattelage.fr\/wp-content\/uploads\/2023\/09\/20220703_124555-1536x1152.jpg 1536w, https:\/\/lesarcanesdelattelage.fr\/wp-content\/uploads\/2023\/09\/20220703_124555-2048x1536.jpg 2048w, https:\/\/lesarcanesdelattelage.fr\/wp-content\/uploads\/2023\/09\/20220703_124555-1140x855.jpg 1140w\" sizes=\"auto, (max-width: 1024px) 100vw, 1024px\" \/><\/figure>\n\n\n\n<figure class=\"wp-block-image size-large\"><img loading=\"lazy\" decoding=\"async\" width=\"1024\" height=\"768\" src=\"https:\/\/lesarcanesdelattelage.fr\/wp-content\/uploads\/2023\/09\/20220703_124730-1024x768.jpg\" alt=\"\" class=\"wp-image-338\" srcset=\"https:\/\/lesarcanesdelattelage.fr\/wp-content\/uploads\/2023\/09\/20220703_124730-1024x768.jpg 1024w, https:\/\/lesarcanesdelattelage.fr\/wp-content\/uploads\/2023\/09\/20220703_124730-300x225.jpg 300w, https:\/\/lesarcanesdelattelage.fr\/wp-content\/uploads\/2023\/09\/20220703_124730-768x576.jpg 768w, https:\/\/lesarcanesdelattelage.fr\/wp-content\/uploads\/2023\/09\/20220703_124730-1536x1152.jpg 1536w, https:\/\/lesarcanesdelattelage.fr\/wp-content\/uploads\/2023\/09\/20220703_124730-2048x1536.jpg 2048w, https:\/\/lesarcanesdelattelage.fr\/wp-content\/uploads\/2023\/09\/20220703_124730-1140x855.jpg 1140w\" sizes=\"auto, (max-width: 1024px) 100vw, 1024px\" \/><\/figure>\n\n\n<div class=\"wp-block-image\">\n<figure class=\"aligncenter size-large\"><img loading=\"lazy\" decoding=\"async\" width=\"768\" height=\"1024\" src=\"https:\/\/lesarcanesdelattelage.fr\/wp-content\/uploads\/2023\/09\/20220703_124429-768x1024.jpg\" alt=\"\" class=\"wp-image-339\" srcset=\"https:\/\/lesarcanesdelattelage.fr\/wp-content\/uploads\/2023\/09\/20220703_124429-768x1024.jpg 768w, https:\/\/lesarcanesdelattelage.fr\/wp-content\/uploads\/2023\/09\/20220703_124429-225x300.jpg 225w, https:\/\/lesarcanesdelattelage.fr\/wp-content\/uploads\/2023\/09\/20220703_124429-1152x1536.jpg 1152w, https:\/\/lesarcanesdelattelage.fr\/wp-content\/uploads\/2023\/09\/20220703_124429-1536x2048.jpg 1536w, https:\/\/lesarcanesdelattelage.fr\/wp-content\/uploads\/2023\/09\/20220703_124429-1140x1520.jpg 1140w, https:\/\/lesarcanesdelattelage.fr\/wp-content\/uploads\/2023\/09\/20220703_124429-scaled.jpg 1920w\" sizes=\"auto, (max-width: 768px) 100vw, 768px\" \/><\/figure>\n<\/div>","protected":false},"excerpt":{"rendered":"<p>Un tr\u00e8s beau parcours trac\u00e9 par Jean Louis Cast\u00e9ra, v\u00e9rifi\u00e9 et s\u00e9curis\u00e9 par Gilbert Miqueu juge de la comp\u00e9tition.<\/p>\n","protected":false},"author":1,"featured_media":0,"parent":0,"menu_order":0,"comment_status":"closed","ping_status":"closed","template":"","meta":{"footnotes":""},"class_list":["post-333","page","type-page","status-publish","hentry"],"_links":{"self":[{"href":"https:\/\/lesarcanesdelattelage.fr\/index.php\/wp-json\/wp\/v2\/pages\/333","targetHints":{"allow":["GET"]}}],"collection":[{"href":"https:\/\/lesarcanesdelattelage.fr\/index.php\/wp-json\/wp\/v2\/pages"}],"about":[{"href":"https:\/\/lesarcanesdelattelage.fr\/index.php\/wp-json\/wp\/v2\/types\/page"}],"author":[{"embeddable":true,"href":"https:\/\/lesarcanesdelattelage.fr\/index.php\/wp-json\/wp\/v2\/users\/1"}],"replies":[{"embeddable":true,"href":"https:\/\/lesarcanesdelattelage.fr\/index.php\/wp-json\/wp\/v2\/comments?post=333"}],"version-history":[{"count":2,"href":"https:\/\/lesarcanesdelattelage.fr\/index.php\/wp-json\/wp\/v2\/pages\/333\/revisions"}],"predecessor-version":[{"id":342,"href":"https:\/\/lesarcanesdelattelage.fr\/index.php\/wp-json\/wp\/v2\/pages\/333\/revisions\/342"}],"wp:attachment":[{"href":"https:\/\/lesarcanesdelattelage.fr\/index.php\/wp-json\/wp\/v2\/media?parent=333"}],"curies":[{"name":"wp","href":"https:\/\/api.w.org\/{rel}","templated":true}]}}