{"id":246,"date":"2023-09-20T10:59:30","date_gmt":"2023-09-20T08:59:30","guid":{"rendered":"https:\/\/lesarcanesdelattelage.fr\/?page_id=246"},"modified":"2023-09-20T15:15:54","modified_gmt":"2023-09-20T13:15:54","slug":"endurance-en-attelage","status":"publish","type":"page","link":"https:\/\/lesarcanesdelattelage.fr\/index.php\/endurance-en-attelage\/","title":{"rendered":"Endurance en attelage Bazillac mai 2018"},"content":{"rendered":"<div class=\"wp-block-image\">\n<figure class=\"aligncenter size-full\"><img loading=\"lazy\" decoding=\"async\" width=\"960\" height=\"720\" src=\"https:\/\/lesarcanesdelattelage.fr\/wp-content\/uploads\/2023\/09\/Diapositive1.jpg\" alt=\"\" class=\"wp-image-255\" srcset=\"https:\/\/lesarcanesdelattelage.fr\/wp-content\/uploads\/2023\/09\/Diapositive1.jpg 960w, https:\/\/lesarcanesdelattelage.fr\/wp-content\/uploads\/2023\/09\/Diapositive1-300x225.jpg 300w, https:\/\/lesarcanesdelattelage.fr\/wp-content\/uploads\/2023\/09\/Diapositive1-768x576.jpg 768w\" sizes=\"auto, (max-width: 960px) 100vw, 960px\" \/><\/figure>\n<\/div>\n\n<div class=\"wp-block-image\">\n<figure class=\"aligncenter size-large\"><img loading=\"lazy\" decoding=\"async\" width=\"1024\" height=\"768\" src=\"https:\/\/lesarcanesdelattelage.fr\/wp-content\/uploads\/2023\/09\/IMG_5139-1024x768.jpg\" alt=\"\" class=\"wp-image-252\" srcset=\"https:\/\/lesarcanesdelattelage.fr\/wp-content\/uploads\/2023\/09\/IMG_5139-1024x768.jpg 1024w, https:\/\/lesarcanesdelattelage.fr\/wp-content\/uploads\/2023\/09\/IMG_5139-300x225.jpg 300w, https:\/\/lesarcanesdelattelage.fr\/wp-content\/uploads\/2023\/09\/IMG_5139-768x576.jpg 768w, https:\/\/lesarcanesdelattelage.fr\/wp-content\/uploads\/2023\/09\/IMG_5139-1536x1152.jpg 1536w, https:\/\/lesarcanesdelattelage.fr\/wp-content\/uploads\/2023\/09\/IMG_5139-2048x1536.jpg 2048w, https:\/\/lesarcanesdelattelage.fr\/wp-content\/uploads\/2023\/09\/IMG_5139-1140x855.jpg 1140w\" sizes=\"auto, (max-width: 1024px) 100vw, 1024px\" \/><figcaption class=\"wp-element-caption\"><strong><em>Passage au ch\u00e2teau<\/em><\/strong><\/figcaption><\/figure>\n<\/div>\n\n\n<figure class=\"wp-block-embed is-type-video is-provider-youtube wp-block-embed-youtube wp-embed-aspect-16-9 wp-has-aspect-ratio\"><div class=\"wp-block-embed__wrapper\">\n<iframe loading=\"lazy\" title=\"bazillac1\" width=\"960\" height=\"540\" src=\"https:\/\/www.youtube.com\/embed\/6kFTczIfLak?feature=oembed\" frameborder=\"0\" allow=\"accelerometer; autoplay; clipboard-write; encrypted-media; gyroscope; picture-in-picture; web-share\" allowfullscreen><\/iframe>\n<\/div><\/figure>\n\n\n<div class=\"wp-block-image\">\n<figure class=\"aligncenter size-full\"><img loading=\"lazy\" decoding=\"async\" width=\"800\" height=\"591\" src=\"https:\/\/lesarcanesdelattelage.fr\/wp-content\/uploads\/2023\/09\/baz2.jpg\" alt=\"\" class=\"wp-image-253\" srcset=\"https:\/\/lesarcanesdelattelage.fr\/wp-content\/uploads\/2023\/09\/baz2.jpg 800w, https:\/\/lesarcanesdelattelage.fr\/wp-content\/uploads\/2023\/09\/baz2-300x222.jpg 300w, https:\/\/lesarcanesdelattelage.fr\/wp-content\/uploads\/2023\/09\/baz2-768x567.jpg 768w\" sizes=\"auto, (max-width: 800px) 100vw, 800px\" \/><figcaption class=\"wp-element-caption\"><strong><em>Un premier gu\u00e9<\/em><\/strong><\/figcaption><\/figure>\n<\/div>\n\n\n<figure class=\"wp-block-embed is-type-video is-provider-youtube wp-block-embed-youtube wp-embed-aspect-16-9 wp-has-aspect-ratio\"><div class=\"wp-block-embed__wrapper\">\n<iframe loading=\"lazy\" title=\"bazillac3\" width=\"960\" height=\"540\" src=\"https:\/\/www.youtube.com\/embed\/52GJJYo3DrM?feature=oembed\" frameborder=\"0\" allow=\"accelerometer; autoplay; clipboard-write; encrypted-media; gyroscope; picture-in-picture; web-share\" allowfullscreen><\/iframe>\n<\/div><\/figure>\n\n\n\n<figure class=\"wp-block-embed is-type-video is-provider-youtube wp-block-embed-youtube wp-embed-aspect-16-9 wp-has-aspect-ratio\"><div class=\"wp-block-embed__wrapper\">\n<iframe loading=\"lazy\" title=\"bazillac4\" width=\"960\" height=\"540\" src=\"https:\/\/www.youtube.com\/embed\/IoN-1eEdA6U?feature=oembed\" frameborder=\"0\" allow=\"accelerometer; autoplay; clipboard-write; encrypted-media; gyroscope; picture-in-picture; web-share\" allowfullscreen><\/iframe>\n<\/div><\/figure>\n\n\n\n<figure class=\"wp-block-embed is-type-video is-provider-youtube wp-block-embed-youtube wp-embed-aspect-16-9 wp-has-aspect-ratio\"><div class=\"wp-block-embed__wrapper\">\n<iframe loading=\"lazy\" title=\"bazillac5\" width=\"960\" height=\"540\" src=\"https:\/\/www.youtube.com\/embed\/VqxKZzit_GA?feature=oembed\" frameborder=\"0\" allow=\"accelerometer; autoplay; clipboard-write; encrypted-media; gyroscope; picture-in-picture; web-share\" allowfullscreen><\/iframe>\n<\/div><\/figure>\n\n\n\n<p class=\"has-text-align-center\"><strong><em>Un second gu\u00e9<\/em><\/strong><\/p>\n\n\n\n<figure class=\"wp-block-embed is-type-video is-provider-youtube wp-block-embed-youtube wp-embed-aspect-16-9 wp-has-aspect-ratio\"><div class=\"wp-block-embed__wrapper\">\n<iframe loading=\"lazy\" title=\"bazillac7\" width=\"960\" height=\"540\" src=\"https:\/\/www.youtube.com\/embed\/Az85FWxoZ20?feature=oembed\" frameborder=\"0\" allow=\"accelerometer; autoplay; clipboard-write; encrypted-media; gyroscope; picture-in-picture; web-share\" allowfullscreen><\/iframe>\n<\/div><\/figure>\n\n\n\n<p class=\"has-text-align-center\"><\/p>\n\n\n\n<figure class=\"wp-block-embed is-type-video is-provider-youtube wp-block-embed-youtube wp-embed-aspect-16-9 wp-has-aspect-ratio\"><div class=\"wp-block-embed__wrapper\">\n<iframe loading=\"lazy\" title=\"bazillac9\" width=\"960\" height=\"540\" src=\"https:\/\/www.youtube.com\/embed\/3N8V5b5P-WQ?feature=oembed\" frameborder=\"0\" allow=\"accelerometer; autoplay; clipboard-write; encrypted-media; gyroscope; picture-in-picture; web-share\" allowfullscreen><\/iframe>\n<\/div><figcaption class=\"wp-element-caption\"><strong><em>R\u00e9paration d&rsquo;une croisi\u00e8re 9 min30 d&rsquo;arr\u00eat<\/em><\/strong><\/figcaption><\/figure>\n\n\n\n<p class=\"has-text-align-center\"><\/p>\n\n\n<div class=\"wp-block-image\">\n<figure class=\"aligncenter size-large\"><img loading=\"lazy\" decoding=\"async\" width=\"1024\" height=\"580\" src=\"https:\/\/lesarcanesdelattelage.fr\/wp-content\/uploads\/2023\/09\/DSC6580-1024x580.jpg\" alt=\"\" class=\"wp-image-251\" srcset=\"https:\/\/lesarcanesdelattelage.fr\/wp-content\/uploads\/2023\/09\/DSC6580-1024x580.jpg 1024w, https:\/\/lesarcanesdelattelage.fr\/wp-content\/uploads\/2023\/09\/DSC6580-300x170.jpg 300w, https:\/\/lesarcanesdelattelage.fr\/wp-content\/uploads\/2023\/09\/DSC6580-768x435.jpg 768w, https:\/\/lesarcanesdelattelage.fr\/wp-content\/uploads\/2023\/09\/DSC6580-1536x870.jpg 1536w, https:\/\/lesarcanesdelattelage.fr\/wp-content\/uploads\/2023\/09\/DSC6580-1140x646.jpg 1140w, https:\/\/lesarcanesdelattelage.fr\/wp-content\/uploads\/2023\/09\/DSC6580.jpg 1920w\" sizes=\"auto, (max-width: 1024px) 100vw, 1024px\" \/><figcaption class=\"wp-element-caption\"><strong>Arriv\u00e9e<\/strong><\/figcaption><\/figure>\n<\/div>\n\n\n<figure class=\"wp-block-embed is-type-video is-provider-youtube wp-block-embed-youtube wp-embed-aspect-16-9 wp-has-aspect-ratio\"><div class=\"wp-block-embed__wrapper\">\n<iframe loading=\"lazy\" title=\"bazillac10\" width=\"960\" height=\"540\" src=\"https:\/\/www.youtube.com\/embed\/09eq1vorIFQ?feature=oembed\" frameborder=\"0\" allow=\"accelerometer; autoplay; clipboard-write; encrypted-media; gyroscope; picture-in-picture; web-share\" allowfullscreen><\/iframe>\n<\/div><\/figure>\n\n\n<div class=\"wp-block-image\">\n<figure class=\"aligncenter size-full\"><img loading=\"lazy\" decoding=\"async\" width=\"800\" height=\"706\" src=\"https:\/\/lesarcanesdelattelage.fr\/wp-content\/uploads\/2023\/09\/Team-Andre.jpg\" alt=\"\" class=\"wp-image-254\" srcset=\"https:\/\/lesarcanesdelattelage.fr\/wp-content\/uploads\/2023\/09\/Team-Andre.jpg 800w, https:\/\/lesarcanesdelattelage.fr\/wp-content\/uploads\/2023\/09\/Team-Andre-300x265.jpg 300w, https:\/\/lesarcanesdelattelage.fr\/wp-content\/uploads\/2023\/09\/Team-Andre-768x678.jpg 768w\" sizes=\"auto, (max-width: 800px) 100vw, 800px\" \/><figcaption class=\"wp-element-caption\"><strong><em>Remise des prix<\/em><\/strong><\/figcaption><\/figure>\n<\/div>","protected":false},"excerpt":{"rendered":"<p>Un second gu\u00e9<\/p>\n","protected":false},"author":1,"featured_media":0,"parent":0,"menu_order":0,"comment_status":"closed","ping_status":"closed","template":"","meta":{"footnotes":""},"class_list":["post-246","page","type-page","status-publish","hentry"],"_links":{"self":[{"href":"https:\/\/lesarcanesdelattelage.fr\/index.php\/wp-json\/wp\/v2\/pages\/246","targetHints":{"allow":["GET"]}}],"collection":[{"href":"https:\/\/lesarcanesdelattelage.fr\/index.php\/wp-json\/wp\/v2\/pages"}],"about":[{"href":"https:\/\/lesarcanesdelattelage.fr\/index.php\/wp-json\/wp\/v2\/types\/page"}],"author":[{"embeddable":true,"href":"https:\/\/lesarcanesdelattelage.fr\/index.php\/wp-json\/wp\/v2\/users\/1"}],"replies":[{"embeddable":true,"href":"https:\/\/lesarcanesdelattelage.fr\/index.php\/wp-json\/wp\/v2\/comments?post=246"}],"version-history":[{"count":5,"href":"https:\/\/lesarcanesdelattelage.fr\/index.php\/wp-json\/wp\/v2\/pages\/246\/revisions"}],"predecessor-version":[{"id":262,"href":"https:\/\/lesarcanesdelattelage.fr\/index.php\/wp-json\/wp\/v2\/pages\/246\/revisions\/262"}],"wp:attachment":[{"href":"https:\/\/lesarcanesdelattelage.fr\/index.php\/wp-json\/wp\/v2\/media?parent=246"}],"curies":[{"name":"wp","href":"https:\/\/api.w.org\/{rel}","templated":true}]}}