{"id":22,"date":"2023-09-13T18:57:18","date_gmt":"2023-09-13T16:57:18","guid":{"rendered":"https:\/\/lesarcanesdelattelage.fr\/?page_id=22"},"modified":"2023-09-19T12:15:13","modified_gmt":"2023-09-19T10:15:13","slug":"championnat-de-france-en-endurance-2023","status":"publish","type":"page","link":"https:\/\/lesarcanesdelattelage.fr\/index.php\/championnat-de-france-en-endurance-2023\/","title":{"rendered":"Championnat de France en Endurance \u00e0 Cantoin ao\u00fbt 2023"},"content":{"rendered":"\n<p><\/p>\n\n\n\n<p class=\"has-text-align-center\"><strong>Cantoin en Aveyron.<\/strong><\/p>\n\n\n\n<p>Les championnats de France d\u2019endurance r\u00e9serv\u00e9s aux attelages se sont d\u00e9roul\u00e9s dans le Massif central \u00e0 Cantoin en Aveyron les 4 et 5 aout 2023. La commune de Cantoin proche de Laguiole est situ\u00e9e non loin du magnifique lac du barrage de Sarrans.<\/p>\n\n\n\n<p>Le parcours de 20 km environ, uniquement constitu\u00e9 de chemins parfaitement bien entretenus jouxte les plateaux de l\u2019Aubrac.<\/p>\n\n\n\n<div class=\"wp-block-group\"><div class=\"wp-block-group__inner-container is-layout-constrained wp-block-group-is-layout-constrained\">\n<figure class=\"wp-block-image size-large\"><img loading=\"lazy\" decoding=\"async\" width=\"1024\" height=\"768\" src=\"https:\/\/lesarcanesdelattelage.fr\/wp-content\/uploads\/2023\/09\/image1-1-1024x768.jpeg\" alt=\"\" class=\"wp-image-111\" srcset=\"https:\/\/lesarcanesdelattelage.fr\/wp-content\/uploads\/2023\/09\/image1-1-1024x768.jpeg 1024w, https:\/\/lesarcanesdelattelage.fr\/wp-content\/uploads\/2023\/09\/image1-1-300x225.jpeg 300w, https:\/\/lesarcanesdelattelage.fr\/wp-content\/uploads\/2023\/09\/image1-1-768x576.jpeg 768w, https:\/\/lesarcanesdelattelage.fr\/wp-content\/uploads\/2023\/09\/image1-1-1536x1152.jpeg 1536w, https:\/\/lesarcanesdelattelage.fr\/wp-content\/uploads\/2023\/09\/image1-1-1140x855.jpeg 1140w, https:\/\/lesarcanesdelattelage.fr\/wp-content\/uploads\/2023\/09\/image1-1.jpeg 2016w\" sizes=\"auto, (max-width: 1024px) 100vw, 1024px\" \/><\/figure>\n\n\n\n<p><\/p>\n\n\n\n<p class=\"has-text-align-center\">V\u00e9rifications avant le d\u00e9part.<\/p>\n\n\n<div class=\"wp-block-image\">\n<figure class=\"aligncenter size-large\"><img loading=\"lazy\" decoding=\"async\" width=\"1024\" height=\"768\" src=\"https:\/\/lesarcanesdelattelage.fr\/wp-content\/uploads\/2023\/09\/IMG_8336-1024x768.jpeg\" alt=\"\" class=\"wp-image-108\" srcset=\"https:\/\/lesarcanesdelattelage.fr\/wp-content\/uploads\/2023\/09\/IMG_8336-1024x768.jpeg 1024w, https:\/\/lesarcanesdelattelage.fr\/wp-content\/uploads\/2023\/09\/IMG_8336-300x225.jpeg 300w, https:\/\/lesarcanesdelattelage.fr\/wp-content\/uploads\/2023\/09\/IMG_8336-768x576.jpeg 768w, https:\/\/lesarcanesdelattelage.fr\/wp-content\/uploads\/2023\/09\/IMG_8336-1536x1152.jpeg 1536w, https:\/\/lesarcanesdelattelage.fr\/wp-content\/uploads\/2023\/09\/IMG_8336-2048x1536.jpeg 2048w, https:\/\/lesarcanesdelattelage.fr\/wp-content\/uploads\/2023\/09\/IMG_8336-1140x855.jpeg 1140w\" sizes=\"auto, (max-width: 1024px) 100vw, 1024px\" \/><\/figure>\n<\/div><\/div><\/div>\n\n\n\n<p><\/p>\n\n\n\n<p>Les conditions de la course \u00e9taient favorables aux performances des chevaux, temps couvert et frais, l\u2019altitude sur ces hauts plateaux \u00e9tant comprise entre 650 et 1000 m\u00e8tres.<\/p>\n\n\n\n<p class=\"has-text-align-center\"><strong>D\u00e9part<\/strong><\/p>\n\n\n\n<figure class=\"wp-block-embed is-type-video is-provider-youtube wp-block-embed-youtube wp-embed-aspect-16-9 wp-has-aspect-ratio\"><div class=\"wp-block-embed__wrapper\">\n<iframe loading=\"lazy\" title=\"cantoin 1\" width=\"960\" height=\"540\" src=\"https:\/\/www.youtube.com\/embed\/ZwXe8cQowW4?feature=oembed\" frameborder=\"0\" allow=\"accelerometer; autoplay; clipboard-write; encrypted-media; gyroscope; picture-in-picture; web-share\" allowfullscreen><\/iframe>\n<\/div><\/figure>\n\n\n\n<p><\/p>\n\n\n<div class=\"wp-block-image\">\n<figure class=\"aligncenter size-large\"><img loading=\"lazy\" decoding=\"async\" width=\"768\" height=\"1024\" src=\"https:\/\/lesarcanesdelattelage.fr\/wp-content\/uploads\/2023\/09\/IMG-20230810-WA0001-1-768x1024.jpg\" alt=\"\" class=\"wp-image-125\" srcset=\"https:\/\/lesarcanesdelattelage.fr\/wp-content\/uploads\/2023\/09\/IMG-20230810-WA0001-1-768x1024.jpg 768w, https:\/\/lesarcanesdelattelage.fr\/wp-content\/uploads\/2023\/09\/IMG-20230810-WA0001-1-225x300.jpg 225w, https:\/\/lesarcanesdelattelage.fr\/wp-content\/uploads\/2023\/09\/IMG-20230810-WA0001-1-1152x1536.jpg 1152w, https:\/\/lesarcanesdelattelage.fr\/wp-content\/uploads\/2023\/09\/IMG-20230810-WA0001-1-1140x1520.jpg 1140w, https:\/\/lesarcanesdelattelage.fr\/wp-content\/uploads\/2023\/09\/IMG-20230810-WA0001-1.jpg 1200w\" sizes=\"auto, (max-width: 768px) 100vw, 768px\" \/><\/figure>\n<\/div>\n\n\n<p><\/p>\n\n\n\n<p class=\"has-text-align-center\"><strong>Le parcours.<\/strong><\/p>\n\n\n\n<figure class=\"wp-block-embed is-type-video is-provider-youtube wp-block-embed-youtube wp-embed-aspect-16-9 wp-has-aspect-ratio\"><div class=\"wp-block-embed__wrapper\">\n<iframe loading=\"lazy\" title=\"cantoin 2\" width=\"960\" height=\"540\" src=\"https:\/\/www.youtube.com\/embed\/nm-4w-2gOLM?feature=oembed\" frameborder=\"0\" allow=\"accelerometer; autoplay; clipboard-write; encrypted-media; gyroscope; picture-in-picture; web-share\" allowfullscreen><\/iframe>\n<\/div><\/figure>\n\n\n\n<p><\/p>\n\n\n\n<figure class=\"wp-block-embed is-type-video is-provider-youtube wp-block-embed-youtube wp-embed-aspect-16-9 wp-has-aspect-ratio\"><div class=\"wp-block-embed__wrapper\">\n<iframe loading=\"lazy\" title=\"cantoin 7\" width=\"960\" height=\"540\" src=\"https:\/\/www.youtube.com\/embed\/EnVUci1eQ_Y?feature=oembed\" frameborder=\"0\" allow=\"accelerometer; autoplay; clipboard-write; encrypted-media; gyroscope; picture-in-picture; web-share\" allowfullscreen><\/iframe>\n<\/div><\/figure>\n\n\n\n<p><\/p>\n\n\n\n<p class=\"has-text-align-center\"><strong>L&rsquo;arriv\u00e9e.<\/strong><\/p>\n\n\n\n<figure class=\"wp-block-embed is-type-video is-provider-youtube wp-block-embed-youtube wp-embed-aspect-16-9 wp-has-aspect-ratio\"><div class=\"wp-block-embed__wrapper\">\n<iframe loading=\"lazy\" title=\"cantoin 3\" width=\"960\" height=\"540\" src=\"https:\/\/www.youtube.com\/embed\/YrVKSaZjXNM?feature=oembed\" frameborder=\"0\" allow=\"accelerometer; autoplay; clipboard-write; encrypted-media; gyroscope; picture-in-picture; web-share\" allowfullscreen><\/iframe>\n<\/div><\/figure>\n\n\n\n<figure class=\"wp-block-embed is-type-video is-provider-youtube wp-block-embed-youtube wp-embed-aspect-16-9 wp-has-aspect-ratio\"><div class=\"wp-block-embed__wrapper\">\n<iframe loading=\"lazy\" title=\"cantoin 6\" width=\"960\" height=\"540\" src=\"https:\/\/www.youtube.com\/embed\/1rnGlgN4LEU?feature=oembed\" frameborder=\"0\" allow=\"accelerometer; autoplay; clipboard-write; encrypted-media; gyroscope; picture-in-picture; web-share\" allowfullscreen><\/iframe>\n<\/div><\/figure>\n\n\n\n<p><\/p>\n\n\n\n<p class=\"has-text-align-center\"><strong>Rafra\u00eechir les chevaux \u00e0 l&rsquo;arriv\u00e9e pour faire baisser la fr\u00e9quence cardiaque.<\/strong><\/p>\n\n\n\n<figure class=\"wp-block-embed is-type-video is-provider-youtube wp-block-embed-youtube wp-embed-aspect-16-9 wp-has-aspect-ratio\"><div class=\"wp-block-embed__wrapper\">\n<iframe loading=\"lazy\" title=\"cantoin 4\" width=\"960\" height=\"540\" src=\"https:\/\/www.youtube.com\/embed\/QU_ivjvZBes?feature=oembed\" frameborder=\"0\" allow=\"accelerometer; autoplay; clipboard-write; encrypted-media; gyroscope; picture-in-picture; web-share\" allowfullscreen><\/iframe>\n<\/div><\/figure>\n\n\n\n<figure class=\"wp-block-embed is-type-video is-provider-youtube wp-block-embed-youtube wp-embed-aspect-16-9 wp-has-aspect-ratio\"><div class=\"wp-block-embed__wrapper\">\n<iframe loading=\"lazy\" title=\"cantoin 5\" width=\"960\" height=\"540\" src=\"https:\/\/www.youtube.com\/embed\/3DtnOostEZs?feature=oembed\" frameborder=\"0\" allow=\"accelerometer; autoplay; clipboard-write; encrypted-media; gyroscope; picture-in-picture; web-share\" allowfullscreen><\/iframe>\n<\/div><\/figure>\n\n\n\n<p><\/p>\n\n\n\n<p class=\"has-text-align-center\"><strong>Le contr\u00f4le v\u00e9t\u00e9rinaire.<\/strong><\/p>\n\n\n\n<figure class=\"wp-block-image size-large\"><img loading=\"lazy\" decoding=\"async\" width=\"1024\" height=\"768\" src=\"https:\/\/lesarcanesdelattelage.fr\/wp-content\/uploads\/2023\/09\/image2-1024x768.jpeg\" alt=\"\" class=\"wp-image-137\" srcset=\"https:\/\/lesarcanesdelattelage.fr\/wp-content\/uploads\/2023\/09\/image2-1024x768.jpeg 1024w, https:\/\/lesarcanesdelattelage.fr\/wp-content\/uploads\/2023\/09\/image2-300x225.jpeg 300w, https:\/\/lesarcanesdelattelage.fr\/wp-content\/uploads\/2023\/09\/image2-768x576.jpeg 768w, https:\/\/lesarcanesdelattelage.fr\/wp-content\/uploads\/2023\/09\/image2-1536x1152.jpeg 1536w, https:\/\/lesarcanesdelattelage.fr\/wp-content\/uploads\/2023\/09\/image2-1140x855.jpeg 1140w, https:\/\/lesarcanesdelattelage.fr\/wp-content\/uploads\/2023\/09\/image2.jpeg 2016w\" sizes=\"auto, (max-width: 1024px) 100vw, 1024px\" \/><\/figure>\n\n\n\n<p><\/p>\n\n\n\n<figure class=\"wp-block-image size-large\"><img loading=\"lazy\" decoding=\"async\" width=\"1024\" height=\"683\" src=\"https:\/\/lesarcanesdelattelage.fr\/wp-content\/uploads\/2023\/09\/IMG_0194-1024x683.jpg\" alt=\"\" class=\"wp-image-138\" srcset=\"https:\/\/lesarcanesdelattelage.fr\/wp-content\/uploads\/2023\/09\/IMG_0194-1024x683.jpg 1024w, https:\/\/lesarcanesdelattelage.fr\/wp-content\/uploads\/2023\/09\/IMG_0194-300x200.jpg 300w, https:\/\/lesarcanesdelattelage.fr\/wp-content\/uploads\/2023\/09\/IMG_0194-768x512.jpg 768w, https:\/\/lesarcanesdelattelage.fr\/wp-content\/uploads\/2023\/09\/IMG_0194-1536x1024.jpg 1536w, https:\/\/lesarcanesdelattelage.fr\/wp-content\/uploads\/2023\/09\/IMG_0194-2048x1365.jpg 2048w, https:\/\/lesarcanesdelattelage.fr\/wp-content\/uploads\/2023\/09\/IMG_0194-1140x760.jpg 1140w\" sizes=\"auto, (max-width: 1024px) 100vw, 1024px\" \/><\/figure>\n\n\n\n<p><\/p>\n\n\n\n<p class=\"has-text-align-center\"><strong>La remise des prix.<\/strong><\/p>\n\n\n<div class=\"wp-block-image\">\n<figure class=\"aligncenter size-full\"><img loading=\"lazy\" decoding=\"async\" width=\"923\" height=\"568\" src=\"https:\/\/lesarcanesdelattelage.fr\/wp-content\/uploads\/2023\/09\/IMG-20230810-WA0003.jpg\" alt=\"\" class=\"wp-image-139\" srcset=\"https:\/\/lesarcanesdelattelage.fr\/wp-content\/uploads\/2023\/09\/IMG-20230810-WA0003.jpg 923w, https:\/\/lesarcanesdelattelage.fr\/wp-content\/uploads\/2023\/09\/IMG-20230810-WA0003-300x185.jpg 300w, https:\/\/lesarcanesdelattelage.fr\/wp-content\/uploads\/2023\/09\/IMG-20230810-WA0003-768x473.jpg 768w\" sizes=\"auto, (max-width: 923px) 100vw, 923px\" \/><\/figure>\n<\/div>\n\n\n<p><\/p>\n\n\n\n<figure class=\"wp-block-image size-large\"><img loading=\"lazy\" decoding=\"async\" width=\"1024\" height=\"768\" src=\"https:\/\/lesarcanesdelattelage.fr\/wp-content\/uploads\/2023\/09\/P8060086-1024x768.jpg\" alt=\"\" class=\"wp-image-140\" srcset=\"https:\/\/lesarcanesdelattelage.fr\/wp-content\/uploads\/2023\/09\/P8060086-1024x768.jpg 1024w, https:\/\/lesarcanesdelattelage.fr\/wp-content\/uploads\/2023\/09\/P8060086-300x225.jpg 300w, https:\/\/lesarcanesdelattelage.fr\/wp-content\/uploads\/2023\/09\/P8060086-768x576.jpg 768w, https:\/\/lesarcanesdelattelage.fr\/wp-content\/uploads\/2023\/09\/P8060086-1536x1152.jpg 1536w, https:\/\/lesarcanesdelattelage.fr\/wp-content\/uploads\/2023\/09\/P8060086-2048x1536.jpg 2048w, https:\/\/lesarcanesdelattelage.fr\/wp-content\/uploads\/2023\/09\/P8060086-1140x855.jpg 1140w\" sizes=\"auto, (max-width: 1024px) 100vw, 1024px\" \/><\/figure>\n\n\n\n<p><\/p>\n\n\n\n<figure class=\"wp-block-image size-large\"><img loading=\"lazy\" decoding=\"async\" width=\"1024\" height=\"768\" src=\"https:\/\/lesarcanesdelattelage.fr\/wp-content\/uploads\/2023\/09\/P8060089-1-1024x768.jpg\" alt=\"\" class=\"wp-image-141\" srcset=\"https:\/\/lesarcanesdelattelage.fr\/wp-content\/uploads\/2023\/09\/P8060089-1-1024x768.jpg 1024w, https:\/\/lesarcanesdelattelage.fr\/wp-content\/uploads\/2023\/09\/P8060089-1-300x225.jpg 300w, https:\/\/lesarcanesdelattelage.fr\/wp-content\/uploads\/2023\/09\/P8060089-1-768x576.jpg 768w, https:\/\/lesarcanesdelattelage.fr\/wp-content\/uploads\/2023\/09\/P8060089-1-1536x1152.jpg 1536w, https:\/\/lesarcanesdelattelage.fr\/wp-content\/uploads\/2023\/09\/P8060089-1-2048x1536.jpg 2048w, https:\/\/lesarcanesdelattelage.fr\/wp-content\/uploads\/2023\/09\/P8060089-1-1140x855.jpg 1140w\" sizes=\"auto, (max-width: 1024px) 100vw, 1024px\" \/><\/figure>\n\n\n\n<p class=\"has-text-align-center\">Monsieur le maire de Cantoin, Cathy Gardais, Andr\u00e9 Abadia, Alain Chabot, Monsieur le Pr\u00e9sident du Comit\u00e9 R\u00e9gional Equestre.<\/p>\n\n\n\n<figure class=\"wp-block-image size-full\"><img loading=\"lazy\" decoding=\"async\" width=\"1010\" height=\"736\" src=\"https:\/\/lesarcanesdelattelage.fr\/wp-content\/uploads\/2023\/09\/la-semaine.jpg\" alt=\"\" class=\"wp-image-163\" srcset=\"https:\/\/lesarcanesdelattelage.fr\/wp-content\/uploads\/2023\/09\/la-semaine.jpg 1010w, https:\/\/lesarcanesdelattelage.fr\/wp-content\/uploads\/2023\/09\/la-semaine-300x219.jpg 300w, https:\/\/lesarcanesdelattelage.fr\/wp-content\/uploads\/2023\/09\/la-semaine-768x560.jpg 768w\" sizes=\"auto, (max-width: 1010px) 100vw, 1010px\" \/><\/figure>\n\n\n\n<p>jeudi 7 septembre 2023 journal \u00ab\u00a0La Semaine des Pyr\u00e9n\u00e9es\u00a0\u00bb<\/p>\n","protected":false},"excerpt":{"rendered":"<p>Cantoin en Aveyron. Les championnats de France d\u2019endurance r\u00e9serv\u00e9s aux attelages se sont d\u00e9roul\u00e9s dans le Massif central \u00e0 Cantoin en Aveyron les 4 et 5 aout 2023. La commune de Cantoin proche de Laguiole est situ\u00e9e non loin du magnifique lac du barrage de Sarrans. Le parcours de 20 km environ, uniquement constitu\u00e9 de chemins parfaitement bien entretenus jouxte les plateaux de l\u2019Aubrac. V\u00e9rifications avant le d\u00e9part. Les conditions de la course \u00e9taient favorables aux performances des chevaux, temps couvert et frais, l\u2019altitude sur ces hauts plateaux \u00e9tant comprise entre 650 et 1000 m\u00e8tres. D\u00e9part Le parcours. L&rsquo;arriv\u00e9e. Rafra\u00eechir les chevaux \u00e0 l&rsquo;arriv\u00e9e pour faire baisser la fr\u00e9quence cardiaque. Le contr\u00f4le v\u00e9t\u00e9rinaire. La remise des prix. Monsieur le maire de Cantoin, Cathy Gardais, Andr\u00e9 Abadia, Alain Chabot, Monsieur le Pr\u00e9sident du Comit\u00e9 R\u00e9gional Equestre. jeudi 7 septembre 2023 journal \u00ab\u00a0La Semaine des Pyr\u00e9n\u00e9es\u00a0\u00bb<\/p>\n","protected":false},"author":1,"featured_media":0,"parent":0,"menu_order":0,"comment_status":"closed","ping_status":"closed","template":"","meta":{"footnotes":""},"class_list":["post-22","page","type-page","status-publish","hentry"],"_links":{"self":[{"href":"https:\/\/lesarcanesdelattelage.fr\/index.php\/wp-json\/wp\/v2\/pages\/22","targetHints":{"allow":["GET"]}}],"collection":[{"href":"https:\/\/lesarcanesdelattelage.fr\/index.php\/wp-json\/wp\/v2\/pages"}],"about":[{"href":"https:\/\/lesarcanesdelattelage.fr\/index.php\/wp-json\/wp\/v2\/types\/page"}],"author":[{"embeddable":true,"href":"https:\/\/lesarcanesdelattelage.fr\/index.php\/wp-json\/wp\/v2\/users\/1"}],"replies":[{"embeddable":true,"href":"https:\/\/lesarcanesdelattelage.fr\/index.php\/wp-json\/wp\/v2\/comments?post=22"}],"version-history":[{"count":25,"href":"https:\/\/lesarcanesdelattelage.fr\/index.php\/wp-json\/wp\/v2\/pages\/22\/revisions"}],"predecessor-version":[{"id":181,"href":"https:\/\/lesarcanesdelattelage.fr\/index.php\/wp-json\/wp\/v2\/pages\/22\/revisions\/181"}],"wp:attachment":[{"href":"https:\/\/lesarcanesdelattelage.fr\/index.php\/wp-json\/wp\/v2\/media?parent=22"}],"curies":[{"name":"wp","href":"https:\/\/api.w.org\/{rel}","templated":true}]}}