{"id":165,"date":"2023-09-19T10:17:51","date_gmt":"2023-09-19T08:17:51","guid":{"rendered":"https:\/\/lesarcanesdelattelage.fr\/?page_id=165"},"modified":"2023-09-19T10:28:13","modified_gmt":"2023-09-19T08:28:13","slug":"equides-cup-a-betaille-le-2-avril","status":"publish","type":"page","link":"https:\/\/lesarcanesdelattelage.fr\/index.php\/equides-cup-a-betaille-le-2-avril\/","title":{"rendered":"Equid\u00e9s Cup \u00e0 B\u00e9taille avril 2023"},"content":{"rendered":"\n<p><\/p>\n\n\n\n<p>Parcours mont\u00e9 Cathy avec Vals, premi\u00e8re place :<\/p>\n\n\n\n<figure class=\"wp-block-embed is-type-video is-provider-youtube wp-block-embed-youtube wp-embed-aspect-16-9 wp-has-aspect-ratio\"><div class=\"wp-block-embed__wrapper\">\n<iframe loading=\"lazy\" title=\"EC mont\u00e9 C\" width=\"960\" height=\"540\" src=\"https:\/\/www.youtube.com\/embed\/G6Rvo7V1yE0?feature=oembed\" frameborder=\"0\" allow=\"accelerometer; autoplay; clipboard-write; encrypted-media; gyroscope; picture-in-picture; web-share\" allowfullscreen><\/iframe>\n<\/div><\/figure>\n\n\n\n<p><\/p>\n\n\n\n<p>Parcours attel\u00e9 Boy et Estelle :<\/p>\n\n\n\n<figure class=\"wp-block-embed is-type-video is-provider-youtube wp-block-embed-youtube wp-embed-aspect-16-9 wp-has-aspect-ratio\"><div class=\"wp-block-embed__wrapper\">\n<iframe loading=\"lazy\" title=\"EC attel\u00e9 B&amp;E\" width=\"960\" height=\"540\" src=\"https:\/\/www.youtube.com\/embed\/yFVQNCMfHIk?feature=oembed\" frameborder=\"0\" allow=\"accelerometer; autoplay; clipboard-write; encrypted-media; gyroscope; picture-in-picture; web-share\" allowfullscreen><\/iframe>\n<\/div><\/figure>\n","protected":false},"excerpt":{"rendered":"<p>Parcours mont\u00e9 Cathy avec Vals, premi\u00e8re place : Parcours attel\u00e9 Boy et Estelle :<\/p>\n","protected":false},"author":1,"featured_media":0,"parent":0,"menu_order":0,"comment_status":"closed","ping_status":"closed","template":"","meta":{"footnotes":""},"class_list":["post-165","page","type-page","status-publish","hentry"],"_links":{"self":[{"href":"https:\/\/lesarcanesdelattelage.fr\/index.php\/wp-json\/wp\/v2\/pages\/165","targetHints":{"allow":["GET"]}}],"collection":[{"href":"https:\/\/lesarcanesdelattelage.fr\/index.php\/wp-json\/wp\/v2\/pages"}],"about":[{"href":"https:\/\/lesarcanesdelattelage.fr\/index.php\/wp-json\/wp\/v2\/types\/page"}],"author":[{"embeddable":true,"href":"https:\/\/lesarcanesdelattelage.fr\/index.php\/wp-json\/wp\/v2\/users\/1"}],"replies":[{"embeddable":true,"href":"https:\/\/lesarcanesdelattelage.fr\/index.php\/wp-json\/wp\/v2\/comments?post=165"}],"version-history":[{"count":4,"href":"https:\/\/lesarcanesdelattelage.fr\/index.php\/wp-json\/wp\/v2\/pages\/165\/revisions"}],"predecessor-version":[{"id":173,"href":"https:\/\/lesarcanesdelattelage.fr\/index.php\/wp-json\/wp\/v2\/pages\/165\/revisions\/173"}],"wp:attachment":[{"href":"https:\/\/lesarcanesdelattelage.fr\/index.php\/wp-json\/wp\/v2\/media?parent=165"}],"curies":[{"name":"wp","href":"https:\/\/api.w.org\/{rel}","templated":true}]}}