{"id":145,"date":"2023-09-16T07:47:39","date_gmt":"2023-09-16T05:47:39","guid":{"rendered":"https:\/\/lesarcanesdelattelage.fr\/?page_id=145"},"modified":"2023-09-19T10:53:39","modified_gmt":"2023-09-19T08:53:39","slug":"endurance-a-castelsagrat","status":"publish","type":"page","link":"https:\/\/lesarcanesdelattelage.fr\/index.php\/endurance-a-castelsagrat\/","title":{"rendered":"Endurance \u00e0 Castelsagrat juillet 2023"},"content":{"rendered":"\n<p><\/p>\n\n\n\n<p class=\"has-text-align-center\"><strong>9 juillet 2023 \u00e0 Castelsagrat qualifications pour les Championnats de France.<\/strong><\/p>\n\n\n\n<figure class=\"wp-block-image size-full\"><img loading=\"lazy\" decoding=\"async\" width=\"1025\" height=\"861\" src=\"https:\/\/lesarcanesdelattelage.fr\/wp-content\/uploads\/2023\/09\/castelsagrat-carte.jpg\" alt=\"\" class=\"wp-image-146\" srcset=\"https:\/\/lesarcanesdelattelage.fr\/wp-content\/uploads\/2023\/09\/castelsagrat-carte.jpg 1025w, https:\/\/lesarcanesdelattelage.fr\/wp-content\/uploads\/2023\/09\/castelsagrat-carte-300x252.jpg 300w, https:\/\/lesarcanesdelattelage.fr\/wp-content\/uploads\/2023\/09\/castelsagrat-carte-768x645.jpg 768w\" sizes=\"auto, (max-width: 1025px) 100vw, 1025px\" \/><\/figure>\n\n\n\n<p>Un beau parcours d&rsquo;environ 20 km.<\/p>\n\n\n\n<figure class=\"wp-block-image size-full\"><img loading=\"lazy\" decoding=\"async\" width=\"742\" height=\"164\" src=\"https:\/\/lesarcanesdelattelage.fr\/wp-content\/uploads\/2023\/09\/castelsagrat-result.jpg\" alt=\"\" class=\"wp-image-147\" srcset=\"https:\/\/lesarcanesdelattelage.fr\/wp-content\/uploads\/2023\/09\/castelsagrat-result.jpg 742w, https:\/\/lesarcanesdelattelage.fr\/wp-content\/uploads\/2023\/09\/castelsagrat-result-300x66.jpg 300w\" sizes=\"auto, (max-width: 742px) 100vw, 742px\" \/><\/figure>\n\n\n\n<p><\/p>\n\n\n\n<p class=\"has-text-align-center\"><strong>La vid\u00e9o du parcours.<\/strong><\/p>\n\n\n\n<figure class=\"wp-block-embed is-type-video is-provider-youtube wp-block-embed-youtube wp-embed-aspect-16-9 wp-has-aspect-ratio\"><div class=\"wp-block-embed__wrapper\">\n<iframe loading=\"lazy\" title=\"Castelsagrat 2023\" width=\"960\" height=\"540\" src=\"https:\/\/www.youtube.com\/embed\/Vy3fDORt3Ww?feature=oembed\" frameborder=\"0\" allow=\"accelerometer; autoplay; clipboard-write; encrypted-media; gyroscope; picture-in-picture; web-share\" allowfullscreen><\/iframe>\n<\/div><figcaption class=\"wp-element-caption\">Sur l&rsquo;attelage, Alain Chabot routeur, St\u00e9phanie Poirier et Cathy Gardais \u00e9quipi\u00e8res, Andr\u00e9 Abadia aux guides.<\/figcaption><\/figure>\n","protected":false},"excerpt":{"rendered":"<p>9 juillet 2023 \u00e0 Castelsagrat qualifications pour les Championnats de France. Un beau parcours d&rsquo;environ 20 km. La vid\u00e9o du parcours.<\/p>\n","protected":false},"author":1,"featured_media":0,"parent":0,"menu_order":0,"comment_status":"closed","ping_status":"closed","template":"","meta":{"footnotes":""},"class_list":["post-145","page","type-page","status-publish","hentry"],"_links":{"self":[{"href":"https:\/\/lesarcanesdelattelage.fr\/index.php\/wp-json\/wp\/v2\/pages\/145","targetHints":{"allow":["GET"]}}],"collection":[{"href":"https:\/\/lesarcanesdelattelage.fr\/index.php\/wp-json\/wp\/v2\/pages"}],"about":[{"href":"https:\/\/lesarcanesdelattelage.fr\/index.php\/wp-json\/wp\/v2\/types\/page"}],"author":[{"embeddable":true,"href":"https:\/\/lesarcanesdelattelage.fr\/index.php\/wp-json\/wp\/v2\/users\/1"}],"replies":[{"embeddable":true,"href":"https:\/\/lesarcanesdelattelage.fr\/index.php\/wp-json\/wp\/v2\/comments?post=145"}],"version-history":[{"count":4,"href":"https:\/\/lesarcanesdelattelage.fr\/index.php\/wp-json\/wp\/v2\/pages\/145\/revisions"}],"predecessor-version":[{"id":176,"href":"https:\/\/lesarcanesdelattelage.fr\/index.php\/wp-json\/wp\/v2\/pages\/145\/revisions\/176"}],"wp:attachment":[{"href":"https:\/\/lesarcanesdelattelage.fr\/index.php\/wp-json\/wp\/v2\/media?parent=145"}],"curies":[{"name":"wp","href":"https:\/\/api.w.org\/{rel}","templated":true}]}}